{"id":80,"date":"2024-12-13T09:54:42","date_gmt":"2024-12-13T09:54:42","guid":{"rendered":"https:\/\/www.lpskola.lv\/?page_id=80"},"modified":"2024-12-14T10:50:44","modified_gmt":"2024-12-14T10:50:44","slug":"skoleniem","status":"publish","type":"page","link":"https:\/\/www.lpskola.lv\/?page_id=80","title":{"rendered":"Skol\u0113niem"},"content":{"rendered":"<h3 style=\"text-align: center;\"><a href=\"https:\/\/www.lpskola.lv\/wp-content\/uploads\/2020\/02\/kartibas_noteikumi_2019.pdf\"><strong>Iek\u0161\u0113j\u0101s k\u0101rt\u012bbas noteikumi izgl\u012btojamajiem<\/strong><\/a><\/h3>\n<p>&nbsp;<\/p>\n<p><img loading=\"lazy\" decoding=\"async\" class=\"wp-image-2331 aligncenter\" src=\"https:\/\/www.lpskola.lv\/wp-content\/uploads\/2024\/12\/vpd2024.2025.-pamatizglitiba-300x300.png\" alt=\"\" width=\"712\" height=\"712\" srcset=\"https:\/\/www.lpskola.lv\/wp-content\/uploads\/2024\/12\/vpd2024.2025.-pamatizglitiba-300x300.png 300w, https:\/\/www.lpskola.lv\/wp-content\/uploads\/2024\/12\/vpd2024.2025.-pamatizglitiba-1024x1024.png 1024w, https:\/\/www.lpskola.lv\/wp-content\/uploads\/2024\/12\/vpd2024.2025.-pamatizglitiba-150x150.png 150w, https:\/\/www.lpskola.lv\/wp-content\/uploads\/2024\/12\/vpd2024.2025.-pamatizglitiba-768x768.png 768w, https:\/\/www.lpskola.lv\/wp-content\/uploads\/2024\/12\/vpd2024.2025.-pamatizglitiba-465x465.png 465w, https:\/\/www.lpskola.lv\/wp-content\/uploads\/2024\/12\/vpd2024.2025.-pamatizglitiba-500x500.png 500w, https:\/\/www.lpskola.lv\/wp-content\/uploads\/2024\/12\/vpd2024.2025.-pamatizglitiba.png 1080w\" sizes=\"auto, (max-width: 712px) 100vw, 712px\" \/><\/p>\n","protected":false},"excerpt":{"rendered":"<p>Iek\u0161\u0113j\u0101s k\u0101rt\u012bbas noteikumi izgl\u012btojamajiem &nbsp;<span class=\"more-link\"><a href=\"https:\/\/www.lpskola.lv\/?page_id=80\">Uzzin\u0101t vair\u0101k<\/a><\/span><\/p>\n","protected":false},"author":1,"featured_media":0,"parent":0,"menu_order":0,"comment_status":"closed","ping_status":"closed","template":"","meta":{"footnotes":""},"class_list":["entry","author-admin","post-80","page","type-page","status-publish"],"_links":{"self":[{"href":"https:\/\/www.lpskola.lv\/index.php?rest_route=\/wp\/v2\/pages\/80","targetHints":{"allow":["GET"]}}],"collection":[{"href":"https:\/\/www.lpskola.lv\/index.php?rest_route=\/wp\/v2\/pages"}],"about":[{"href":"https:\/\/www.lpskola.lv\/index.php?rest_route=\/wp\/v2\/types\/page"}],"author":[{"embeddable":true,"href":"https:\/\/www.lpskola.lv\/index.php?rest_route=\/wp\/v2\/users\/1"}],"replies":[{"embeddable":true,"href":"https:\/\/www.lpskola.lv\/index.php?rest_route=%2Fwp%2Fv2%2Fcomments&post=80"}],"version-history":[{"count":5,"href":"https:\/\/www.lpskola.lv\/index.php?rest_route=\/wp\/v2\/pages\/80\/revisions"}],"predecessor-version":[{"id":2332,"href":"https:\/\/www.lpskola.lv\/index.php?rest_route=\/wp\/v2\/pages\/80\/revisions\/2332"}],"wp:attachment":[{"href":"https:\/\/www.lpskola.lv\/index.php?rest_route=%2Fwp%2Fv2%2Fmedia&parent=80"}],"curies":[{"name":"wp","href":"https:\/\/api.w.org\/{rel}","templated":true}]}}