{"id":768,"date":"2020-02-04T20:11:33","date_gmt":"2020-02-04T20:11:33","guid":{"rendered":"https:\/\/www.lpskola.lv\/?page_id=768"},"modified":"2024-12-15T18:06:39","modified_gmt":"2024-12-15T18:06:39","slug":"aktivitates","status":"publish","type":"page","link":"https:\/\/www.lpskola.lv\/?page_id=768","title":{"rendered":"Skol\u0113nu padome"},"content":{"rendered":"<p style=\"text-align: left;\"><strong>Lielv\u0101rdes pamatskolas<\/strong><\/p>\n<p style=\"text-align: left;\"><strong>SKOL\u0112NU PADOME<\/strong><\/p>\n<p style=\"text-align: left;\"><strong>2019.\/2020.m.g.<\/strong><\/p>\n<p style=\"text-align: left;\">\n<table class=\" alignleft\" style=\"height: 1242px;\" width=\"557\">\n<tbody>\n<tr>\n<td width=\"86\">\n<p style=\"text-align: center;\"><strong>Klase<\/strong><\/p>\n<\/td>\n<td style=\"text-align: left;\" width=\"470\"><strong>V\u0101rds, Uzv\u0101rds<\/strong><\/td>\n<\/tr>\n<tr>\n<td width=\"86\"><strong>5.a<\/strong><\/td>\n<td width=\"470\">Elza Poik\u0101ne<\/p>\n<p>Eva Babre<\/p>\n<p>Marks Le\u0161kevi\u010ds<\/td>\n<\/tr>\n<tr>\n<td width=\"86\"><strong>5.b<\/strong><\/td>\n<td width=\"470\">Elza Im\u0161a<\/p>\n<p>Karola Jankovska<\/td>\n<\/tr>\n<tr>\n<td width=\"86\"><strong>6.a<\/strong><\/td>\n<td width=\"470\">Linda Kalni\u0146a<\/p>\n<p>Kaspars \u0160alms<\/td>\n<\/tr>\n<tr>\n<td width=\"86\"><strong>6.b<\/strong><\/td>\n<td width=\"470\">Katr\u012bna Martinsone<\/p>\n<p>Estere Jankovska<\/p>\n<p>Olivers Vairogs<\/p>\n<p>Toms Ivanovs<\/td>\n<\/tr>\n<tr>\n<td width=\"86\"><strong>7.a<\/strong><\/td>\n<td width=\"470\">Veronika Bolozana<\/p>\n<p>Antra R\u012bba<\/p>\n<p>Otto R\u016bsi\u0146\u0161<\/p>\n<p>Samuels J\u0101nis Milo\u010dkins<\/td>\n<\/tr>\n<tr>\n<td width=\"86\"><strong>7.b<\/strong><\/td>\n<td width=\"470\">D\u0101vis Balodis<\/p>\n<p>El\u012bna Mazkalni\u0146a<\/p>\n<p>Estere Glu\u0161kova<\/td>\n<\/tr>\n<tr>\n<td width=\"86\"><strong>8.a<\/strong><\/td>\n<td width=\"470\">Eva Spandega &#8211; skol\u0113nu padomes vad\u012bt\u0101jas vietniece<\/p>\n<p>Dace Tuki\u0161a<\/p>\n<p>Rihards Harijs Bl\u0101ze<\/td>\n<\/tr>\n<tr>\n<td width=\"86\"><strong>9.a<\/strong><\/td>\n<td width=\"470\">Agnese Allena<\/p>\n<p>Elizabete Berta Dzene \u2013 skol\u0113nu padomes vad\u012bt\u0101ja<\/p>\n<p>Evel\u012bna Kalni\u0146a<\/p>\n<p>Markuss Krasti\u0146\u0161<\/td>\n<\/tr>\n<\/tbody>\n<\/table>\n<p><strong>\u00a0<\/strong><\/p>\n","protected":false},"excerpt":{"rendered":"<p>Lielv\u0101rdes pamatskolas SKOL\u0112NU PADOME 2019.\/2020.m.g. Klase V\u0101rds, Uzv\u0101rds 5.a Elza Poik\u0101ne Eva Babre Marks Le\u0161kevi\u010ds 5.b Elza Im\u0161a Karola Jankovska 6.a Linda Kalni\u0146a Kaspars \u0160alms 6.b Katr\u012bna Martinsone Estere Jankovska Olivers Vairogs Toms Ivanovs 7.a Veronika Bolozana Antra R\u012bba Otto R\u016bsi\u0146\u0161 Samuels J\u0101nis Milo\u010dkins 7.b D\u0101vis Balodis El\u012bna Mazkalni\u0146a Estere<span class=\"more-link\"><a href=\"https:\/\/www.lpskola.lv\/?page_id=768\">Uzzin\u0101t vair\u0101k<\/a><\/span><\/p>\n","protected":false},"author":4,"featured_media":0,"parent":0,"menu_order":0,"comment_status":"closed","ping_status":"closed","template":"","meta":{"footnotes":""},"class_list":["entry","author-ilze","post-768","page","type-page","status-publish"],"_links":{"self":[{"href":"https:\/\/www.lpskola.lv\/index.php?rest_route=\/wp\/v2\/pages\/768","targetHints":{"allow":["GET"]}}],"collection":[{"href":"https:\/\/www.lpskola.lv\/index.php?rest_route=\/wp\/v2\/pages"}],"about":[{"href":"https:\/\/www.lpskola.lv\/index.php?rest_route=\/wp\/v2\/types\/page"}],"author":[{"embeddable":true,"href":"https:\/\/www.lpskola.lv\/index.php?rest_route=\/wp\/v2\/users\/4"}],"replies":[{"embeddable":true,"href":"https:\/\/www.lpskola.lv\/index.php?rest_route=%2Fwp%2Fv2%2Fcomments&post=768"}],"version-history":[{"count":5,"href":"https:\/\/www.lpskola.lv\/index.php?rest_route=\/wp\/v2\/pages\/768\/revisions"}],"predecessor-version":[{"id":2470,"href":"https:\/\/www.lpskola.lv\/index.php?rest_route=\/wp\/v2\/pages\/768\/revisions\/2470"}],"wp:attachment":[{"href":"https:\/\/www.lpskola.lv\/index.php?rest_route=%2Fwp%2Fv2%2Fmedia&parent=768"}],"curies":[{"name":"wp","href":"https:\/\/api.w.org\/{rel}","templated":true}]}}