{"id":57,"date":"2026-02-16T08:39:11","date_gmt":"2026-02-16T08:39:11","guid":{"rendered":"https:\/\/www.lpskola.lv\/?page_id=57"},"modified":"2026-02-16T13:31:44","modified_gmt":"2026-02-16T13:31:44","slug":"kontakti","status":"publish","type":"page","link":"https:\/\/www.lpskola.lv\/?page_id=57","title":{"rendered":"Kontakti"},"content":{"rendered":"<p><strong>Lielv\u0101rdes pamatskola<\/strong><br \/>\nAvotu iela 2,<br \/>\nLielv\u0101rde,<br \/>\nOgres novads,<br \/>\nLV-5071<\/p>\n<p>e-pasts: <strong>liepapsk@ogresnovads.lv\u00a0<\/strong><br \/>\nT\u0101lrunis: 20293638<\/p>\n<p>Vad\u012bba:<br \/>\nSkolas direktors &#8211; Andis P\u0113tersons<br \/>\nT\u0101lrunis: 25666875<\/p>\n<p>Skolas direktora vietniece &#8211; Anda Bari\u0146a<br \/>\nSkolas direktora vietniece &#8211; Inga Blumfelde<br \/>\nPirmsskolas izgl\u012bt\u012bbas metodi\u0137e &#8211; Elvisa A\u013chimovi\u010da<br \/>\nT\u0101lrunis: 20293638<\/p>\n<p>Skolas direktora vietnieks saimnieciskajos jaut\u0101jumos &#8211; Aigars Orups<br \/>\nT\u0101lrunis: 25733164<\/p>\n","protected":false},"excerpt":{"rendered":"<p>Lielv\u0101rdes pamatskola Avotu iela 2, Lielv\u0101rde, Ogres novads, LV-5071 e-pasts: liepapsk@ogresnovads.lv\u00a0 T\u0101lrunis: 20293638 Vad\u012bba: Skolas direktors &#8211; Andis P\u0113tersons T\u0101lrunis: 25666875 Skolas direktora vietniece &#8211; Anda Bari\u0146a Skolas direktora vietniece &#8211; Inga Blumfelde Pirmsskolas izgl\u012bt\u012bbas metodi\u0137e &#8211; Elvisa A\u013chimovi\u010da T\u0101lrunis: 20293638 Skolas direktora vietnieks saimnieciskajos jaut\u0101jumos &#8211; Aigars Orups T\u0101lrunis:<span class=\"more-link\"><a href=\"https:\/\/www.lpskola.lv\/?page_id=57\">Uzzin\u0101t vair\u0101k<\/a><\/span><\/p>\n","protected":false},"author":1,"featured_media":0,"parent":0,"menu_order":0,"comment_status":"closed","ping_status":"closed","template":"","meta":{"footnotes":""},"class_list":["entry","author-admin","post-57","page","type-page","status-publish"],"_links":{"self":[{"href":"https:\/\/www.lpskola.lv\/index.php?rest_route=\/wp\/v2\/pages\/57","targetHints":{"allow":["GET"]}}],"collection":[{"href":"https:\/\/www.lpskola.lv\/index.php?rest_route=\/wp\/v2\/pages"}],"about":[{"href":"https:\/\/www.lpskola.lv\/index.php?rest_route=\/wp\/v2\/types\/page"}],"author":[{"embeddable":true,"href":"https:\/\/www.lpskola.lv\/index.php?rest_route=\/wp\/v2\/users\/1"}],"replies":[{"embeddable":true,"href":"https:\/\/www.lpskola.lv\/index.php?rest_route=%2Fwp%2Fv2%2Fcomments&post=57"}],"version-history":[{"count":10,"href":"https:\/\/www.lpskola.lv\/index.php?rest_route=\/wp\/v2\/pages\/57\/revisions"}],"predecessor-version":[{"id":3786,"href":"https:\/\/www.lpskola.lv\/index.php?rest_route=\/wp\/v2\/pages\/57\/revisions\/3786"}],"wp:attachment":[{"href":"https:\/\/www.lpskola.lv\/index.php?rest_route=%2Fwp%2Fv2%2Fmedia&parent=57"}],"curies":[{"name":"wp","href":"https:\/\/api.w.org\/{rel}","templated":true}]}}