{"id":386,"date":"2019-10-24T16:26:34","date_gmt":"2019-10-24T16:26:34","guid":{"rendered":"https:\/\/www.lpskola.lv\/?page_id=386"},"modified":"2019-10-28T17:28:16","modified_gmt":"2019-10-28T17:28:16","slug":"2018-2019-m-g-2","status":"publish","type":"page","link":"https:\/\/www.lpskola.lv\/?page_id=386","title":{"rendered":"2018.\/2019.m.g."},"content":{"rendered":"<p>Eiropas Soci\u0101l\u0101 fonda projekta Nr. 8.3.5.0\/16\/I\/001 \u201eKarjeras atbalsts visp\u0101r\u0113j\u0101s un profesion\u0101l\u0101s izgl\u012bt\u012bbas iest\u0101d\u0113s\u201d ietvaros 1. mart\u0101 Lielv\u0101rdes pamatskolas 9. a un 9. b klases skol\u0113ni dev\u0101s uz Starptautisko izgl\u012bt\u012bbas izst\u0101di ,,Skola 2019\u2019\u2019 R\u012bg\u0101.<\/p>\n<p>Pas\u0101kums tika finans\u0113ts projekta Nr. 8.3.5.0\/16\/I\/001 \u201eKarjeras atbalsts visp\u0101r\u0113j\u0101s un profesion\u0101l\u0101s izgl\u012bt\u012bbas iest\u0101d\u0113s\u201d ietvaros.<\/p>\n<p>Skol\u0113ni iepazin\u0101s\u00a0ar atz\u012bt\u0101kaj\u0101m un jaun\u0101kaj\u0101m m\u0101c\u012bbu programm\u0101m Latvij\u0101 un \u0101rvalst\u012bs, tik\u0101s\u00a0ar izgl\u012bt\u012bbas iest\u0101\u017eu p\u0101rst\u0101vjiem un sa\u0146\u0113ma atbildes uz interes\u0113jo\u0161iem jaut\u0101jumiem. K\u0101 ar\u012b\u00a0 uzzin\u0101ja\u00a0visu par studiju kred\u012btiem, v\u0113roja\u00a0prezent\u0101cijas,\u00a0 piedal\u012bj\u0101s\u00a0aktivit\u0101t\u0113s un konkursos.<\/p>\n<p>Izst\u0101d\u0113 piedal\u012bj\u0101s \u013coti daudz\u00a0 m\u0101c\u012bbu iest\u0101\u017eu un nozaru uz\u0146\u0113mumu no Latvijas, Lietuvas, Igaunijas, Krievijas, N\u012bderlandes un cit\u0101m Eiropas valst\u012bm.<br \/>\n\u201cIzst\u0101d\u0113 \u201cSkola 2019\u201d piedal\u012bj\u0101s gandr\u012bz visas Latvijas valsts un priv\u0101t\u0101s augstskolas, t\u0101d\u0113\u013c \u0161\u012b ir lieliska iesp\u0113ja topo\u0161ajiem studentiem vienkopus satikt Liep\u0101jas, Ventspils, R\u0113zeknes, Valmieras, Daugavpils un R\u012bgas augstskolu m\u0101c\u012bbsp\u0113kus, studentus un aci pret aci noskaidrot visu interes\u0113jo\u0161o.<br \/>\nIzst\u0101d\u0113 piedal\u012bj\u0101s ar\u012b koled\u017eas, tehnikumi, vidusskolas, m\u0101c\u012bbu centri un nozares uz\u0146\u0113mumi. Transporta un sakaru instit\u016bts iepaz\u012bstin\u0101ja ar jaunu bakalaura studiju programmu ,,Robotika\u2019\u2019.<\/p>\n<p>Latvijas Universit\u0101tes R\u012bgas Medic\u012bnas koled\u017eas m\u0101szin\u012bbu programmas vad\u012bt\u0101ja Linda Alondere iepaz\u012bstin\u0101ja ar m\u0101c\u012bbu iesp\u0113j\u0101m koled\u017e\u0101.<\/p>\n<p>Skol\u0113ni ir apmierin\u0101ti ar braucienu uz izst\u0101di ,,Skola 2019\u2019\u2019, ieguva inform\u0101ciju par sev interes\u0113jo\u0161\u0101m skol\u0101m p\u0113c pamatskolas beig\u0161anas.<\/p>\n<p>Paldies\u00a0 9. kla\u0161u audzin\u0101t\u0101j\u0101m un skol\u0113niem par sadarb\u012bbu!<\/p>\n<p><img loading=\"lazy\" decoding=\"async\" class=\"wp-image-492 aligncenter\" src=\"https:\/\/www.lpskola.lv\/wp-content\/uploads\/2019\/10\/20190304_085055-300x169.jpg\" alt=\"\" width=\"405\" height=\"228\" srcset=\"https:\/\/www.lpskola.lv\/wp-content\/uploads\/2019\/10\/20190304_085055-300x169.jpg 300w, https:\/\/www.lpskola.lv\/wp-content\/uploads\/2019\/10\/20190304_085055-768x432.jpg 768w, https:\/\/www.lpskola.lv\/wp-content\/uploads\/2019\/10\/20190304_085055-1024x576.jpg 1024w\" sizes=\"auto, (max-width: 405px) 100vw, 405px\" \/><\/p>\n<p><img loading=\"lazy\" decoding=\"async\" class=\"wp-image-493 aligncenter\" src=\"https:\/\/www.lpskola.lv\/wp-content\/uploads\/2019\/10\/20190304_102707-300x169.jpg\" alt=\"\" width=\"401\" height=\"226\" srcset=\"https:\/\/www.lpskola.lv\/wp-content\/uploads\/2019\/10\/20190304_102707-300x169.jpg 300w, https:\/\/www.lpskola.lv\/wp-content\/uploads\/2019\/10\/20190304_102707-768x432.jpg 768w, https:\/\/www.lpskola.lv\/wp-content\/uploads\/2019\/10\/20190304_102707-1024x576.jpg 1024w\" sizes=\"auto, (max-width: 401px) 100vw, 401px\" \/><\/p>\n<p>Eiropas Soci\u0101l\u0101 fonda projekta Nr. 8.3.5.0\/16\/I\/001 \u201eKarjeras atbalsts visp\u0101r\u0113j\u0101s un profesion\u0101l\u0101s izgl\u012bt\u012bbas iest\u0101d\u0113s\u201d ietvaros 26. febru\u0101r\u012b Lielv\u0101rdes pamatskol\u0101 9. klas\u0113m notika karjeras att\u012bst\u012bbas atbalsta pas\u0101kums ,,K\u0101 atrast savu dz\u012bves aicin\u0101jumu un pareiz\u0101k izv\u0113l\u0113ties savu n\u0101kotnes profesiju?\u2019\u2019<\/p>\n<p>Karjeras pas\u0101kums tika\u00a0 finans\u0113ts projekta Nr. 8.3.5.0\/16\/I\/001 \u201eKarjeras atbalsts visp\u0101r\u0113j\u0101s un profesion\u0101l\u0101s izgl\u012bt\u012bbas iest\u0101d\u0113s\u201d ietvaros .<\/p>\n<p>Nodarb\u012bbu vad\u012bja \u2013 biedr\u012bbas ,,Jaunie\u0161u akad\u0113mija Pacelt pasauli\u2019\u2019 projektu vad\u012bt\u0101ja Ligita Millere.<\/p>\n<p>Nodarb\u012bba tika balst\u012bta uz ang\u013cu psihologa Brajena Meina izdot\u0101s gr\u0101matas un izveidot\u0101s programmas \u201cGoal Mapping\u201d (M\u0113r\u0137u pl\u0101no\u0161anas\u201d)\u00a0 metodikas, kas paredz, ka vispirms ir j\u0101sagatavo savs pr\u0101ts \u2013 j\u0101b\u016bt atv\u0113rtam ar pozit\u012bvu skatu uz dz\u012bvi. Nodarb\u012bbas laik\u0101 tika interakt\u012bvi izrun\u0101ti piem\u0113ri, kad fokus\u0113joties un konkr\u0113tu t\u0113mu, cilv\u0113ks s\u0101k saredz\u0113t iesp\u0113jas un s\u0101k mekl\u0113t risin\u0101jumus.<\/p>\n<p>Notika diskusija un m\u0113r\u0137u pl\u0101no\u0161anas metodikas skaidro\u0161ana,\u00a0 katrs skol\u0113ns individu\u0101li str\u0101d\u0101ja pie savas m\u0113r\u0137u kartes aizpild\u012b\u0161anas. Rado\u0161\u0101s sada\u013cas laik\u0101, lektore izrun\u0101ja ar katru skol\u0113nu individu\u0101lo pl\u0101nu, pal\u012bdz\u0113ja lab\u0101k izpl\u0101not, ieteica idejas un iesp\u0113jamos risin\u0101jumus, lai m\u0113r\u0137u kart\u0113 pl\u0101notais b\u016btu objekt\u012bvi izm\u0113r\u0101ms.<\/p>\n<p>Nodarb\u012bbas laik\u0101 katrs skol\u0113ns sast\u0101d\u012bja savu m\u0113r\u0137u karti \u2013 ar detaliz\u0113tu pl\u0101nu kreisaj\u0101 kartes pus\u0113 un rado\u0161o z\u012bm\u0113jumu \u2013 v\u012bziju \u2013 labaj\u0101 kartes pus\u0113.<\/p>\n<p>M\u0113r\u0137u kartes palika pie katra skol\u0113na, t\u0101s vi\u0146i var\u0113s pa\u0161i v\u0113l\u0101k papildin\u0101t.<\/p>\n<p>Nodarb\u012bbas beig\u0101s visiem bija skaidr\u0101ks\u00a0\u00a0 pl\u0101ns, k\u0101 darboties t\u0101l\u0101k un, kam piev\u0113rst vair\u0101k uzman\u012bbu, lai sasniegtu savu n\u0101kotnes profesiju.<\/p>\n<p>Lektore skol\u0113niem deva da\u017eus nov\u0113l\u0113jumus: Dom\u0101 savas lab\u0101k\u0101s domas! Izbaudi savas lab\u0101k\u0101s saj\u016btas! Dari savus lab\u0101kos darbus! Un dz\u012bvo savu lab\u0101ko dz\u012bvi!<\/p>\n<p>Skol\u0113na atsauksme par nodarb\u012bbu: ,,Patika lektores st\u0101st\u012btais. \u013boti patika m\u0113r\u0137u kartes pild\u012b\u0161ana, daudz lab\u0101k pal\u012bdz\u0113ja izprast procesu, k\u0101 nok\u013c\u016bt l\u012bdz m\u0113r\u0137im. Paldies!\u2019\u2019<\/p>\n<p>Paldies projektu vad\u012bt\u0101jai Ligitai Millerei, un 9. kla\u0161u skol\u0113niem par sadarb\u012bbu!<\/p>\n<p><img loading=\"lazy\" decoding=\"async\" class=\"wp-image-490 aligncenter\" src=\"https:\/\/www.lpskola.lv\/wp-content\/uploads\/2019\/10\/1-1-300x169.jpg\" alt=\"\" width=\"405\" height=\"228\" srcset=\"https:\/\/www.lpskola.lv\/wp-content\/uploads\/2019\/10\/1-1-300x169.jpg 300w, https:\/\/www.lpskola.lv\/wp-content\/uploads\/2019\/10\/1-1-768x432.jpg 768w, https:\/\/www.lpskola.lv\/wp-content\/uploads\/2019\/10\/1-1-1024x576.jpg 1024w\" sizes=\"auto, (max-width: 405px) 100vw, 405px\" \/><\/p>\n<p><img loading=\"lazy\" decoding=\"async\" class=\"wp-image-491 aligncenter\" src=\"https:\/\/www.lpskola.lv\/wp-content\/uploads\/2019\/10\/2-1-300x169.jpg\" alt=\"\" width=\"407\" height=\"229\" srcset=\"https:\/\/www.lpskola.lv\/wp-content\/uploads\/2019\/10\/2-1-300x169.jpg 300w, https:\/\/www.lpskola.lv\/wp-content\/uploads\/2019\/10\/2-1-768x432.jpg 768w, https:\/\/www.lpskola.lv\/wp-content\/uploads\/2019\/10\/2-1-1024x576.jpg 1024w\" sizes=\"auto, (max-width: 407px) 100vw, 407px\" \/><\/p>\n<p>Eiropas Soci\u0101l\u0101 fonda projekta Nr. 8.3.5.0\/16\/I\/001\u00a0\u00a0\u201eKarjeras atbalsts visp\u0101r\u0113j\u0101s un profesion\u0101l\u0101s izgl\u012bt\u012bbas iest\u0101d\u0113s\u201d ietvaros 20. febru\u0101r\u012b Lielv\u0101rdes pamatskolas 7. klases skol\u0113ni dev\u0101s uz Rumbulu, kur notika karjeras att\u012bst\u012bbas atbalsta pas\u0101kums ,,Tehnika un cilv\u0113ks\u2019\u2019<\/p>\n<p>M\u0113r\u0137is \u2013 iepaz\u012bties ar profesiju daudzveid\u012bbu uz\u0146\u0113mum\u0101, noskaidrot profesiju plusus un m\u012bnusus, uzzin\u0101t par jaun\u0101ko tehnolo\u0123iju izmanto\u0161anu uz\u0146\u0113mum\u0101<strong>.<\/strong><\/p>\n<p>Karjeras pas\u0101kums tika finans\u0113ts projekta Nr. 8.3.5.0\/16\/I\/001\u201e Karjeras atbalsts visp\u0101r\u0113j\u0101s un profesion\u0101l\u0101s izgl\u012bt\u012bbas iest\u0101d\u0113s\u201d ietvaros.<\/p>\n<p>Skol\u0113ni tik\u0101s ar agronomu, in\u017eenieri, lo\u0123istikas jomas darbinieku un klientu apkalpo\u0161anas sf\u0113ras p\u0101rst\u0101vi. Skol\u0113ni uzzin\u0101ja, ka agronoms &#8211; pl\u0101no un lemj par plat\u012bb\u0101m, kur un ko s\u0113t, izv\u0113las augu m\u0113slo\u0161anai un aizsardz\u012bbai lietojamo m\u0113slojumu, p\u0113ta augu slim\u012bbas, selekcion\u0113 jaunas \u0161\u0137irnes. Lai str\u0101d\u0101tu par agronomu, j\u0101b\u016bt lielam gribassp\u0113kam, strat\u0113\u0123isk\u0101s pl\u0101no\u0161anas un vad\u012bbas prasm\u0113m.<\/p>\n<p>Skol\u0113ni saj\u016bsm\u0101 klaus\u012bj\u0101s par in\u017eeniera profesiju. Vi\u0146a uzdevums ir projekt\u0113t un b\u016bv\u0113t sare\u017e\u0123\u012btus produktus \u2013 materi\u0101lus, strukt\u016bras un sist\u0113mas. In\u017eenieris ir tas, kur\u0161 p\u0101rzina jaun\u0101kos zin\u0101tnes atkl\u0101jumus un prot tos izmantot t\u0101, lai pal\u012bdz\u0113tu cilv\u0113kiem. In\u017eenieris ir rado\u0161s, azartisks, profesion\u0101ls, anal\u012btisks, zin\u0101tk\u0101rs, inteli\u0123ents, atz\u012bts, risina probl\u0113mas, m\u012bl izaicin\u0101jumus, rada n\u0101kotni, \u012bsteno sap\u0146us. In\u017eeniera profesija apvieno tehnisk\u0101s zin\u0101\u0161anas ar rado\u0161umu, darbu ar cilv\u0113kiem un traku ideju realiz\u0113\u0161anu.<\/p>\n<p>Lo\u0123istikas jomas darbinieks iepaz\u012bstin\u0101ja ar savu profesiju. Vi\u0146\u0161 r\u016bp\u0113jas par to, lai uz\u0146\u0113mumam nepiecie\u0161am\u0101s izejvielas un rezerves da\u013cas tiktu pas\u016bt\u012btas un sag\u0101d\u0101tas nepiecie\u0161amaj\u0101 apjom\u0101 un norun\u0101taj\u0101 laik\u0101, k\u0101 ar\u012b par to, lai uz\u0146\u0113muma sara\u017eotie produkti un preces tiktu pieg\u0101d\u0101ti klientiem vajadz\u012bgaj\u0101 laik\u0101 un vajadz\u012bgaj\u0101 viet\u0101. Vi\u0146\u0161 organiz\u0113 kravu transport\u0113\u0161anas darbus, g\u0101d\u0101jot par to, lai vi\u0146a p\u0101rst\u0101v\u0113tajam uz\u0146\u0113mumam tie b\u016btu p\u0113c iesp\u0113jas finansi\u0101li izdev\u012bg\u0101ki.<\/p>\n<p>Klientu apkalpo\u0161anas speci\u0101lists iepaz\u012bstin\u0101ja ar savu profesiju. To var apg\u016bt profesion\u0101l\u0101s vid\u0113j\u0101s izgl\u012bt\u012bbas iest\u0101d\u0113s 3 &#8211; 4 gadu laik\u0101, vai m\u0101coties profesion\u0101l\u0101s pilnveides kursos. V\u0113rt\u012bga ir prasme sarun\u0101s b\u016bt diplom\u0101tiskam un viegli rast kompromisus da\u017e\u0101d\u0101s probl\u0113msitu\u0101cij\u0101s. Sp\u0113ju izkl\u0101st\u012bt un pamatot savas domas, uzklaus\u012bt citus, analiz\u0113t da\u017e\u0101dus viedok\u013cus pal\u012bdz\u0113s att\u012bst\u012bt, piem\u0113ram, dal\u012bba skolas un \u0101rpusklases aktivit\u0101t\u0113s, intere\u0161u un diskusiju grup\u0101s, skol\u0113nu pa\u0161p\u0101rvald\u0113.<\/p>\n<p>Skol\u0113niem pas\u0101kums patika, ar interesi klaus\u012bj\u0101s un uzdeva jaut\u0101jumus par profesiju plusiem un m\u012bnusiem.<\/p>\n<p>Paldies Andai Zandbergai\u00a0 un profesiju p\u0101rst\u0101vjiem par viesm\u012bl\u012bgu uz\u0146em\u0161anu!\u00a0 Paldies 7.\u00a0 klases skol\u0113niem un klases audzin\u0101t\u0101jai\u00a0 Santai Me\u017ev\u0113verei par atsauc\u012bbu!<\/p>\n<p><img loading=\"lazy\" decoding=\"async\" class=\"wp-image-483 aligncenter\" src=\"https:\/\/www.lpskola.lv\/wp-content\/uploads\/2019\/10\/IMG-20190221-WA0000-225x300.jpg\" alt=\"\" width=\"359\" height=\"479\" srcset=\"https:\/\/www.lpskola.lv\/wp-content\/uploads\/2019\/10\/IMG-20190221-WA0000-225x300.jpg 225w, https:\/\/www.lpskola.lv\/wp-content\/uploads\/2019\/10\/IMG-20190221-WA0000-768x1024.jpg 768w, https:\/\/www.lpskola.lv\/wp-content\/uploads\/2019\/10\/IMG-20190221-WA0000.jpg 1200w\" sizes=\"auto, (max-width: 359px) 100vw, 359px\" \/><\/p>\n<p><img loading=\"lazy\" decoding=\"async\" class=\"wp-image-484 aligncenter\" src=\"https:\/\/www.lpskola.lv\/wp-content\/uploads\/2019\/10\/IMG-20190221-WA0001-225x300.jpg\" alt=\"\" width=\"360\" height=\"480\" srcset=\"https:\/\/www.lpskola.lv\/wp-content\/uploads\/2019\/10\/IMG-20190221-WA0001-225x300.jpg 225w, https:\/\/www.lpskola.lv\/wp-content\/uploads\/2019\/10\/IMG-20190221-WA0001-768x1024.jpg 768w, https:\/\/www.lpskola.lv\/wp-content\/uploads\/2019\/10\/IMG-20190221-WA0001.jpg 1200w\" sizes=\"auto, (max-width: 360px) 100vw, 360px\" \/><\/p>\n<p>Eiropas Soci\u0101l\u0101 fonda projekta Nr. 8.3.5.0\/16\/I\/001 \u201eKarjeras atbalsts visp\u0101r\u0113j\u0101s un profesion\u0101l\u0101s izgl\u012bt\u012bbas iest\u0101d\u0113s\u201d ietvaros Lielv\u0101rdes pamatskol\u0101 25. janv\u0101r\u012b 4. klas\u0113m notika karjeras att\u012bst\u012bbas atbalsta pas\u0101kums ,,Iepaz\u012bsim konditora profesiju\u2019\u2019<\/p>\n<p>Karjeras pas\u0101kums tika finans\u0113ts projekta Nr. 8.3.5.0\/16\/I\/001 \u201eKarjeras atbalsts visp\u0101r\u0113j\u0101s un profesion\u0101l\u0101s izgl\u012bt\u012bbas iest\u0101d\u0113s\u201d ietvaros.<\/p>\n<p>Pas\u0101kumu vad\u012bja konditore Krist\u012bne Freimane. Vi\u0146a skol\u0113nus iepaz\u012bstin\u0101ja ar savu profesiju, ikdienas darbu. Past\u0101st\u012bja par nepiecie\u0161amaj\u0101m prasm\u0113m un zin\u0101\u0161an\u0101m saskarsm\u0113 ar klientu. Skol\u0113ni uzzin\u0101ja k\u0101 un cik ilg\u0101 laik\u0101 var iem\u0101c\u012bties cept k\u016bkas, tortes un citus konditorejas izstr\u0101d\u0101jumus. Konditore iepaz\u012bstin\u0101ja ar darba vidi, nepiecie\u0161amo fizisko sagatavot\u012bbu, oblig\u0101taj\u0101m vesel\u012bbas p\u0101rbaud\u0113m, str\u0101d\u0101jot \u0113din\u0101\u0161anas jom\u0101, k\u0101 ar\u012b darba apst\u0101k\u013ciem un iesp\u0113jamaj\u0101m darba viet\u0101m.<\/p>\n<p>Pas\u0101kuma laik\u0101 skol\u0113ni iepazin\u0101s ar konditora k\u0101 uz\u0146\u0113m\u0113ja darbu, uzzin\u0101ja k\u0101 uzs\u0101kt uz\u0146\u0113m\u0113jdarb\u012bbu.<\/p>\n<p>Praktiskas darbo\u0161an\u0101s laik\u0101 skol\u0113ni uzzin\u0101ja konditoram nepiecie\u0161am\u0101s rakstura \u012bpa\u0161\u012bbas, profesijas plusus un m\u012bnusus, pa\u0161i praktiski darboj\u0101s virtuv\u0113. Vi\u0146i cepa smil\u0161u m\u012bklas cepumus, k\u0101rtain\u0101s m\u012bklas kruas\u0101nus. Beig\u0101s visi kop\u0101 izveidoja p\u0101rsteigumu skolot\u0101jai \u2013 ezi, kuru pagatavoja no cepumiem un iebiezin\u0101t\u0101 piena.<\/p>\n<p>Paldies Krist\u012bnei Freimanei par interesanto nodarb\u012bbu! Paldies\u00a0 4. kla\u0161u skol\u0113niem un kla\u0161u audzin\u0101t\u0101j\u0101m Agnesei Lambergai un Aigai Kri\u0146\u0123elei!<br \/>\n<img loading=\"lazy\" decoding=\"async\" class=\"wp-image-479 aligncenter\" src=\"https:\/\/www.lpskola.lv\/wp-content\/uploads\/2019\/10\/20190125_100541-300x169.jpg\" alt=\"\" width=\"401\" height=\"226\" srcset=\"https:\/\/www.lpskola.lv\/wp-content\/uploads\/2019\/10\/20190125_100541-300x169.jpg 300w, https:\/\/www.lpskola.lv\/wp-content\/uploads\/2019\/10\/20190125_100541-768x432.jpg 768w, https:\/\/www.lpskola.lv\/wp-content\/uploads\/2019\/10\/20190125_100541-1024x576.jpg 1024w\" sizes=\"auto, (max-width: 401px) 100vw, 401px\" \/><\/p>\n<p><img loading=\"lazy\" decoding=\"async\" class=\"wp-image-480 aligncenter\" src=\"https:\/\/www.lpskola.lv\/wp-content\/uploads\/2019\/10\/20190125_122739-300x169.jpg\" alt=\"\" width=\"399\" height=\"225\" srcset=\"https:\/\/www.lpskola.lv\/wp-content\/uploads\/2019\/10\/20190125_122739-300x169.jpg 300w, https:\/\/www.lpskola.lv\/wp-content\/uploads\/2019\/10\/20190125_122739-768x432.jpg 768w, https:\/\/www.lpskola.lv\/wp-content\/uploads\/2019\/10\/20190125_122739-1024x576.jpg 1024w\" sizes=\"auto, (max-width: 399px) 100vw, 399px\" \/><\/p>\n<p><img loading=\"lazy\" decoding=\"async\" class=\"wp-image-481 aligncenter\" src=\"https:\/\/www.lpskola.lv\/wp-content\/uploads\/2019\/10\/20190125_122830-300x169.jpg\" alt=\"\" width=\"398\" height=\"224\" srcset=\"https:\/\/www.lpskola.lv\/wp-content\/uploads\/2019\/10\/20190125_122830-300x169.jpg 300w, https:\/\/www.lpskola.lv\/wp-content\/uploads\/2019\/10\/20190125_122830-768x432.jpg 768w, https:\/\/www.lpskola.lv\/wp-content\/uploads\/2019\/10\/20190125_122830-1024x576.jpg 1024w\" sizes=\"auto, (max-width: 398px) 100vw, 398px\" \/><\/p>\n<p>Eiropas Soci\u0101l\u0101 fonda projekta Nr. 8.3.5.0\/16\/I\/001 \u201eKarjeras atbalsts visp\u0101r\u0113j\u0101s un profesion\u0101l\u0101s izgl\u012bt\u012bbas iest\u0101d\u0113s\u201d ietvaros 23. novembr\u012b Lielv\u0101rdes pamatskol\u0101 notika karjeras att\u012bst\u012bbas atbalsta pas\u0101kums ,,K\u0101 pagatavot vesel\u012bgo na\u0161\u0137i?\u2019\u2019 Pas\u0101kumu vad\u012bja vesel\u012bga uztura speci\u0101liste Agnese Nazareca. Taj\u0101 piedal\u012bj\u0101s 1.a un 1.b klases skol\u0113ni.<\/p>\n<p>Karjeras pas\u0101kums tika finans\u0113ts projekta Nr. 8.3.5.0\/16\/I\/001 \u201eKarjeras atbalsts visp\u0101r\u0113j\u0101s un profesion\u0101l\u0101s izgl\u012bt\u012bbas iest\u0101d\u0113s\u201d ietvaros.<\/p>\n<p>Skol\u0113ni tika iepaz\u012bstin\u0101ti ar vesel\u012bga uztura speci\u0101lista profesiju, tika noskaidrotas nepiecie\u0161am\u0101s prasmes un zin\u0101\u0161anas saskarsm\u0113 ar klientu. Skol\u0113ni iepazin\u0101s ar speci\u0101lista personisko pieredzi un ce\u013cu l\u012bdz profesijai.<\/p>\n<p>Agnese Nazareca past\u0101st\u012bja, ka darbs ar cilv\u0113kiem nav viegls, j\u0101m\u0101k komunic\u0113t ar da\u017e\u0101diem klientiem ar\u012b ar kol\u0113\u0123iem, j\u0101m\u0101k uzklaus\u012bt un piel\u0101goties. Skol\u0113ni uzzin\u0101ja, ka str\u0101d\u0101jot medic\u012bnas jom\u0101 m\u016bsu valst\u012b v\u0113lams zin\u0101t vair\u0101kas valodas, to starp\u0101 ar\u012b krievu valodu.<\/p>\n<p>Uztura speci\u0101liste skol\u0113niem ieteica jau pamatskol\u0101 pamat\u012bg\u0101k apg\u016bt \u0137\u012bmiju un biolo\u0123iju, pap\u0113t\u012bt Latvijas medic\u012bnu, jaun\u0101kos p\u0113t\u012bjumus, kas saist\u012bti ar uzturu.<\/p>\n<p>Nodarb\u012bbas laik\u0101 skol\u0113ni att\u012bst\u012bja ekolo\u0123isko dom\u0101\u0161anu saist\u012bb\u0101 ar profesiju, veidoja priek\u0161statu par vesel\u012bgu uzturu. Praktiskas darbo\u0161an\u0101s laik\u0101 izgatavoja pa\u0161i savu vesel\u012bgo un ekolo\u0123isko gardumu, k\u0101 ar\u012b m\u0101c\u012bj\u0101s darboties ekonomiski.<\/p>\n<p>S\u0101kumskolas skol\u0113ni ar lielu interesi klaus\u012bj\u0101s vesel\u012bga uztura speci\u0101listes st\u0101st\u012bjum\u0101, uzdeva sev interes\u0113jo\u0161us jaut\u0101jumus. No katras klases da\u017ei skol\u0113ni apsver domu n\u0101kotn\u0113 apg\u016bt k\u0101du medic\u012bnas jomas profesiju.<\/p>\n<p>Paldies Agnesei Nazarecai par interesantaj\u0101m nodarb\u012bb\u0101m un gar\u0161\u012bgajiem na\u0161\u0137iem!<\/p>\n<p>Paldies klases audzin\u0101t\u0101j\u0101m Andrai Alksnei un Ilzei B\u0113rtulsonei par sadarb\u012bbu!<\/p>\n<p><img loading=\"lazy\" decoding=\"async\" class=\"wp-image-467 aligncenter\" src=\"https:\/\/www.lpskola.lv\/wp-content\/uploads\/2019\/10\/view-169x300.jpg\" alt=\"\" width=\"278\" height=\"493\" srcset=\"https:\/\/www.lpskola.lv\/wp-content\/uploads\/2019\/10\/view-169x300.jpg 169w, https:\/\/www.lpskola.lv\/wp-content\/uploads\/2019\/10\/view-768x1365.jpg 768w, https:\/\/www.lpskola.lv\/wp-content\/uploads\/2019\/10\/view-576x1024.jpg 576w\" sizes=\"auto, (max-width: 278px) 100vw, 278px\" \/><\/p>\n<p>Eiropas Soci\u0101l\u0101 fonda projekta Nr. 8.3.5.0\/16\/I\/001 \u201eKarjeras atbalsts visp\u0101r\u0113j\u0101s un profesion\u0101l\u0101s izgl\u012bt\u012bbas iest\u0101d\u0113s\u201d ietvaros 9. novembr\u012b Lielv\u0101rdes pamatskolas 8. klases skol\u0113ni dev\u0101s uz Getli\u0146i ECO, kur notika karjeras att\u012bst\u012bbas atbalsta pas\u0101kums ,,Profesiju daudzveid\u012bba vien\u0101 uz\u0146\u0113mum\u0101\u2019\u2019. Ce\u013ca izdevumi tika finans\u0113ti projekta Nr. 8.3.5.0\/16\/I\/001 \u201eKarjeras atbalsts visp\u0101r\u0113j\u0101s un profesion\u0101l\u0101s izgl\u012bt\u012bbas iest\u0101d\u0113s\u201d ietvaros.<\/p>\n<p>Skol\u0113ni tik\u0101s ar agronomu, energospeci\u0101listu un vides speci\u0101listu. Vi\u0146i uzzin\u0101ja, ka agronoms pl\u0101no un lemj par plat\u012bb\u0101m, kur un ko s\u0113t, izv\u0113las augu m\u0113slo\u0161anai un aizsardz\u012bbai lietojamo m\u0113slojumu, p\u0113ta augu slim\u012bbas, selekcion\u0113 jaunas \u0161\u0137irnes. Agronoms var str\u0101d\u0101t zemnieku saimniec\u012bb\u0101s, selekcijas stacij\u0101s, p\u0113tniec\u012bbas instit\u016btos.\u00a0 Vajadz\u012bga augst\u0101k\u0101 izgl\u012bt\u012bba laukkop\u012bb\u0101, to var apg\u016bt LLU. Lai str\u0101d\u0101tu par agronomu, j\u0101b\u016bt lielam gribassp\u0113kam, strat\u0113\u0123isk\u0101s pl\u0101no\u0161anas un vad\u012bbas prasm\u0113m.<\/p>\n<p>Energospeci\u0101lists skol\u0113niem past\u0101st\u012bja par savu profesiju. J\u0101p\u0101rzina elektroener\u0123ija un j\u0101m\u0101k praktiskaj\u0101 dz\u012bv\u0113 veidot efekt\u012bvus risin\u0101jumus elektroener\u0123ijas pat\u0113ri\u0146am. Darb\u0101 ir neregul\u0101rs dienas ritms, ir iesp\u0113jami p\u0113k\u0161\u0146i izsaukumi. Darba laik\u0101 daudz j\u0101kustas, j\u0101b\u016bt gatavam str\u0101d\u0101t gr\u016bti aizsniedzam\u0101s viet\u0101s. Nepiecie\u0161ama augst\u0101k\u0101 izgl\u012bt\u012bba ener\u0123\u0113tik\u0101, k\u0101 ar\u012b, lai ieg\u016btu labu darba vietu, ir j\u0101b\u016bt darba pieredzei. Jau skolas laik\u0101 \u012bpa\u0161a uzman\u012bba j\u0101piev\u0113r\u0161 fizikai, matem\u0101tikai, latvie\u0161u valodai, sve\u0161valodai.<\/p>\n<p>Vides speci\u0101lists skol\u0113nus iepaz\u012bstin\u0101ja ar savu profesiju. Vides\u00a0 speci\u0101lists nodro\u0161ina iesp\u0113jas lietder\u012bg\u0101k izmantot vides resursus un samazin\u0101t pies\u0101r\u0146ojumu, kas rodas da\u017e\u0101du procesu rezult\u0101t\u0101. Str\u0101d\u0101 gan biroja telp\u0101s, gan uz lauka, iesp\u0113jama saskare ar patog\u0113niem mikroorganismiem, pat b\u012bstamiem atkritumiem. Nepiecie\u0161ama augst\u0101k\u0101 izgl\u012bt\u012bba vides zin\u0101tn\u0113.<\/p>\n<p>Paldies Andai Zandbergai par viesm\u012bl\u012bgo uz\u0146em\u0161anu! Paldies 8. klases audzin\u0101t\u0101jai Ingai Blumfeldei!<\/p>\n<p><img loading=\"lazy\" decoding=\"async\" class=\"wp-image-470 aligncenter\" src=\"https:\/\/www.lpskola.lv\/wp-content\/uploads\/2019\/10\/IMG-20181109-WA0003-300x169.jpg\" alt=\"\" width=\"405\" height=\"228\" srcset=\"https:\/\/www.lpskola.lv\/wp-content\/uploads\/2019\/10\/IMG-20181109-WA0003-300x169.jpg 300w, https:\/\/www.lpskola.lv\/wp-content\/uploads\/2019\/10\/IMG-20181109-WA0003-768x432.jpg 768w, https:\/\/www.lpskola.lv\/wp-content\/uploads\/2019\/10\/IMG-20181109-WA0003-1024x576.jpg 1024w, https:\/\/www.lpskola.lv\/wp-content\/uploads\/2019\/10\/IMG-20181109-WA0003.jpg 1600w\" sizes=\"auto, (max-width: 405px) 100vw, 405px\" \/><\/p>\n<p><img loading=\"lazy\" decoding=\"async\" class=\"wp-image-471 aligncenter\" src=\"https:\/\/www.lpskola.lv\/wp-content\/uploads\/2019\/10\/IMG-20181109-WA0006-300x169.jpg\" alt=\"\" width=\"405\" height=\"228\" srcset=\"https:\/\/www.lpskola.lv\/wp-content\/uploads\/2019\/10\/IMG-20181109-WA0006-300x169.jpg 300w, https:\/\/www.lpskola.lv\/wp-content\/uploads\/2019\/10\/IMG-20181109-WA0006-768x432.jpg 768w, https:\/\/www.lpskola.lv\/wp-content\/uploads\/2019\/10\/IMG-20181109-WA0006-1024x576.jpg 1024w, https:\/\/www.lpskola.lv\/wp-content\/uploads\/2019\/10\/IMG-20181109-WA0006.jpg 1600w\" sizes=\"auto, (max-width: 405px) 100vw, 405px\" \/><\/p>\n<p><img loading=\"lazy\" decoding=\"async\" class=\"wp-image-472 aligncenter\" src=\"https:\/\/www.lpskola.lv\/wp-content\/uploads\/2019\/10\/IMG-20181109-WA0007-300x169.jpg\" alt=\"\" width=\"405\" height=\"228\" srcset=\"https:\/\/www.lpskola.lv\/wp-content\/uploads\/2019\/10\/IMG-20181109-WA0007-300x169.jpg 300w, https:\/\/www.lpskola.lv\/wp-content\/uploads\/2019\/10\/IMG-20181109-WA0007-768x432.jpg 768w, https:\/\/www.lpskola.lv\/wp-content\/uploads\/2019\/10\/IMG-20181109-WA0007-1024x576.jpg 1024w, https:\/\/www.lpskola.lv\/wp-content\/uploads\/2019\/10\/IMG-20181109-WA0007.jpg 1600w\" sizes=\"auto, (max-width: 405px) 100vw, 405px\" \/><\/p>\n<p style=\"text-align: right;\"><em>Pas\u0101kumu izv\u0113rt\u0113ja Lielv\u0101rdes pamatskolas pedagogs karjeras konsultants Inta Lipi\u0146a<\/em><\/p>\n","protected":false},"excerpt":{"rendered":"<p>Eiropas Soci\u0101l\u0101 fonda projekta Nr. 8.3.5.0\/16\/I\/001 \u201eKarjeras atbalsts visp\u0101r\u0113j\u0101s un profesion\u0101l\u0101s izgl\u012bt\u012bbas iest\u0101d\u0113s\u201d ietvaros 1. mart\u0101 Lielv\u0101rdes pamatskolas 9. a un 9. b klases skol\u0113ni dev\u0101s uz Starptautisko izgl\u012bt\u012bbas izst\u0101di ,,Skola 2019\u2019\u2019 R\u012bg\u0101. Pas\u0101kums tika finans\u0113ts projekta Nr. 8.3.5.0\/16\/I\/001 \u201eKarjeras atbalsts visp\u0101r\u0113j\u0101s un profesion\u0101l\u0101s izgl\u012bt\u012bbas iest\u0101d\u0113s\u201d ietvaros. Skol\u0113ni iepazin\u0101s\u00a0ar atz\u012bt\u0101kaj\u0101m<span class=\"more-link\"><a href=\"https:\/\/www.lpskola.lv\/?page_id=386\">Uzzin\u0101t vair\u0101k<\/a><\/span><\/p>\n","protected":false},"author":4,"featured_media":0,"parent":0,"menu_order":0,"comment_status":"closed","ping_status":"closed","template":"","meta":{"footnotes":""},"class_list":["entry","author-ilze","post-386","page","type-page","status-publish"],"_links":{"self":[{"href":"https:\/\/www.lpskola.lv\/index.php?rest_route=\/wp\/v2\/pages\/386","targetHints":{"allow":["GET"]}}],"collection":[{"href":"https:\/\/www.lpskola.lv\/index.php?rest_route=\/wp\/v2\/pages"}],"about":[{"href":"https:\/\/www.lpskola.lv\/index.php?rest_route=\/wp\/v2\/types\/page"}],"author":[{"embeddable":true,"href":"https:\/\/www.lpskola.lv\/index.php?rest_route=\/wp\/v2\/users\/4"}],"replies":[{"embeddable":true,"href":"https:\/\/www.lpskola.lv\/index.php?rest_route=%2Fwp%2Fv2%2Fcomments&post=386"}],"version-history":[{"count":6,"href":"https:\/\/www.lpskola.lv\/index.php?rest_route=\/wp\/v2\/pages\/386\/revisions"}],"predecessor-version":[{"id":494,"href":"https:\/\/www.lpskola.lv\/index.php?rest_route=\/wp\/v2\/pages\/386\/revisions\/494"}],"wp:attachment":[{"href":"https:\/\/www.lpskola.lv\/index.php?rest_route=%2Fwp%2Fv2%2Fmedia&parent=386"}],"curies":[{"name":"wp","href":"https:\/\/api.w.org\/{rel}","templated":true}]}}