{"id":385,"date":"2019-10-24T16:26:34","date_gmt":"2019-10-24T16:26:34","guid":{"rendered":"https:\/\/www.lpskola.lv\/?page_id=385"},"modified":"2019-10-26T14:13:07","modified_gmt":"2019-10-26T14:13:07","slug":"2017-2018-m-g","status":"publish","type":"page","link":"https:\/\/www.lpskola.lv\/?page_id=385","title":{"rendered":"2017.\/2018.m.g."},"content":{"rendered":"<p>Eiropas Soci\u0101l\u0101 fonda projekta Nr. 8.3.5.0\/16\/I\/001 \u201eKarjeras atbalsts visp\u0101r\u0113j\u0101s un profesion\u0101l\u0101s izgl\u012bt\u012bbas iest\u0101d\u0113s\u201d ietvaros20 decembr\u012b Lielv\u0101rdes pamatskolas 3. klases skol\u0113ni dev\u0101s uz kafejn\u012bcu ,,Panna\u2019\u2019, kur notika karjeras att\u012bst\u012bbas atbalsta pas\u0101kums ,,Iepaz\u012bsim pav\u0101ra profesiju\u2019\u2019.<\/p>\n<p>Pas\u0101kums tika finans\u0113ts projekta Nr. 8.3.5.0\/16\/I\/001 \u201eKarjeras atbalsts visp\u0101r\u0113j\u0101s un profesion\u0101l\u0101s izgl\u012bt\u012bbas iest\u0101d\u0113s\u201d.<\/p>\n<p>Skol\u0113ni apmekl\u0113ja \u0113din\u0101\u0161anas uz\u0146\u0113mumu un v\u0113roja pav\u0101ra darbu. Skol\u0113ni uzzin\u0101ja, ka \u0161im uz\u0146\u0113mumam jau ir 10 gadi. Kafejn\u012bc\u0101 str\u0101d\u0101 14 darbinieki, vien\u0101 mai\u0146\u0101 \u2013 7 cilv\u0113ki. Vid\u0113ji dien\u0101 darbinieki apkalpo 250 cilv\u0113kus. Skol\u0113ni noskaidroja, ka pav\u0101ram ir smags darbs str\u0101d\u0101jot virtuv\u0113, karstum\u0101, st\u0101vot k\u0101j\u0101s, ka j\u0101b\u016bt \u0101tram darba tempam, ir j\u0101p\u0101rvieto smagumi- katli un papl\u0101tes ar \u0113dieniem un sagatav\u0113m.<\/p>\n<p>Tika noskaidrots, ka pav\u0101ri var str\u0101d\u0101t lielveikalos, b\u0101ros, skol\u0101s, slimn\u012bc\u0101s un cit\u0101s iest\u0101d\u0113s, k\u0101 ar\u012b pild\u012bt individu\u0101lus pas\u016bt\u012bjumus.<\/p>\n<p>Pav\u0101re izst\u0101st\u012bja par izgl\u012bt\u012bbas iesp\u0113j\u0101m, ka var m\u0101c\u012bties arodizgl\u012bt\u012bbas programmu p\u0113c 9. un 12. klases. Profesiju iesp\u0113jams apg\u016bt ar\u012b kvalifik\u0101cijas kursos. Ta\u010du lab\u0101kais risin\u0101jums ir apg\u016bt p\u0101rtikas tehnologa profesiju LLU, tad cilv\u0113ks ieg\u016bst liel\u0101kas darba iesp\u0113jas visda\u017e\u0101d\u0101kajos uz\u0146\u0113mumos.<\/p>\n<p>Praktiskas darbo\u0161an\u0101s laik\u0101 skol\u0113ni pa\u0161i piedal\u012bj\u0101s \u0113diena tap\u0161anas proces\u0101, vi\u0146i pav\u0101res vad\u012bb\u0101 gatavoja kartupe\u013cu lazanju. Lai \u0113diens b\u016btu gar\u0161\u012bgs, tas j\u0101gatavo ar m\u012blest\u012bbu. \u013boti \u010dakli str\u0101d\u0101ja z\u0113ni, vi\u0146i grieza gan kartupe\u013cus, gan d\u0101rze\u0146us, gan gatavoja m\u0113rci. Z\u0113nus interes\u0113ja ar\u012b, ko dara citi pav\u0101ra pal\u012bgi. Protams, visi nogar\u0161oja savu gatavoto lazanju.<\/p>\n<p>Paldies \u0113din\u0101\u0161anas uz\u0146\u0113muma kolekt\u012bvam par viesm\u012bl\u012bgo uz\u0146em\u0161anu! Paldies 3.klases audzin\u0101t\u0101jai Andrai Spar\u0101nei! Liels paldies skol\u0113nu vec\u0101kiem par sadarb\u012bbu!<\/p>\n<p><img loading=\"lazy\" decoding=\"async\" class=\"wp-image-465 aligncenter\" src=\"https:\/\/www.lpskola.lv\/wp-content\/uploads\/2019\/10\/20181220_092919-300x169.jpg\" alt=\"\" width=\"403\" height=\"227\" srcset=\"https:\/\/www.lpskola.lv\/wp-content\/uploads\/2019\/10\/20181220_092919-300x169.jpg 300w, https:\/\/www.lpskola.lv\/wp-content\/uploads\/2019\/10\/20181220_092919-768x432.jpg 768w, https:\/\/www.lpskola.lv\/wp-content\/uploads\/2019\/10\/20181220_092919-1024x576.jpg 1024w\" sizes=\"auto, (max-width: 403px) 100vw, 403px\" \/><\/p>\n<p><img loading=\"lazy\" decoding=\"async\" class=\"wp-image-466 aligncenter\" src=\"https:\/\/www.lpskola.lv\/wp-content\/uploads\/2019\/10\/20181220_100507-300x169.jpg\" alt=\"\" width=\"401\" height=\"226\" srcset=\"https:\/\/www.lpskola.lv\/wp-content\/uploads\/2019\/10\/20181220_100507-300x169.jpg 300w, https:\/\/www.lpskola.lv\/wp-content\/uploads\/2019\/10\/20181220_100507-768x432.jpg 768w, https:\/\/www.lpskola.lv\/wp-content\/uploads\/2019\/10\/20181220_100507-1024x576.jpg 1024w\" sizes=\"auto, (max-width: 401px) 100vw, 401px\" \/><\/p>\n<p>Eiropas Soci\u0101l\u0101 fonda projekta Nr. 8.3.5.0\/16\/I\/001 \u201eKarjeras atbalsts visp\u0101r\u0113j\u0101s un profesion\u0101l\u0101s izgl\u012bt\u012bbas iest\u0101d\u0113s\u201d ietvaros 16. maij\u0101 Lielv\u0101rdes pamatskolas 3.a un 3. b klases skol\u0113ni apmekl\u0113ja SIA ,,Saldus maiznieks\u2019\u2019 un SIA Meduspils, kur notika karjeras att\u012bst\u012bbas atbalsta pas\u0101kums ,,Iepaz\u012bsti p\u0101rtikas produktu ra\u017eo\u0161anas nozari\u2019\u2019<\/p>\n<p>Karjeras pas\u0101kums tika finans\u0113ts projekta Nr. 8.3.5.0\/16\/I\/001 \u201eKarjeras atbalsts visp\u0101r\u0113j\u0101s un profesion\u0101l\u0101s izgl\u012bt\u012bbas iest\u0101d\u0113s\u201d ietvaros.<\/p>\n<p>Skol\u0113ni iepazin\u0101s ar profesij\u0101m, kuras str\u0101d\u0101 SIA ,,Saldus maiznieks\u2019\u2019. Viena no profesij\u0101m \u2013 maiznieks, kur\u0161 nodro\u0161ina maizes izstr\u0101d\u0101jumu ra\u017eo\u0161anas tehnolo\u0123isko procesu, sagatavo izejvielas darbam, atjauno rudzu ieraugus un m\u012bklu, veic ra\u017eo\u0161anas dokument\u0101cijas uzskaiti un izstr\u0101d\u0101jumu kalkul\u0101ciju; noform\u0113 izejvielu pie\u0146em\u0161anas un gatav\u0101s produkcijas realiz\u0101cijas dokumentus.<\/p>\n<p>Ceptuv\u0113 skol\u0113niem bija iesp\u0113ja redz\u0113t, k\u0101 str\u0101d\u0101 maiznieks, pa\u0161iem izveidot un izcept savu maizes kukul\u012bti.<\/p>\n<p>Savuk\u0101rt, SIA Meduspils \u012bpa\u0161nieks J\u0101nis Vainovskis past\u0101st\u012bja par savu profesiju. \u00a0Vi\u0146\u0161 ir bi\u0161kopis jeb dravnieks ,kur\u0161 r\u016bp\u0113jas par bi\u0161u saim\u0113m, nodro\u0161ina t\u0101m bar\u012bbu un iev\u0101c bi\u0161u produktus, darb\u0101 lieto stropa rati\u0146us vai automa\u0161\u012bnu bi\u0161u stropu p\u0101rvieto\u0161anai, kalti\u0146u r\u0101m\u012b\u0161u un stropu t\u012br\u012b\u0161anai, d\u016bmkannu, aizsargt\u0113rpu ar speci\u0101lu t\u012bkli\u0146cepuri, medus spiedi un vaska kaus\u0113jamo katlu.<\/p>\n<p>Bi\u0161kopja izgl\u012bt\u012bbu var ieg\u016bt profesion\u0101l\u0101s vid\u0113j\u0101s izgl\u012bt\u012bbas iest\u0101d\u0113s. M\u0101c\u012bbu ilgums \u2013 4 gadi. Lai str\u0101d\u0101tu par bi\u0161kopi, v\u0113lama praktiska pieredze bi\u0161u kop\u0161an\u0101; to var ieg\u016bt, str\u0101d\u0101jot praks\u0113 pie pieredz\u0113ju\u0161a bi\u0161kopja.<\/p>\n<p>Ja v\u0113las k\u013c\u016bt par bi\u0161kopi, j\u0101m\u0101c\u0101s at\u0161\u0137irt ziedaugus, izprast dabas ritmus. Bi\u0161kopim j\u0101sp\u0113j saglab\u0101t mieru jebkur\u0101 situ\u0101cij\u0101, jo bites j\u016bt satraukumu un m\u0113dz rea\u0123\u0113t agres\u012bvi.<\/p>\n<p>Skol\u0113ni iet\u0113rp\u0101s speci\u0101los aizsargt\u0113rpos un g\u0101ja pie bit\u0113m. Tur vi\u0146i pa\u0161i izm\u0113\u0123in\u0101ja, k\u0101 bites r\u0101po pa seju, tur\u0113ja rok\u0101s medus r\u0101m\u012bti ar bit\u0113m, nodegust\u0113ja da\u017e\u0101dus bi\u0161u produktus.<\/p>\n<p>Paldies Krist\u012bnei Kri\u0146\u0123elei par interesanto st\u0101st\u012bjumu un meistarklasi maizn\u012bc\u0101! Paldies biteniekam J\u0101nim Vainovskim par izgl\u012btojo\u0161o nodarb\u012bbu pie bit\u0113m!<\/p>\n<p>Paldies klases audzin\u0101t\u0101j\u0101m Andai Bari\u0146ai un Aigai Kri\u0146\u0123elei!<\/p>\n<p><img loading=\"lazy\" decoding=\"async\" class=\"wp-image-461 aligncenter\" src=\"https:\/\/www.lpskola.lv\/wp-content\/uploads\/2019\/10\/IMG-20180520-WA00001-300x225.jpg\" alt=\"\" width=\"399\" height=\"299\" srcset=\"https:\/\/www.lpskola.lv\/wp-content\/uploads\/2019\/10\/IMG-20180520-WA00001-300x225.jpg 300w, https:\/\/www.lpskola.lv\/wp-content\/uploads\/2019\/10\/IMG-20180520-WA00001-768x576.jpg 768w, https:\/\/www.lpskola.lv\/wp-content\/uploads\/2019\/10\/IMG-20180520-WA00001-1024x768.jpg 1024w, https:\/\/www.lpskola.lv\/wp-content\/uploads\/2019\/10\/IMG-20180520-WA00001.jpg 1600w\" sizes=\"auto, (max-width: 399px) 100vw, 399px\" \/><\/p>\n<p><img loading=\"lazy\" decoding=\"async\" class=\" wp-image-462 aligncenter\" src=\"https:\/\/www.lpskola.lv\/wp-content\/uploads\/2019\/10\/IMG-20180520-WA00021-225x300.jpg\" alt=\"\" width=\"309\" height=\"412\" srcset=\"https:\/\/www.lpskola.lv\/wp-content\/uploads\/2019\/10\/IMG-20180520-WA00021-225x300.jpg 225w, https:\/\/www.lpskola.lv\/wp-content\/uploads\/2019\/10\/IMG-20180520-WA00021-768x1024.jpg 768w, https:\/\/www.lpskola.lv\/wp-content\/uploads\/2019\/10\/IMG-20180520-WA00021.jpg 1200w\" sizes=\"auto, (max-width: 309px) 100vw, 309px\" \/><\/p>\n<p><img loading=\"lazy\" decoding=\"async\" class=\" wp-image-463 aligncenter\" src=\"https:\/\/www.lpskola.lv\/wp-content\/uploads\/2019\/10\/IMG-20180520-WA00031-225x300.jpg\" alt=\"\" width=\"310\" height=\"413\" srcset=\"https:\/\/www.lpskola.lv\/wp-content\/uploads\/2019\/10\/IMG-20180520-WA00031-225x300.jpg 225w, https:\/\/www.lpskola.lv\/wp-content\/uploads\/2019\/10\/IMG-20180520-WA00031-768x1024.jpg 768w, https:\/\/www.lpskola.lv\/wp-content\/uploads\/2019\/10\/IMG-20180520-WA00031.jpg 1200w\" sizes=\"auto, (max-width: 310px) 100vw, 310px\" \/><\/p>\n<p><img loading=\"lazy\" decoding=\"async\" class=\" wp-image-464 aligncenter\" src=\"https:\/\/www.lpskola.lv\/wp-content\/uploads\/2019\/10\/IMG-20180520-WA00071-225x300.jpg\" alt=\"\" width=\"306\" height=\"408\" srcset=\"https:\/\/www.lpskola.lv\/wp-content\/uploads\/2019\/10\/IMG-20180520-WA00071-225x300.jpg 225w, https:\/\/www.lpskola.lv\/wp-content\/uploads\/2019\/10\/IMG-20180520-WA00071-768x1024.jpg 768w, https:\/\/www.lpskola.lv\/wp-content\/uploads\/2019\/10\/IMG-20180520-WA00071.jpg 1200w\" sizes=\"auto, (max-width: 306px) 100vw, 306px\" \/><\/p>\n<p>Eiropas Soci\u0101l\u0101 fonda projekta Nr. 8.3.5.0\/16\/I\/001 \u201eKarjeras atbalsts visp\u0101r\u0113j\u0101s un profesion\u0101l\u0101s izgl\u012bt\u012bbas iest\u0101d\u0113s\u201d ietvaros 21. maij\u0101 Lielv\u0101rdes pamatskol\u0101 1.,2.,3a un 3.b klasei notika karjeras att\u012bst\u012bbas atbalsta pas\u0101kums ,,Izpratnes veido\u0161ana par profesijas izv\u0113li\u2019\u2019. Nodarb\u012bbas vad\u012bja karjeras konsultants, person\u012bg\u0101s izaugsmes trenere Jolanta Priede.<\/p>\n<p>Karjeras pas\u0101kums tika finans\u0113ts projekta Nr. 8.3.5.0\/16\/I\/001 \u201eKarjeras atbalsts visp\u0101r\u0113j\u0101s un profesion\u0101l\u0101s izgl\u012bt\u012bbas iest\u0101d\u0113s\u201d ietvaros.<\/p>\n<p>Katrs skol\u0113ns piedal\u012bj\u0101s da\u017e\u0101du profesiju \u0123ener\u0113\u0161an\u0101, balstoties uz att\u0113liem, kuros att\u0113lots anim\u0101cijas filmas varonis, darbinot savu asociat\u012bvo dom\u0101\u0161anu. Visas uzskait\u012bt\u0101s profesijas tika piefiks\u0113tas t\u0101l\u0101kai apstr\u0101dei. Uz\u0123ener\u0113to profesiju daudzums bija atkar\u012bgs tikai un vien\u012bgi no skol\u0113niem.<\/p>\n<p>Katrs skol\u0113ns iesaist\u012bj\u0101s anim\u0101cijas filmas varo\u0146a sp\u0113ju, prasmju, zin\u0101\u0161anu un rakstura uzskait\u012bjuma un apraksta veido\u0161an\u0101.<\/p>\n<p>Visi kop\u0101 veica anal\u012bzi, sal\u012bdzinot ieg\u016bt\u0101s sp\u0113jas, prasmes, zin\u0101\u0161anas ar uz\u0123ener\u0113taj\u0101m profesij\u0101m un to piem\u0113rot\u012bbu.<\/p>\n<p>Skol\u0113ni kop\u012bgi vienoj\u0101s par profesij\u0101m, kas nav piem\u0113rotas, lai pa vienam att\u0113lus \u0146emtu nost. Ja nesp\u0113ja vienoties, notika balso\u0161ana.<\/p>\n<p>Rezult\u0101t\u0101 tiks atst\u0101ti 2 att\u0113li, kuros ir iek\u013cautas profesijas, kas ir vispiem\u0113rot\u0101k\u0101s t\u0113lam.<\/p>\n<p>Notika diskusija par to, k\u0101p\u0113c visp\u0101r nepiecie\u0161ams str\u0101d\u0101t, kur un k\u0101 t\u0113ls t\u0113r\u0113s nopeln\u012bto naudu.<\/p>\n<p>Notika padzi\u013cin\u0101ta anal\u012bze par atst\u0101to profesiju plusiem un m\u012bnusiem.<\/p>\n<p>Skol\u0113ni balsoja par to profesiju, kuru uzskata vispiem\u0113rot\u0101ko t\u0113lam.<\/p>\n<p>Tika skaidrots par l\u0113muma pie\u0146em\u0161anas procesu un to, ka j\u0101pie\u0146em l\u0113mums ir pa\u0161iem, nevis j\u0101\u013cauj to izdar\u012bt citiem sav\u0101 viet\u0101.<\/p>\n<p>Katrs skol\u0113ns sniedza atgriezenisko saiti, atbildot uz jaut\u0101jumu: ,,Ko es sapratu no \u0161\u012bs nodarb\u012bbas?\u2019\u2019<\/p>\n<p>Paldies karjeras konsultantei Jolantai Priedei par interesantaj\u0101m nodarb\u012bb\u0101m!<\/p>\n<p>Paldies klases audzin\u0101t\u0101j\u0101m par sadarb\u012bbu!<\/p>\n<p><img loading=\"lazy\" decoding=\"async\" class=\"wp-image-459 aligncenter\" src=\"https:\/\/www.lpskola.lv\/wp-content\/uploads\/2019\/10\/20180521_1206161-300x169.jpg\" alt=\"\" width=\"399\" height=\"225\" srcset=\"https:\/\/www.lpskola.lv\/wp-content\/uploads\/2019\/10\/20180521_1206161-300x169.jpg 300w, https:\/\/www.lpskola.lv\/wp-content\/uploads\/2019\/10\/20180521_1206161-768x432.jpg 768w, https:\/\/www.lpskola.lv\/wp-content\/uploads\/2019\/10\/20180521_1206161-1024x576.jpg 1024w\" sizes=\"auto, (max-width: 399px) 100vw, 399px\" \/><\/p>\n<p style=\"text-align: right;\"><em>Pas\u0101kumus izv\u0113rt\u0113ja un inform\u0101ciju\u00a0sagatavoja Lielv\u0101rdes pamatskolas pedagogs karjeras konsultants Inta Lipi\u0146a.<\/em><\/p>\n","protected":false},"excerpt":{"rendered":"<p>Eiropas Soci\u0101l\u0101 fonda projekta Nr. 8.3.5.0\/16\/I\/001 \u201eKarjeras atbalsts visp\u0101r\u0113j\u0101s un profesion\u0101l\u0101s izgl\u012bt\u012bbas iest\u0101d\u0113s\u201d ietvaros20 decembr\u012b Lielv\u0101rdes pamatskolas 3. klases skol\u0113ni dev\u0101s uz kafejn\u012bcu ,,Panna\u2019\u2019, kur notika karjeras att\u012bst\u012bbas atbalsta pas\u0101kums ,,Iepaz\u012bsim pav\u0101ra profesiju\u2019\u2019. Pas\u0101kums tika finans\u0113ts projekta Nr. 8.3.5.0\/16\/I\/001 \u201eKarjeras atbalsts visp\u0101r\u0113j\u0101s un profesion\u0101l\u0101s izgl\u012bt\u012bbas iest\u0101d\u0113s\u201d. Skol\u0113ni apmekl\u0113ja \u0113din\u0101\u0161anas uz\u0146\u0113mumu<span class=\"more-link\"><a href=\"https:\/\/www.lpskola.lv\/?page_id=385\">Uzzin\u0101t vair\u0101k<\/a><\/span><\/p>\n","protected":false},"author":4,"featured_media":0,"parent":0,"menu_order":0,"comment_status":"closed","ping_status":"closed","template":"","meta":{"footnotes":""},"class_list":["entry","author-ilze","post-385","page","type-page","status-publish"],"_links":{"self":[{"href":"https:\/\/www.lpskola.lv\/index.php?rest_route=\/wp\/v2\/pages\/385","targetHints":{"allow":["GET"]}}],"collection":[{"href":"https:\/\/www.lpskola.lv\/index.php?rest_route=\/wp\/v2\/pages"}],"about":[{"href":"https:\/\/www.lpskola.lv\/index.php?rest_route=\/wp\/v2\/types\/page"}],"author":[{"embeddable":true,"href":"https:\/\/www.lpskola.lv\/index.php?rest_route=\/wp\/v2\/users\/4"}],"replies":[{"embeddable":true,"href":"https:\/\/www.lpskola.lv\/index.php?rest_route=%2Fwp%2Fv2%2Fcomments&post=385"}],"version-history":[{"count":5,"href":"https:\/\/www.lpskola.lv\/index.php?rest_route=\/wp\/v2\/pages\/385\/revisions"}],"predecessor-version":[{"id":475,"href":"https:\/\/www.lpskola.lv\/index.php?rest_route=\/wp\/v2\/pages\/385\/revisions\/475"}],"wp:attachment":[{"href":"https:\/\/www.lpskola.lv\/index.php?rest_route=%2Fwp%2Fv2%2Fmedia&parent=385"}],"curies":[{"name":"wp","href":"https:\/\/api.w.org\/{rel}","templated":true}]}}