{"id":374,"date":"2019-10-23T17:21:15","date_gmt":"2019-10-23T17:21:15","guid":{"rendered":"https:\/\/www.lpskola.lv\/?page_id=374"},"modified":"2019-10-23T17:22:24","modified_gmt":"2019-10-23T17:22:24","slug":"latvijas-skolas-soma","status":"publish","type":"page","link":"https:\/\/www.lpskola.lv\/?page_id=374","title":{"rendered":"Latvijas skolas soma"},"content":{"rendered":"<div class=\"page-header\">S\u0101kot ar 2018. gada septembri Lielv\u0101rdes novada skol\u0101s tiek \u012bstenota valsts simtgades d\u0101vana \u2013\u00a0<strong>programma \u201cLatvijas skolas soma\u201d,<\/strong>\u00a0kas ikvienam skol\u0113nam dod iesp\u0113ju bezmaksas apmekl\u0113t te\u0101tra izr\u0101des, kino,\u00a0 koncertus,\u00a0 muzejpedago\u0123isk\u0101s un rado\u0161\u0101s nodarb\u012bbas, t\u0101d\u0113j\u0101di sp\u0113cinot skol\u0113nu pieder\u012bbas saj\u016btu, valstisko identit\u0101ti un veicinot izpratni\u00a0 par Latvijas v\u0113rt\u012bb\u0101m un kult\u016brtelpu.<\/div>\n<div>\n<p><strong><u>Inform\u0101cija par\u00a0 programmu \u201cLatvijas skolas soma\u201d:<\/u><\/strong><\/p>\n<p>Programmas \u201cLatvijas skolas soma\u201d m\u0113r\u0137is ir nodro\u0161in\u0101t, ka valsts noteikt\u0101 m\u0101c\u012bbu satura un procesa ietvaros katrs 1.-12.klases skol\u0113ns, t.sk., profesion\u0101l\u0101s izgl\u012bt\u012bbas iest\u0101\u017eu audz\u0113k\u0146i kl\u0101tien\u0113 izzina un pieredz Latvijas dabas un kult\u016bras v\u0113rt\u012bbas, k\u0101 ar\u012b iepaz\u012bst zin\u0101tnes sasniegumus un uz\u0146\u0113m\u0113jdarb\u012bbas veiksmes st\u0101stus. \u201cLatvijas skolas somas\u201d noris\u0113m ir j\u0101b\u016bt tie\u0161i saist\u012bt\u0101m ar m\u0101c\u012bbu un audzin\u0101\u0161anas darba saturu.<\/p>\n<p>Iniciat\u012bva\u00a0\u201eLatvijas skolas soma\u201d veidota k\u0101 kompleksa, starpdisciplin\u0101ra programma, kas apvieno resursus, lai stiprin\u0101tu jaun\u0101s paaudzes nacion\u0101lo identit\u0101ti, pilsoniskuma, valstisk\u0101s pieder\u012bbas apzi\u0146u un nacion\u0101lo identit\u0101ti, att\u012bst\u012btu kult\u016bras izpratnes un izpausmes kompetenci, paaugstin\u0101tu izgl\u012bt\u012bbas kvalit\u0101ti, k\u0101 ar\u012b mazin\u0101tu soci\u0101lo nevienl\u012bdz\u012bbu.<\/p>\n<\/div>\n","protected":false},"excerpt":{"rendered":"<p>S\u0101kot ar 2018. gada septembri Lielv\u0101rdes novada skol\u0101s tiek \u012bstenota valsts simtgades d\u0101vana \u2013\u00a0programma \u201cLatvijas skolas soma\u201d,\u00a0kas ikvienam skol\u0113nam dod iesp\u0113ju bezmaksas apmekl\u0113t te\u0101tra izr\u0101des, kino,\u00a0 koncertus,\u00a0 muzejpedago\u0123isk\u0101s un rado\u0161\u0101s nodarb\u012bbas, t\u0101d\u0113j\u0101di sp\u0113cinot skol\u0113nu pieder\u012bbas saj\u016btu, valstisko identit\u0101ti un veicinot izpratni\u00a0 par Latvijas v\u0113rt\u012bb\u0101m un kult\u016brtelpu. Inform\u0101cija par\u00a0 programmu \u201cLatvijas<span class=\"more-link\"><a href=\"https:\/\/www.lpskola.lv\/?page_id=374\">Uzzin\u0101t vair\u0101k<\/a><\/span><\/p>\n","protected":false},"author":4,"featured_media":0,"parent":0,"menu_order":0,"comment_status":"closed","ping_status":"closed","template":"","meta":{"footnotes":""},"class_list":["entry","author-ilze","post-374","page","type-page","status-publish"],"_links":{"self":[{"href":"https:\/\/www.lpskola.lv\/index.php?rest_route=\/wp\/v2\/pages\/374","targetHints":{"allow":["GET"]}}],"collection":[{"href":"https:\/\/www.lpskola.lv\/index.php?rest_route=\/wp\/v2\/pages"}],"about":[{"href":"https:\/\/www.lpskola.lv\/index.php?rest_route=\/wp\/v2\/types\/page"}],"author":[{"embeddable":true,"href":"https:\/\/www.lpskola.lv\/index.php?rest_route=\/wp\/v2\/users\/4"}],"replies":[{"embeddable":true,"href":"https:\/\/www.lpskola.lv\/index.php?rest_route=%2Fwp%2Fv2%2Fcomments&post=374"}],"version-history":[{"count":3,"href":"https:\/\/www.lpskola.lv\/index.php?rest_route=\/wp\/v2\/pages\/374\/revisions"}],"predecessor-version":[{"id":379,"href":"https:\/\/www.lpskola.lv\/index.php?rest_route=\/wp\/v2\/pages\/374\/revisions\/379"}],"wp:attachment":[{"href":"https:\/\/www.lpskola.lv\/index.php?rest_route=%2Fwp%2Fv2%2Fmedia&parent=374"}],"curies":[{"name":"wp","href":"https:\/\/api.w.org\/{rel}","templated":true}]}}