{"id":35,"date":"2024-10-16T08:32:41","date_gmt":"2024-10-16T08:32:41","guid":{"rendered":"https:\/\/www.lpskola.lv\/?page_id=35"},"modified":"2025-10-24T05:37:16","modified_gmt":"2025-10-24T05:37:16","slug":"pamatskolas","status":"publish","type":"page","link":"https:\/\/www.lpskola.lv\/?page_id=35","title":{"rendered":"Pamatskolas"},"content":{"rendered":"<p style=\"text-align: justify;\">Lielv\u0101rdes pamatskol\u0101 realiz\u0113:<\/p>\n<ul style=\"text-align: justify;\">\n<li><strong>Pamatizgl\u012bt\u012bbas programmu<\/strong> (kods 21011111),<\/li>\n<li><strong>Speci\u0101l\u0101s pamatizgl\u012bt\u012bbas programma izgl\u012btojamajiem ar m\u0101c\u012b\u0161an\u0101s trauc\u0113jumiem<\/strong> (kods 21015611),<\/li>\n<li><strong>Speci\u0101l\u0101s pamatizgl\u012bt\u012bbas programma izgl\u012btojamajiem ar gar\u012bg\u0101s att\u012bst\u012bbas trauc\u0113jumiem<\/strong> (kods 21015811).<\/li>\n<\/ul>\n","protected":false},"excerpt":{"rendered":"<p>Lielv\u0101rdes pamatskol\u0101 realiz\u0113: Pamatizgl\u012bt\u012bbas programmu (kods 21011111), Speci\u0101l\u0101s pamatizgl\u012bt\u012bbas programma izgl\u012btojamajiem ar m\u0101c\u012b\u0161an\u0101s trauc\u0113jumiem (kods 21015611), Speci\u0101l\u0101s pamatizgl\u012bt\u012bbas programma izgl\u012btojamajiem ar gar\u012bg\u0101s att\u012bst\u012bbas trauc\u0113jumiem (kods 21015811).<span class=\"more-link\"><a href=\"https:\/\/www.lpskola.lv\/?page_id=35\">Uzzin\u0101t vair\u0101k<\/a><\/span><\/p>\n","protected":false},"author":1,"featured_media":0,"parent":0,"menu_order":0,"comment_status":"closed","ping_status":"closed","template":"","meta":{"footnotes":""},"class_list":["entry","author-admin","post-35","page","type-page","status-publish"],"_links":{"self":[{"href":"https:\/\/www.lpskola.lv\/index.php?rest_route=\/wp\/v2\/pages\/35","targetHints":{"allow":["GET"]}}],"collection":[{"href":"https:\/\/www.lpskola.lv\/index.php?rest_route=\/wp\/v2\/pages"}],"about":[{"href":"https:\/\/www.lpskola.lv\/index.php?rest_route=\/wp\/v2\/types\/page"}],"author":[{"embeddable":true,"href":"https:\/\/www.lpskola.lv\/index.php?rest_route=\/wp\/v2\/users\/1"}],"replies":[{"embeddable":true,"href":"https:\/\/www.lpskola.lv\/index.php?rest_route=%2Fwp%2Fv2%2Fcomments&post=35"}],"version-history":[{"count":6,"href":"https:\/\/www.lpskola.lv\/index.php?rest_route=\/wp\/v2\/pages\/35\/revisions"}],"predecessor-version":[{"id":3236,"href":"https:\/\/www.lpskola.lv\/index.php?rest_route=\/wp\/v2\/pages\/35\/revisions\/3236"}],"wp:attachment":[{"href":"https:\/\/www.lpskola.lv\/index.php?rest_route=%2Fwp%2Fv2%2Fmedia&parent=35"}],"curies":[{"name":"wp","href":"https:\/\/api.w.org\/{rel}","templated":true}]}}