{"id":307,"date":"2025-10-20T18:50:04","date_gmt":"2025-10-20T18:50:04","guid":{"rendered":"https:\/\/www.lpskola.lv\/?page_id=307"},"modified":"2026-02-09T16:42:35","modified_gmt":"2026-02-09T16:42:35","slug":"karjeras-atbalsts-visparejas-un-profesionalas-izglitibas-iestades","status":"publish","type":"page","link":"https:\/\/www.lpskola.lv\/?page_id=307","title":{"rendered":"Karjeras atbalsts visp\u0101r\u0113j\u0101s un profesion\u0101l\u0101s izgl\u012bt\u012bbas iest\u0101d\u0113s"},"content":{"rendered":"<p style=\"text-align: center;\">Lielv\u0101rdes pamatskol\u0101 7.-9.kla\u0161u skol\u0113niem ir iesp\u0113ja apmekl\u0113t individu\u0101l\u0101s karjeras konsult\u0101cijas.<\/p>\n<p style=\"text-align: center;\">Karjeras konsult\u0101cijas Lielv\u0101rdes pamatskolas skol\u0113niem notiek,<\/p>\n<p style=\"text-align: center;\">iepriek\u0161 piesakoties pie pedagoga karjeras konsultanta Intas Lipi\u0146as<\/p>\n<p style=\"text-align: center;\">Ko vari ieg\u016bt no individu\u0101laj\u0101m konsult\u0101cij\u0101m ar karjeras konsultantu?<\/p>\n<p style=\"text-align: center;\">\u2013 lab\u0101k apzin\u0101t savas intereses, prasmes, iesp\u0113jas un v\u0113rt\u012bbas;<br \/>\n\u2013 padzi\u013cin\u0101t izpratni par karjeras izv\u0113li;<br \/>\n\u2013 sa\u0146emt atbalstu un ieteikumus piem\u0113rot\u0101k\u0101s profesijas \u00a0izv\u0113l\u0113;<br \/>\n\u2013 pal\u012bdz\u012bbu CV un motiv\u0101cijas v\u0113stules izveid\u0113 u.c.<\/p>\n","protected":false},"excerpt":{"rendered":"<p>Lielv\u0101rdes pamatskol\u0101 7.-9.kla\u0161u skol\u0113niem ir iesp\u0113ja apmekl\u0113t individu\u0101l\u0101s karjeras konsult\u0101cijas. Karjeras konsult\u0101cijas Lielv\u0101rdes pamatskolas skol\u0113niem notiek, iepriek\u0161 piesakoties pie pedagoga karjeras konsultanta Intas Lipi\u0146as Ko vari ieg\u016bt no individu\u0101laj\u0101m konsult\u0101cij\u0101m ar karjeras konsultantu? \u2013 lab\u0101k apzin\u0101t savas intereses, prasmes, iesp\u0113jas un v\u0113rt\u012bbas; \u2013 padzi\u013cin\u0101t izpratni par karjeras izv\u0113li; \u2013 sa\u0146emt<span class=\"more-link\"><a href=\"https:\/\/www.lpskola.lv\/?page_id=307\">Uzzin\u0101t vair\u0101k<\/a><\/span><\/p>\n","protected":false},"author":4,"featured_media":0,"parent":0,"menu_order":0,"comment_status":"closed","ping_status":"closed","template":"","meta":{"footnotes":""},"class_list":["entry","author-ilze","post-307","page","type-page","status-publish"],"_links":{"self":[{"href":"https:\/\/www.lpskola.lv\/index.php?rest_route=\/wp\/v2\/pages\/307","targetHints":{"allow":["GET"]}}],"collection":[{"href":"https:\/\/www.lpskola.lv\/index.php?rest_route=\/wp\/v2\/pages"}],"about":[{"href":"https:\/\/www.lpskola.lv\/index.php?rest_route=\/wp\/v2\/types\/page"}],"author":[{"embeddable":true,"href":"https:\/\/www.lpskola.lv\/index.php?rest_route=\/wp\/v2\/users\/4"}],"replies":[{"embeddable":true,"href":"https:\/\/www.lpskola.lv\/index.php?rest_route=%2Fwp%2Fv2%2Fcomments&post=307"}],"version-history":[{"count":9,"href":"https:\/\/www.lpskola.lv\/index.php?rest_route=\/wp\/v2\/pages\/307\/revisions"}],"predecessor-version":[{"id":2342,"href":"https:\/\/www.lpskola.lv\/index.php?rest_route=\/wp\/v2\/pages\/307\/revisions\/2342"}],"wp:attachment":[{"href":"https:\/\/www.lpskola.lv\/index.php?rest_route=%2Fwp%2Fv2%2Fmedia&parent=307"}],"curies":[{"name":"wp","href":"https:\/\/api.w.org\/{rel}","templated":true}]}}