{"id":2541,"date":"2026-02-10T10:59:11","date_gmt":"2026-02-10T10:59:11","guid":{"rendered":"https:\/\/www.lpskola.lv\/?page_id=2541"},"modified":"2026-02-12T17:14:55","modified_gmt":"2026-02-12T17:14:55","slug":"mes-lepojamies","status":"publish","type":"page","link":"https:\/\/www.lpskola.lv\/?page_id=2541","title":{"rendered":"M\u0113s lepojamies!"},"content":{"rendered":"<h3 style=\"text-align: center;\"><strong><a href=\"https:\/\/www.lpskola.lv\/wp-content\/uploads\/2026\/02\/Macibu-prieksmetu-olimpiazu-dalibnieki-un-laureati-majaslapai.pdf\">Lielv\u0101rdes pamatskolas skol\u0113nu sasniegumi 2025.\/2026.m.g.<\/a><\/strong><\/h3>\n<h3 style=\"text-align: center;\"><strong><a href=\"https:\/\/www.lpskola.lv\/wp-content\/uploads\/2026\/02\/Sporta-sacensibu-sasniegumi-majaslapai.pdf\">Sporta sacens\u012bbu sasniegumi 2025.\/2026.m.g.<\/a><\/strong><\/h3>\n<h3 style=\"text-align: center;\"><strong><a href=\"https:\/\/www.lpskola.lv\/wp-content\/uploads\/2026\/02\/skolenu_sasniegumi_2024_2025.pdf\">Lielv\u0101rdes pamatskolas skol\u0113nu sasniegumi 2024.\/2025.m.g.<\/a><\/strong><\/h3>\n<h4><\/h4>\n<h4 style=\"text-align: center;\"><strong>Sporta sacens\u012bbu dal\u012bbnieki un laure\u0101ti<\/strong><\/h4>\n<h4 style=\"text-align: center;\"><strong>2024.\/2025.m\u0101c\u012bbu gad\u0101<\/strong><\/h4>\n<table>\n<tbody>\n<tr>\n<td width=\"179\"><strong>Sacens\u012bbas<\/strong><\/td>\n<td width=\"179\"><strong>Dal\u012bbnieki<\/strong><\/td>\n<td width=\"179\"><strong>Pedagogs<\/strong><\/td>\n<td width=\"179\"><strong>Sasniegumi <\/strong><\/td>\n<\/tr>\n<tr>\n<td width=\"179\"><strong>Ogres novada Skol\u0113nu sporta sacens\u012bbas Futbol\u0101<\/strong><\/td>\n<td width=\"179\">Valters Gailis 5.b<\/p>\n<p>Patriks Grasmanis 5.b<\/p>\n<p>Deivids Teic\u0101ns 5.b<\/p>\n<p>Ren\u0101rs Uzoli\u0146\u0161 5.b<\/p>\n<p>Kristers Ginters 6.a<\/p>\n<p>Teodors Mesters 6.b<\/p>\n<p>Ali Amirli 7.b<\/p>\n<p>Lauris Ivanovs 7.b<\/p>\n<p>Gustavs Vanags 7.b<\/p>\n<p>&nbsp;<\/td>\n<td width=\"179\">P\u0113teris Im\u0161s<\/td>\n<td width=\"179\"><strong>3.vieta<\/strong><\/td>\n<\/tr>\n<tr>\n<td width=\"179\"><strong>Ogres novada Skol\u0113nu rudens kross<\/strong><\/p>\n<p><strong>8.-9.klase<\/strong><\/td>\n<td width=\"179\">M\u0101rti\u0146\u0161 Liepi\u0146\u0161<\/p>\n<p>R\u016bdis R\u016bdolfs Sarmulis<\/p>\n<p>Uvis Blumfelds<\/p>\n<p>&nbsp;<\/td>\n<td width=\"179\">P\u0113teris Im\u0161s<\/td>\n<td width=\"179\"><strong>3.vieta<\/strong><\/td>\n<\/tr>\n<tr>\n<td width=\"179\"><strong>Ogres novada Skol\u0113nu rudens kross<\/strong><\/p>\n<p><strong>8.-9.klase<\/strong><\/p>\n<p>&nbsp;<\/td>\n<td width=\"179\">Guntars Vilc\u0101ns<\/p>\n<p>&nbsp;<\/td>\n<td width=\"179\">P\u0113teris Im\u0161s<\/p>\n<p>&nbsp;<\/td>\n<td width=\"179\"><\/td>\n<\/tr>\n<tr>\n<td width=\"179\"><strong>Ogres novada Skol\u0113nu rudens kross<\/strong><\/p>\n<p><strong>8.-9.klase<\/strong><\/p>\n<p>&nbsp;<\/td>\n<td width=\"179\">Katr\u012bna Le\u0161\u010dinska<\/p>\n<p>Rasa Stankevi\u010da<\/p>\n<p>Nikola Armanovi\u010da<\/td>\n<td width=\"179\">P\u0113teris Im\u0161s<\/td>\n<td width=\"179\"><strong>2.vieta<\/strong><\/td>\n<\/tr>\n<tr>\n<td width=\"179\"><strong>Ogres novada Skol\u0113nu rudens kross<\/strong><\/p>\n<p><strong>8.-9.klase<\/strong><\/p>\n<p>&nbsp;<\/td>\n<td width=\"179\">El\u012bna Forma\u0146icka<\/td>\n<td width=\"179\">P\u0113teris Im\u0161s<\/td>\n<td width=\"179\"><\/td>\n<\/tr>\n<tr>\n<td width=\"179\"><strong>Ogres novada Skol\u0113nu rudens kross<\/strong><\/p>\n<p><strong>6.-7.klase<\/strong><\/p>\n<p>&nbsp;<\/td>\n<td width=\"179\">Kristers Ginters<\/td>\n<td width=\"179\">P\u0113teris Im\u0161s<\/td>\n<td width=\"179\"><\/td>\n<\/tr>\n<tr>\n<td width=\"179\"><strong>Ogres novada Skol\u0113nu rudens kross<\/strong><\/p>\n<p><strong>6.-7.klase<\/strong><\/p>\n<p>&nbsp;<\/td>\n<td width=\"179\">Em\u012bls M\u0101rcis Kante<\/td>\n<td width=\"179\">P\u0113teris Im\u0161s<\/td>\n<td width=\"179\"><\/td>\n<\/tr>\n<tr>\n<td width=\"179\"><strong>Ogres novada Skol\u0113nu rudens kross<\/strong><\/p>\n<p><strong>6.-7.klase<\/strong><\/p>\n<p>&nbsp;<\/td>\n<td width=\"179\">Edvards Hirkovskis<\/td>\n<td width=\"179\">P\u0113teris Im\u0161s<\/td>\n<td width=\"179\"><\/td>\n<\/tr>\n<tr>\n<td width=\"179\"><strong>Ogres novada Skol\u0113nu rudens kross<\/strong><\/p>\n<p><strong>6.-7.klase<\/strong><\/p>\n<p>&nbsp;<\/td>\n<td width=\"179\">Gabriela Vilc\u0101ne<\/td>\n<td width=\"179\">P\u0113teris Im\u0161s<\/td>\n<td width=\"179\"><\/td>\n<\/tr>\n<tr>\n<td width=\"179\"><strong>Ogres novada Skol\u0113nu rudens kross<\/strong><\/p>\n<p><strong>6.-7.klase<\/strong><\/p>\n<p>&nbsp;<\/td>\n<td width=\"179\">Val\u0113rija Berd\u0146ika-S\u012bpola<\/td>\n<td width=\"179\">P\u0113teris Im\u0161s<\/td>\n<td width=\"179\"><\/td>\n<\/tr>\n<tr>\n<td width=\"179\"><strong>Ogres novada Skol\u0113nu rudens kross<\/strong><\/p>\n<p><strong>6.-7.klase<\/strong><\/p>\n<p>&nbsp;<\/td>\n<td width=\"179\">Lauma B\u013codone<\/td>\n<td width=\"179\">P\u0113teris Im\u0161s<\/td>\n<td width=\"179\"><\/td>\n<\/tr>\n<tr>\n<td width=\"179\"><strong>Ogres novada Skol\u0113nu rudens kross<\/strong><\/p>\n<p><strong>4.-5.klase<\/strong><\/p>\n<p>&nbsp;<\/td>\n<td width=\"179\">Didzis Deinis<\/p>\n<p>Valters Gailis<\/p>\n<p>Ren\u0101rs Uzoli\u0146\u0161<\/td>\n<td width=\"179\">Kaspars Kreimanis<\/p>\n<p>P\u0113teris Im\u0161s<\/td>\n<td width=\"179\"><strong>2.vieta<\/strong><\/td>\n<\/tr>\n<tr>\n<td width=\"179\"><strong>Ogres novada Skol\u0113nu rudens kross<\/strong><\/p>\n<p><strong>4.-5.klase<\/strong><\/p>\n<p>&nbsp;<\/td>\n<td width=\"179\">Melisa Le\u0161\u010dinska<\/td>\n<td width=\"179\">P\u0113teris Im\u0161s<\/td>\n<td width=\"179\"><\/td>\n<\/tr>\n<tr>\n<td width=\"179\"><strong>Ogres novada Skol\u0113nu rudens kross<\/strong><\/p>\n<p><strong>4.-5.klase<\/strong><\/p>\n<p>&nbsp;<\/td>\n<td width=\"179\">L\u012bna T\u016bt\u0101ne<\/td>\n<td width=\"179\">P\u0113teris Im\u0161s<\/td>\n<td width=\"179\"><\/td>\n<\/tr>\n<tr>\n<td width=\"179\"><strong>Ogres novada Skol\u0113nu rudens kross<\/strong><\/p>\n<p><strong>4.-5.klase<\/strong><\/p>\n<p>&nbsp;<\/td>\n<td width=\"179\">Vanesa Vanaga<\/td>\n<td width=\"179\">P\u0113teris Im\u0161s<\/td>\n<td width=\"179\"><\/td>\n<\/tr>\n<tr>\n<td width=\"179\"><strong>Ogres novada Skol\u0113nu sporta sacens\u012bbas <\/strong><\/p>\n<p><strong>\u201cLiel\u0101 balva\u201d<\/strong><\/td>\n<td width=\"179\">Marts Lambergs 3.a<\/p>\n<p>Ance Auk\u0161tikalne 3.b<\/p>\n<p>L\u012bna T\u016bt\u0101ne 4.b<\/p>\n<p>Ren\u0101rs Uzoli\u0146\u0161 5.b<\/p>\n<p>Em\u012blija Blumberga 7.b<\/p>\n<p>Lauris Ivanovs 7.b<\/p>\n<p>Katr\u012bna Le\u0161\u010dinska 8.a<\/p>\n<p>Roberts kalni\u0146\u0161 8.a<\/p>\n<p>El\u012bna Forma\u0146icka 9.a<\/p>\n<p>Guntars Vilc\u0101ns 9.a<\/p>\n<p>Elvisa A\u013chimovi\u010da -pedagogs<\/p>\n<p>Vladislavs Kozlovskis \u2013 vec\u0101ku p\u0101rst\u0101vis<\/td>\n<td width=\"179\">P\u0113teris Im\u0161s<\/td>\n<td width=\"179\"><strong>3.vieta<\/strong><\/td>\n<\/tr>\n<\/tbody>\n<\/table>\n","protected":false},"excerpt":{"rendered":"<p>Lielv\u0101rdes pamatskolas skol\u0113nu sasniegumi 2025.\/2026.m.g. Sporta sacens\u012bbu sasniegumi 2025.\/2026.m.g. Lielv\u0101rdes pamatskolas skol\u0113nu sasniegumi 2024.\/2025.m.g. Sporta sacens\u012bbu dal\u012bbnieki un laure\u0101ti 2024.\/2025.m\u0101c\u012bbu gad\u0101 Sacens\u012bbas Dal\u012bbnieki Pedagogs Sasniegumi Ogres novada Skol\u0113nu sporta sacens\u012bbas Futbol\u0101 Valters Gailis 5.b Patriks Grasmanis 5.b Deivids Teic\u0101ns 5.b Ren\u0101rs Uzoli\u0146\u0161 5.b Kristers Ginters 6.a Teodors Mesters 6.b Ali<span class=\"more-link\"><a href=\"https:\/\/www.lpskola.lv\/?page_id=2541\">Uzzin\u0101t vair\u0101k<\/a><\/span><\/p>\n","protected":false},"author":4,"featured_media":0,"parent":0,"menu_order":0,"comment_status":"closed","ping_status":"closed","template":"","meta":{"footnotes":""},"class_list":["entry","author-ilze","post-2541","page","type-page","status-publish"],"_links":{"self":[{"href":"https:\/\/www.lpskola.lv\/index.php?rest_route=\/wp\/v2\/pages\/2541","targetHints":{"allow":["GET"]}}],"collection":[{"href":"https:\/\/www.lpskola.lv\/index.php?rest_route=\/wp\/v2\/pages"}],"about":[{"href":"https:\/\/www.lpskola.lv\/index.php?rest_route=\/wp\/v2\/types\/page"}],"author":[{"embeddable":true,"href":"https:\/\/www.lpskola.lv\/index.php?rest_route=\/wp\/v2\/users\/4"}],"replies":[{"embeddable":true,"href":"https:\/\/www.lpskola.lv\/index.php?rest_route=%2Fwp%2Fv2%2Fcomments&post=2541"}],"version-history":[{"count":5,"href":"https:\/\/www.lpskola.lv\/index.php?rest_route=\/wp\/v2\/pages\/2541\/revisions"}],"predecessor-version":[{"id":3781,"href":"https:\/\/www.lpskola.lv\/index.php?rest_route=\/wp\/v2\/pages\/2541\/revisions\/3781"}],"wp:attachment":[{"href":"https:\/\/www.lpskola.lv\/index.php?rest_route=%2Fwp%2Fv2%2Fmedia&parent=2541"}],"curies":[{"name":"wp","href":"https:\/\/api.w.org\/{rel}","templated":true}]}}