{"id":2499,"date":"2024-12-16T20:20:02","date_gmt":"2024-12-16T20:20:02","guid":{"rendered":"https:\/\/www.lpskola.lv\/?page_id=2499"},"modified":"2024-12-16T20:27:11","modified_gmt":"2024-12-16T20:27:11","slug":"kontakts","status":"publish","type":"page","link":"https:\/\/www.lpskola.lv\/?page_id=2499","title":{"rendered":"Kontakts"},"content":{"rendered":"<p><a href=\"https:\/\/www.lpskola.lv\/wp-content\/uploads\/2023\/10\/parvalde.jpg\"><img loading=\"lazy\" decoding=\"async\" class=\"wp-image-1756 aligncenter\" src=\"https:\/\/www.lpskola.lv\/wp-content\/uploads\/2023\/10\/parvalde-300x119.jpg\" alt=\"\" width=\"532\" height=\"211\" srcset=\"https:\/\/www.lpskola.lv\/wp-content\/uploads\/2023\/10\/parvalde-300x119.jpg 300w, https:\/\/www.lpskola.lv\/wp-content\/uploads\/2023\/10\/parvalde-465x185.jpg 465w, https:\/\/www.lpskola.lv\/wp-content\/uploads\/2023\/10\/parvalde.jpg 604w\" sizes=\"auto, (max-width: 532px) 100vw, 532px\" \/><\/a><\/p>\n<p style=\"text-align: center;\">\u201cProjekts \u012bstenots Izgl\u012bt\u012bbas un zin\u0101tnes ministrijas Jaunatnes politikas valsts programmas 2023.-2025.\u00a0gadam valsts bud\u017eeta finans\u0113juma ietvaros\u201d.<\/p>\n<p><strong>\u00a0<\/strong><\/p>\n<p style=\"text-align: center;\"><strong>Iniciat\u012bva \u201cKontakts\u201d<\/strong><\/p>\n<p>Jaunatnes starptautisko programmu a\u0123ent\u016bra Jaunatnes politikas valsts programmas 2023.-2025. gadam ietvaros 22.02.2023. izsludin\u0101jusi atkl\u0101to projektu konkursu \u201cAtbalsts izgl\u012bt\u012bbas iest\u0101\u017eu pa\u0161p\u0101rval\u017eu att\u012bst\u012bbai programmas \u201cKontakts\u201d iniciat\u012bvu projektu \u012bsteno\u0161anai\u201d.<\/p>\n<p><a href=\"https:\/\/www.lpskola.lv\/wp-content\/uploads\/2023\/10\/25_3.jpg\"><img loading=\"lazy\" decoding=\"async\" class=\"wp-image-1757 aligncenter\" src=\"https:\/\/www.lpskola.lv\/wp-content\/uploads\/2023\/10\/25_3-300x225.jpg\" alt=\"\" width=\"593\" height=\"445\" srcset=\"https:\/\/www.lpskola.lv\/wp-content\/uploads\/2023\/10\/25_3-300x225.jpg 300w, https:\/\/www.lpskola.lv\/wp-content\/uploads\/2023\/10\/25_3-1024x768.jpg 1024w, https:\/\/www.lpskola.lv\/wp-content\/uploads\/2023\/10\/25_3-768x576.jpg 768w, https:\/\/www.lpskola.lv\/wp-content\/uploads\/2023\/10\/25_3-1536x1152.jpg 1536w, https:\/\/www.lpskola.lv\/wp-content\/uploads\/2023\/10\/25_3-465x349.jpg 465w, https:\/\/www.lpskola.lv\/wp-content\/uploads\/2023\/10\/25_3-667x500.jpg 667w, https:\/\/www.lpskola.lv\/wp-content\/uploads\/2023\/10\/25_3.jpg 2048w\" sizes=\"auto, (max-width: 593px) 100vw, 593px\" \/><\/a><\/p>\n<p style=\"text-align: center;\"><strong>Lielv\u0101rdes pamatskolas Skol\u0113nu padomes dal\u012bba inicit\u012bv\u0101 \u201cKontakts\u201d<\/strong><\/p>\n<p>Iniciat\u012bvu \u201cKontakts\u201d veido divas da\u013cas \u2013 izgl\u012bt\u012bbas iest\u0101\u017eu pa\u0161p\u0101rval\u017eu komandu m\u0101c\u012bbas un iniciat\u012bvu projektu konkurss.<\/p>\n<p>2022.\/2023.m.g. pavasar\u012b uz tr\u012bs dienu m\u0101c\u012bb\u0101m C\u0113s\u012bs dev\u0101s 8.a klases skol\u0113ni Eva Babre, Annija \u0160ulce, Daniels Rusu un soci\u0101l\u0101 pedago\u0123e Ing\u016bna Kani\u0146a.\u00a0 Skol\u0113ni padzi\u013cin\u0101ti apguva izv\u0113l\u0113to t\u0113mu un piedal\u012bj\u0101s nodarb\u012bb\u0101s ar ekspertiem, nov\u0113rt\u0113ja situ\u0101ciju sav\u0101 izgl\u012bt\u012bbas iest\u0101d\u0113, k\u0101 ar\u012b apmain\u012bj\u0101s ar idej\u0101m un izstr\u0101d\u0101ja projekta pieteikumu. P\u0113c tam norisin\u0101j\u0101s projektu konkursa pieteikumu iesnieg\u0161ana, kur\u0101 m\u016bsu skolas Skol\u0113nu padome ieguva finans\u0113jumu ar m\u0113r\u0137i stiprin\u0101t izgl\u012bt\u012bbas iest\u0101des pa\u0161p\u0101rvaldes att\u012bst\u012bbu, sekm\u0113t izgl\u012btojamo akt\u012bvu pilsonisko l\u012bdzdal\u012bbu un vairot visu izgl\u012btojamo labb\u016bt\u012bbu. Septembr\u012b ir uzs\u0101kta projekta realiz\u0101cija.<\/p>\n<p><a href=\"https:\/\/www.lpskola.lv\/wp-content\/uploads\/2023\/10\/25_2.jpg\"><img loading=\"lazy\" decoding=\"async\" class=\"wp-image-1758 aligncenter\" src=\"https:\/\/www.lpskola.lv\/wp-content\/uploads\/2023\/10\/25_2-300x225.jpg\" alt=\"\" width=\"591\" height=\"443\" srcset=\"https:\/\/www.lpskola.lv\/wp-content\/uploads\/2023\/10\/25_2-300x225.jpg 300w, https:\/\/www.lpskola.lv\/wp-content\/uploads\/2023\/10\/25_2-1024x768.jpg 1024w, https:\/\/www.lpskola.lv\/wp-content\/uploads\/2023\/10\/25_2-768x576.jpg 768w, https:\/\/www.lpskola.lv\/wp-content\/uploads\/2023\/10\/25_2-1536x1152.jpg 1536w, https:\/\/www.lpskola.lv\/wp-content\/uploads\/2023\/10\/25_2-465x349.jpg 465w, https:\/\/www.lpskola.lv\/wp-content\/uploads\/2023\/10\/25_2-667x500.jpg 667w, https:\/\/www.lpskola.lv\/wp-content\/uploads\/2023\/10\/25_2.jpg 2048w\" sizes=\"auto, (max-width: 591px) 100vw, 591px\" \/><\/a><\/p>\n<p style=\"text-align: center;\"><strong>Skol\u0113nu padomes salied\u0113\u0161an\u0101s pas\u0101kum\u0101 \u201cEsam vienoti\u201d<\/strong><\/p>\n<p>Pirm\u0101 projekta aktivit\u0101te notika Ogr\u0113, 25.septembr\u012b, Jaunie\u0161u m\u0101j\u0101. Ogres novada Izgl\u012bt\u012bbas p\u0101rvaldes jaunatnes darbinieces El\u012bnas Greines vad\u012bb\u0101 skol\u0113ni apguva sadarb\u012bbas un pl\u0101no\u0161anas prasmes. Tika izmantotas da\u017e\u0101das neform\u0101l\u0101s izgl\u012bt\u012bbas aktivit\u0101tes &#8211; salied\u0113\u0161an\u0101s un iepaz\u012b\u0161an\u0101s sp\u0113les, ledus lau\u0161anas aktivit\u0101tes, uzmundrino\u0161\u0101s aktivit\u0101tes. Visi bija priec\u012bgi un gandar\u012bti par interesanti un v\u0113rt\u012bgi pavad\u012bto laiku kop\u0101 ar jauno Skol\u0113nu padomes komandu. Pas\u0101kums norit\u0113ja draudz\u012bg\u0101 gaisotn\u0113, kur blakus darboj\u0101s 4.-9.kla\u0161u skol\u0113nu p\u0101rst\u0101vji. Paldies vec\u0101kiem pr ieinteres\u0113t\u012bbu un atbalstu!<\/p>\n<p><a href=\"https:\/\/www.lpskola.lv\/wp-content\/uploads\/2023\/10\/25_1.jpg\"><img loading=\"lazy\" decoding=\"async\" class=\"wp-image-1759 aligncenter\" src=\"https:\/\/www.lpskola.lv\/wp-content\/uploads\/2023\/10\/25_1-300x225.jpg\" alt=\"\" width=\"595\" height=\"446\" srcset=\"https:\/\/www.lpskola.lv\/wp-content\/uploads\/2023\/10\/25_1-300x225.jpg 300w, https:\/\/www.lpskola.lv\/wp-content\/uploads\/2023\/10\/25_1-1024x768.jpg 1024w, https:\/\/www.lpskola.lv\/wp-content\/uploads\/2023\/10\/25_1-768x576.jpg 768w, https:\/\/www.lpskola.lv\/wp-content\/uploads\/2023\/10\/25_1-1536x1152.jpg 1536w, https:\/\/www.lpskola.lv\/wp-content\/uploads\/2023\/10\/25_1-465x349.jpg 465w, https:\/\/www.lpskola.lv\/wp-content\/uploads\/2023\/10\/25_1-667x500.jpg 667w, https:\/\/www.lpskola.lv\/wp-content\/uploads\/2023\/10\/25_1.jpg 2000w\" sizes=\"auto, (max-width: 595px) 100vw, 595px\" \/><\/a><\/p>\n<p style=\"text-align: right;\"><em>Lielv\u0101rdes Skol\u0113nu padomes koordinatore Inga Blumfelde<\/em><\/p>\n<p style=\"text-align: right;\">25.09.2023<\/p>\n<p>&nbsp;<\/p>\n<p style=\"text-align: center;\">Iniciat\u012bva \u201cKontakts\u201d tiek \u012bstenota <a href=\"https:\/\/jaunatne.gov.lv\/par-agenturu\/programmas-projekti\/valsts-programma\/atbalsts-izglitibas-iestazu-pasparvalzu-attistibai-projekts-kontakts\/\">Jaunatnes politikas valsts programmas<\/a> ietvaros ar m\u0113r\u0137i stiprin\u0101t izgl\u012bt\u012bbas iest\u0101\u017eu pa\u0161p\u0101rval\u017eu att\u012bst\u012bbu. Iniciat\u012bvas projektu konkurs\u0101 izgl\u012bt\u012bbas iest\u0101di var\u0113ja<\/p>\n<p><img loading=\"lazy\" decoding=\"async\" class=\"wp-image-1756 aligncenter\" src=\"https:\/\/www.lpskola.lv\/wp-content\/uploads\/2023\/10\/parvalde-300x119.jpg\" alt=\"\" width=\"539\" height=\"214\" srcset=\"https:\/\/www.lpskola.lv\/wp-content\/uploads\/2023\/10\/parvalde-300x119.jpg 300w, https:\/\/www.lpskola.lv\/wp-content\/uploads\/2023\/10\/parvalde-465x185.jpg 465w, https:\/\/www.lpskola.lv\/wp-content\/uploads\/2023\/10\/parvalde.jpg 604w\" sizes=\"auto, (max-width: 539px) 100vw, 539px\" \/><\/p>\n<p style=\"text-align: center;\">\u201cProjekts \u012bstenots Izgl\u012bt\u012bbas un zin\u0101tnes ministrijas Jaunatnes politikas valsts<br \/>\nprogrammas 2023.-2025.\u00a0gadam valsts bud\u017eeta finans\u0113juma ietvaros\u201d.<\/p>\n<p style=\"text-align: center;\"><strong>Iniciat\u012bva \u201cKontakts\u201d<\/strong><\/p>\n<p style=\"text-align: center;\">Jaunatnes starptautisko programmu a\u0123ent\u016bra Jaunatnes politikas valsts programmas<br \/>\n2023.-2025. gadam ietvaros 22.02.2023. izsludin\u0101jusi atkl\u0101to projektu konkursu \u201cAtbalsts<br \/>\nizgl\u012bt\u012bbas iest\u0101\u017eu pa\u0161p\u0101rval\u017eu att\u012bst\u012bbai programmas \u201cKontakts\u201d iniciat\u012bvu projektu<br \/>\n\u012bsteno\u0161anai\u201d.<\/p>\n<p><img loading=\"lazy\" decoding=\"async\" class=\"wp-image-1763 aligncenter\" src=\"https:\/\/www.lpskola.lv\/wp-content\/uploads\/2023\/10\/2-300x225.jpg\" alt=\"\" width=\"511\" height=\"383\" srcset=\"https:\/\/www.lpskola.lv\/wp-content\/uploads\/2023\/10\/2-300x225.jpg 300w, https:\/\/www.lpskola.lv\/wp-content\/uploads\/2023\/10\/2-1024x768.jpg 1024w, https:\/\/www.lpskola.lv\/wp-content\/uploads\/2023\/10\/2-768x576.jpg 768w, https:\/\/www.lpskola.lv\/wp-content\/uploads\/2023\/10\/2-1536x1152.jpg 1536w, https:\/\/www.lpskola.lv\/wp-content\/uploads\/2023\/10\/2-465x349.jpg 465w, https:\/\/www.lpskola.lv\/wp-content\/uploads\/2023\/10\/2-667x500.jpg 667w, https:\/\/www.lpskola.lv\/wp-content\/uploads\/2023\/10\/2.jpg 1600w\" sizes=\"auto, (max-width: 511px) 100vw, 511px\" \/><\/p>\n<p>&nbsp;<\/p>\n<p style=\"text-align: center;\"><strong>Lielv\u0101rdes pamatskolas Skol\u0113nu padomes dal\u012bba iniciat\u012bv\u0101 \u201cKontakts\u201d<\/strong><\/p>\n<p style=\"text-align: center;\">Otr\u0101 projekta aktivit\u0101te notika m\u016bsu skol\u0101, 3.oktobr\u012b, pas\u0101kum\u0101 \u201cIzaugsme\u201d.<br \/>\nizaugsmes treneres Ligitas Milleres vad\u012bb\u0101 Skol\u0113nu padomes dal\u012bbnieki p\u0101rrun\u0101ja,<br \/>\nanaliz\u0113ja, p\u0113t\u012bja visu par salied\u0113\u0161an\u0101s procesu. Skol\u0113ni att\u012bst\u012bja sadarb\u012bbas un<br \/>\npl\u0101no\u0161anas prasmes, salied\u0113j\u0101s k\u0101 komanda,apguva da\u017e\u0101das neform\u0101l\u0101s izgl\u012bt\u012bbas<br \/>\nmetodes, kas \u013cauj lab\u0101k izprast pa\u0161p\u0101rvaldes stipr\u0101s un v\u0101j\u0101s puses, lai p\u0113c t\u0101m t\u0101s<br \/>\npielietotu t\u0101l\u0101k\u0101 p\u0101sp\u0101rvaldes darb\u0101.<\/p>\n<p>\u00a0<img loading=\"lazy\" decoding=\"async\" class=\"wp-image-1764 aligncenter\" src=\"https:\/\/www.lpskola.lv\/wp-content\/uploads\/2023\/10\/1-300x225.jpg\" alt=\"\" width=\"519\" height=\"389\" srcset=\"https:\/\/www.lpskola.lv\/wp-content\/uploads\/2023\/10\/1-300x225.jpg 300w, https:\/\/www.lpskola.lv\/wp-content\/uploads\/2023\/10\/1-1024x768.jpg 1024w, https:\/\/www.lpskola.lv\/wp-content\/uploads\/2023\/10\/1-768x576.jpg 768w, https:\/\/www.lpskola.lv\/wp-content\/uploads\/2023\/10\/1-1536x1152.jpg 1536w, https:\/\/www.lpskola.lv\/wp-content\/uploads\/2023\/10\/1-465x349.jpg 465w, https:\/\/www.lpskola.lv\/wp-content\/uploads\/2023\/10\/1-667x500.jpg 667w, https:\/\/www.lpskola.lv\/wp-content\/uploads\/2023\/10\/1.jpg 2000w\" sizes=\"auto, (max-width: 519px) 100vw, 519px\" \/><\/p>\n<p style=\"text-align: right;\"><em>Lielv\u0101rdes pamatskolas<\/em><br \/>\n<em>Skol\u0113nu padomes koordinatore Inga Blumfelde<\/em><br \/>\n<em>03.10..2023<\/em><\/p>\n<p style=\"text-align: center;\">Iniciat\u012bva \u201cKontakts\u201d tiek \u012bstenota Jaunatnes politikas valsts programmas ietvaros ar m\u0113r\u0137i<br \/>\nstiprin\u0101t izgl\u012bt\u012bbas iest\u0101\u017eu pa\u0161p\u0101rval\u017eu att\u012bst\u012bbu. Iniciat\u012bvas projektu konkurs\u0101 izgl\u012bt\u012bbas iest\u0101di<br \/>\nvar\u0113ja p\u0101rst\u0101v\u0113t pa\u0161vald\u012bba, biedr\u012bba vai nodibin\u0101jumus, iesniedzot projekta pieteikumu un taj\u0101<br \/>\niek\u013caujot vienas vai vair\u0101ku izgl\u012bt\u012bbas iest\u0101\u017eu iniciat\u012bvas.<\/p>\n<p><img loading=\"lazy\" decoding=\"async\" class=\"wp-image-1756 aligncenter\" src=\"https:\/\/www.lpskola.lv\/wp-content\/uploads\/2023\/10\/parvalde-300x119.jpg\" alt=\"\" width=\"507\" height=\"201\" srcset=\"https:\/\/www.lpskola.lv\/wp-content\/uploads\/2023\/10\/parvalde-300x119.jpg 300w, https:\/\/www.lpskola.lv\/wp-content\/uploads\/2023\/10\/parvalde-465x185.jpg 465w, https:\/\/www.lpskola.lv\/wp-content\/uploads\/2023\/10\/parvalde.jpg 604w\" sizes=\"auto, (max-width: 507px) 100vw, 507px\" \/><\/p>\n<p style=\"text-align: center;\">\u201cProjekts \u012bstenots Izgl\u012bt\u012bbas un zin\u0101tnes ministrijas Jaunatnes politikas valsts<br \/>\nprogrammas 2023.-2025.\u00a0gadam valsts bud\u017eeta finans\u0113juma ietvaros\u201d.<\/p>\n<p style=\"text-align: center;\"><strong>Iniciat\u012bva \u201cKontakts\u201d<\/strong><\/p>\n<p style=\"text-align: center;\">Jaunatnes starptautisko programmu a\u0123ent\u016bra Jaunatnes politikas valsts programmas<br \/>\n2023.-2025. gadam ietvaros 22.02.2023. izsludin\u0101jusi atkl\u0101to projektu konkursu \u201cAtbalsts<br \/>\nizgl\u012bt\u012bbas iest\u0101\u017eu pa\u0161p\u0101rval\u017eu att\u012bst\u012bbai programmas \u201cKontakts\u201d iniciat\u012bvu projektu<br \/>\n\u012bsteno\u0161anai\u201d.\u00a0<img loading=\"lazy\" decoding=\"async\" class=\" wp-image-1770 aligncenter\" src=\"https:\/\/www.lpskola.lv\/wp-content\/uploads\/2023\/10\/1a-300x225.jpg\" alt=\"\" width=\"495\" height=\"371\" srcset=\"https:\/\/www.lpskola.lv\/wp-content\/uploads\/2023\/10\/1a-300x225.jpg 300w, https:\/\/www.lpskola.lv\/wp-content\/uploads\/2023\/10\/1a-1024x768.jpg 1024w, https:\/\/www.lpskola.lv\/wp-content\/uploads\/2023\/10\/1a-768x576.jpg 768w, https:\/\/www.lpskola.lv\/wp-content\/uploads\/2023\/10\/1a-1536x1152.jpg 1536w, https:\/\/www.lpskola.lv\/wp-content\/uploads\/2023\/10\/1a-465x349.jpg 465w, https:\/\/www.lpskola.lv\/wp-content\/uploads\/2023\/10\/1a-667x500.jpg 667w, https:\/\/www.lpskola.lv\/wp-content\/uploads\/2023\/10\/1a.jpg 2048w\" sizes=\"auto, (max-width: 495px) 100vw, 495px\" \/><\/p>\n<p style=\"text-align: center;\">\u00a0<strong>Lielv\u0101rdes pamatskolas Skol\u0113nu padomes dal\u012bba iniciat\u012bv\u0101 \u201cKontakts\u201d<\/strong><\/p>\n<p style=\"text-align: center;\">Tre\u0161\u0101 projekta aktivit\u0101te m\u016bsu skol\u0101 notika, 11.oktobr\u012b, pas\u0101kum\u0101 \u201cRudens vakars\u201d,<br \/>\nkur bija aicin\u0101ti 4.-9.kla\u0161u skol\u0113ni. Vakara s\u0101kum\u0101 jaun\u0101ko kla\u0161u skol\u0113ni tika<br \/>\niepaz\u012bstin\u0101ti ar Skol\u0113nu padomes darbu. V\u0113l\u0101k ierad\u0101s vakara viesi, kuri kl\u0101teso\u0161os<br \/>\niesaist\u012bja da\u017e\u0101d\u0101s muzik\u0101l\u0101s aktivit\u0101t\u0113s, kas salied\u0113ja gan klases individu\u0101li, gan<br \/>\nvisas kop\u0101. \u0160aj\u0101 vakar\u0101 jaunie\u0161i var\u0113ja sadraudz\u0113ties dziedot un dejojot. Skol\u0113nu<br \/>\npadomes dal\u012bbnieki \u010dakli darboj\u0101s, lai sagatavotu vakara afi\u0161u, dekor\u0101cijas. Skol\u0113ni<br \/>\nizcili pild\u012bja ar\u012b d\u012bd\u017eeju un gaismot\u0101ju pien\u0101kumus. Lai akt\u012bv\u0101kajiem Skol\u0113nu<br \/>\npadomes dal\u012bbniekiem veicas ar\u012b n\u0101kamo projektu realiz\u0113\u0161an\u0101!<\/p>\n<p><img loading=\"lazy\" decoding=\"async\" class=\"wp-image-1769 aligncenter\" src=\"https:\/\/www.lpskola.lv\/wp-content\/uploads\/2023\/10\/1b-300x225.jpg\" alt=\"\" width=\"518\" height=\"388\" srcset=\"https:\/\/www.lpskola.lv\/wp-content\/uploads\/2023\/10\/1b-300x225.jpg 300w, https:\/\/www.lpskola.lv\/wp-content\/uploads\/2023\/10\/1b-1024x768.jpg 1024w, https:\/\/www.lpskola.lv\/wp-content\/uploads\/2023\/10\/1b-768x576.jpg 768w, https:\/\/www.lpskola.lv\/wp-content\/uploads\/2023\/10\/1b-1536x1152.jpg 1536w, https:\/\/www.lpskola.lv\/wp-content\/uploads\/2023\/10\/1b-465x349.jpg 465w, https:\/\/www.lpskola.lv\/wp-content\/uploads\/2023\/10\/1b-667x500.jpg 667w, https:\/\/www.lpskola.lv\/wp-content\/uploads\/2023\/10\/1b.jpg 1600w\" sizes=\"auto, (max-width: 518px) 100vw, 518px\" \/><\/p>\n<p><img loading=\"lazy\" decoding=\"async\" class=\"wp-image-1771 aligncenter\" src=\"https:\/\/www.lpskola.lv\/wp-content\/uploads\/2023\/10\/1c-300x225.jpg\" alt=\"\" width=\"472\" height=\"354\" srcset=\"https:\/\/www.lpskola.lv\/wp-content\/uploads\/2023\/10\/1c-300x225.jpg 300w, https:\/\/www.lpskola.lv\/wp-content\/uploads\/2023\/10\/1c-1024x768.jpg 1024w, https:\/\/www.lpskola.lv\/wp-content\/uploads\/2023\/10\/1c-768x576.jpg 768w, https:\/\/www.lpskola.lv\/wp-content\/uploads\/2023\/10\/1c-465x349.jpg 465w, https:\/\/www.lpskola.lv\/wp-content\/uploads\/2023\/10\/1c-667x500.jpg 667w, https:\/\/www.lpskola.lv\/wp-content\/uploads\/2023\/10\/1c.jpg 1500w\" sizes=\"auto, (max-width: 472px) 100vw, 472px\" \/><\/p>\n<p style=\"text-align: right;\"><em>Lielv\u0101rdes pamatskolas<\/em><br \/>\n<em>Skol\u0113nu padomes koordinatore Inga Blumfelde<\/em><br \/>\n<em>11.10.2023<\/em><\/p>\n<p style=\"text-align: center;\">Iniciat\u012bva \u201cKontakts\u201d tiek \u012bstenota Jaunatnes politikas valsts programmas ietvaros ar m\u0113r\u0137i<br \/>\nstiprin\u0101t izgl\u012bt\u012bbas iest\u0101\u017eu pa\u0161p\u0101rval\u017eu att\u012bst\u012bbu. Iniciat\u012bvas projektu konkurs\u0101 izgl\u012bt\u012bbas iest\u0101di<br \/>\nvar\u0113ja p\u0101rst\u0101v\u0113t pa\u0161vald\u012bba, biedr\u012bba vai nodibin\u0101jumus, iesniedzot projekta pieteikumu un taj\u0101<br \/>\niek\u013caujot vienas vai vair\u0101ku izgl\u012bt\u012bbas iest\u0101\u017eu iniciat\u012bvas.<\/p>\n<p><img loading=\"lazy\" decoding=\"async\" class=\"wp-image-1756 aligncenter\" src=\"https:\/\/www.lpskola.lv\/wp-content\/uploads\/2023\/10\/parvalde-300x119.jpg\" alt=\"\" width=\"562\" height=\"223\" srcset=\"https:\/\/www.lpskola.lv\/wp-content\/uploads\/2023\/10\/parvalde-300x119.jpg 300w, https:\/\/www.lpskola.lv\/wp-content\/uploads\/2023\/10\/parvalde-465x185.jpg 465w, https:\/\/www.lpskola.lv\/wp-content\/uploads\/2023\/10\/parvalde.jpg 604w\" sizes=\"auto, (max-width: 562px) 100vw, 562px\" \/><\/p>\n<p style=\"text-align: center;\">\u201cProjekts \u012bstenots Izgl\u012bt\u012bbas un zin\u0101tnes ministrijas Jaunatnes politikas valsts<br \/>\nprogrammas 2023.-2025.\u00a0gadam valsts bud\u017eeta finans\u0113juma ietvaros\u201d.<\/p>\n<p style=\"text-align: center;\"><strong>Iniciat\u012bva \u201cKontakts\u201d<\/strong><\/p>\n<p style=\"text-align: center;\">Jaunatnes starptautisko programmu a\u0123ent\u016bra Jaunatnes politikas valsts programmas<br \/>\n2023.-2025. gadam ietvaros 22.02.2023. izsludin\u0101jusi atkl\u0101to projektu konkursu \u201cAtbalsts<br \/>\nizgl\u012bt\u012bbas iest\u0101\u017eu pa\u0161p\u0101rval\u017eu att\u012bst\u012bbai programmas \u201cKontakts\u201d iniciat\u012bvu projektu<br \/>\n\u012bsteno\u0161anai\u201d.<\/p>\n<p style=\"text-align: center;\"><strong>Lielv\u0101rdes pamatskolas Skol\u0113nu padomes dal\u012bba iniciat\u012bv\u0101 \u201cKontakts\u201d<\/strong><\/p>\n<p style=\"text-align: center;\">Projekta ietvaros, 17.oktobr\u012b pie mums skol\u0101 ciemoj\u0101s Birzgales skol\u0113nu<br \/>\npa\u0161p\u0101rvaldes komanda un skolot\u0101ja koordinarore. M\u016bsu Skol\u0113nu padomes<br \/>\np\u0101rst\u0101vji ciemi\u0146iem past\u0101st\u012bja, k\u0101 darbojamies, k\u0101 mums veicas projekta realiz\u0101cij\u0101.<br \/>\nBirzgales skol\u0113niem bija interesanti uzzin\u0101t m\u016bsu skolas pa\u0161p\u0101rvaldes veikumu, k\u0101<br \/>\npl\u0101nojam, k\u0101 organiz\u0113jam pas\u0101kumus un citas aktivit\u0101tes. Ceram uz turpm\u0101ku<br \/>\nsadarb\u012bbu!<\/p>\n<p><img loading=\"lazy\" decoding=\"async\" class=\" wp-image-1779 aligncenter\" src=\"https:\/\/www.lpskola.lv\/wp-content\/uploads\/2023\/10\/1-1-300x225.jpg\" alt=\"\" width=\"620\" height=\"465\" srcset=\"https:\/\/www.lpskola.lv\/wp-content\/uploads\/2023\/10\/1-1-300x225.jpg 300w, https:\/\/www.lpskola.lv\/wp-content\/uploads\/2023\/10\/1-1-1024x768.jpg 1024w, https:\/\/www.lpskola.lv\/wp-content\/uploads\/2023\/10\/1-1-768x576.jpg 768w, https:\/\/www.lpskola.lv\/wp-content\/uploads\/2023\/10\/1-1-1536x1152.jpg 1536w, https:\/\/www.lpskola.lv\/wp-content\/uploads\/2023\/10\/1-1-465x349.jpg 465w, https:\/\/www.lpskola.lv\/wp-content\/uploads\/2023\/10\/1-1-667x500.jpg 667w, https:\/\/www.lpskola.lv\/wp-content\/uploads\/2023\/10\/1-1.jpg 1600w\" sizes=\"auto, (max-width: 620px) 100vw, 620px\" \/><\/p>\n<p style=\"text-align: right;\"><em>Lielv\u0101rdes pamatskolas<\/em><br \/>\n<em>Skol\u0113nu padomes koordinatore Inga Blumfelde<\/em><br \/>\n<em>17.10.2023<\/em><\/p>\n<p style=\"text-align: center;\">Iniciat\u012bva \u201cKontakts\u201d tiek \u012bstenota Jaunatnes politikas valsts programmas ietvaros ar m\u0113r\u0137i<br \/>\nstiprin\u0101t izgl\u012bt\u012bbas iest\u0101\u017eu pa\u0161p\u0101rval\u017eu att\u012bst\u012bbu. Iniciat\u012bvas projektu konkurs\u0101 izgl\u012bt\u012bbas iest\u0101di<br \/>\nvar\u0113ja p\u0101rst\u0101v\u0113t pa\u0161vald\u012bba, biedr\u012bba vai nodibin\u0101jumus, iesniedzot projekta pieteikumu un taj\u0101<br \/>\niek\u013caujot vienas vai vair\u0101ku izgl\u012bt\u012bbas iest\u0101\u017eu iniciat\u012bvas.<\/p>\n<p><img loading=\"lazy\" decoding=\"async\" class=\"wp-image-2020 alignleft\" src=\"https:\/\/www.lpskola.lv\/wp-content\/uploads\/2024\/06\/1-300x111.png\" alt=\"\" width=\"492\" height=\"182\" srcset=\"https:\/\/www.lpskola.lv\/wp-content\/uploads\/2024\/06\/1-300x111.png 300w, https:\/\/www.lpskola.lv\/wp-content\/uploads\/2024\/06\/1.png 306w\" sizes=\"auto, (max-width: 492px) 100vw, 492px\" \/> <img loading=\"lazy\" decoding=\"async\" class=\"alignnone size-medium wp-image-2021\" src=\"https:\/\/www.lpskola.lv\/wp-content\/uploads\/2024\/06\/2.png\" alt=\"\" width=\"274\" height=\"226\" \/><\/p>\n<p>2023.\/2024.m\u0101c\u012bbu gada 1.semestr\u012b Lielv\u0101rdes pamatskol\u0101 Skol\u0113nu padomes darbs tika pilnveidots un\u00a0 stiprin\u0101ts\u00a0 pateicoties iniciat\u012bvai \u201cKontakts\u201d, jo pag\u0101ju\u0161aj\u0101 m\u0101c\u012bbu gad\u0101 piedal\u012bj\u0101mies projekt\u0101, apmekl\u0113jot apm\u0101c\u012bbas, g\u016bstot finans\u0113jumu un realiz\u0113jot savu projekta ideju skol\u0101.<\/p>\n<p>Jaunatnes Starptautisko programmu a\u0123ent\u016bras r\u012bkot\u0101s apm\u0101c\u012bbas \u201cIniciat\u012bva izgl\u012bt\u012bbas iest\u0101\u017eu pa\u0161p\u0101rval\u017eu atbalstam \u201cKontakts\u201d Vidzemes\u00a0 re\u0123iona skolu komand\u0101m notika no\u00a0\u00a0\u00a0 27.-29.febru\u0101rim Valmier\u0101, jaun\u0101 J\u0101\u0146a Dali\u0146a stadiona viesn\u012bcas telp\u0101s. Ar\u012b m\u016bsu pa\u0161p\u0101rvaldes dal\u012bbnieki akt\u012bvi iesaist\u0101s apm\u0101c\u012bb\u0101s. Komand\u0101m bija iesp\u0113ja apmekl\u0113t tr\u012bs dienu kl\u0101tienes m\u0101c\u012bbas, lai padzi\u013cin\u0101tu savas zin\u0101\u0161anas par l\u012bdzdal\u012bbu, nov\u0113rt\u0113tu situ\u0101ciju sav\u0101 izgl\u012bt\u012bbas iest\u0101d\u0113, k\u0101 ar\u012b apmain\u012btos ar idej\u0101m un izstr\u0101d\u0101tu projekta pieteikumu, lai sa\u0146emtu finans\u0113jumu projekta \u012bsteno\u0161anai.<\/p>\n<p>Apm\u0101c\u012bbu laik\u0101 pilnveidoj\u0101m sevi, sadarboj\u0101mies komand\u0101s, piedal\u012bj\u0101mies da\u017e\u0101d\u0101s interesant\u0101s neform\u0101l\u0101s izgl\u012bt\u012bbas aktivvit\u0101t\u0113s, izv\u0113rt\u0113j\u0101m\u00a0 savas Skol\u0113nu padomes darb\u012bbu, diskut\u0113j\u0101m, pl\u0101noj\u0101m, saprat\u0101m, ka jebkura rezult\u0101ta ssnieg\u0161anai, ikviena\u00a0 dal\u012bbnieka viedoklis ir svar\u012bgs.<\/p>\n<p>\u0160oreiz m\u016bsu skolu p\u0101rst\u0101v\u0113ja tr\u012bs\u00a0 akt\u012bvas\u00a0 9.klases skolnieces : Eva, Elza un Annija, bet k\u0101 atbalsta persona l\u012bdzi dev\u0101s skolot\u0101ja Inga Blumfelde.<\/p>\n<p><img loading=\"lazy\" decoding=\"async\" class=\"wp-image-2022 aligncenter\" src=\"https:\/\/www.lpskola.lv\/wp-content\/uploads\/2024\/06\/WhatsApp-Image-2024-03-18-at-12.56.30-300x225.jpeg\" alt=\"\" width=\"832\" height=\"624\" srcset=\"https:\/\/www.lpskola.lv\/wp-content\/uploads\/2024\/06\/WhatsApp-Image-2024-03-18-at-12.56.30-300x225.jpeg 300w, https:\/\/www.lpskola.lv\/wp-content\/uploads\/2024\/06\/WhatsApp-Image-2024-03-18-at-12.56.30-1024x768.jpeg 1024w, https:\/\/www.lpskola.lv\/wp-content\/uploads\/2024\/06\/WhatsApp-Image-2024-03-18-at-12.56.30-768x576.jpeg 768w, https:\/\/www.lpskola.lv\/wp-content\/uploads\/2024\/06\/WhatsApp-Image-2024-03-18-at-12.56.30-1536x1152.jpeg 1536w, https:\/\/www.lpskola.lv\/wp-content\/uploads\/2024\/06\/WhatsApp-Image-2024-03-18-at-12.56.30-465x349.jpeg 465w, https:\/\/www.lpskola.lv\/wp-content\/uploads\/2024\/06\/WhatsApp-Image-2024-03-18-at-12.56.30-667x500.jpeg 667w, https:\/\/www.lpskola.lv\/wp-content\/uploads\/2024\/06\/WhatsApp-Image-2024-03-18-at-12.56.30.jpeg 2000w\" sizes=\"auto, (max-width: 832px) 100vw, 832px\" \/><\/p>\n<p>\u0160ogad iniciat\u012bvas \u201cKontakts\u201d ietvaros tiek stiprin\u0101ts pa\u0161p\u0101rval\u017eu t\u012bkls Latvijas izgl\u012bt\u012bbas iest\u0101d\u0113s, sekm\u0113jot jaunie\u0161u akt\u012bvu pilsonisko l\u012bdzdal\u012bbu un veicinot prasmes nov\u0113rst mobingu un veidot skolas vidi atbalsto\u0161u un cie\u0146pilnu.<\/p>\n<p>&nbsp;<\/p>\n","protected":false},"excerpt":{"rendered":"<p>\u201cProjekts \u012bstenots Izgl\u012bt\u012bbas un zin\u0101tnes ministrijas Jaunatnes politikas valsts programmas 2023.-2025.\u00a0gadam valsts bud\u017eeta finans\u0113juma ietvaros\u201d. \u00a0 Iniciat\u012bva \u201cKontakts\u201d Jaunatnes starptautisko programmu a\u0123ent\u016bra Jaunatnes politikas valsts programmas 2023.-2025. gadam ietvaros 22.02.2023. izsludin\u0101jusi atkl\u0101to projektu konkursu \u201cAtbalsts izgl\u012bt\u012bbas iest\u0101\u017eu pa\u0161p\u0101rval\u017eu att\u012bst\u012bbai programmas \u201cKontakts\u201d iniciat\u012bvu projektu \u012bsteno\u0161anai\u201d. Lielv\u0101rdes pamatskolas Skol\u0113nu padomes dal\u012bba inicit\u012bv\u0101<span class=\"more-link\"><a href=\"https:\/\/www.lpskola.lv\/?page_id=2499\">Uzzin\u0101t vair\u0101k<\/a><\/span><\/p>\n","protected":false},"author":4,"featured_media":0,"parent":0,"menu_order":0,"comment_status":"closed","ping_status":"closed","template":"","meta":{"footnotes":""},"class_list":["entry","author-ilze","post-2499","page","type-page","status-publish"],"_links":{"self":[{"href":"https:\/\/www.lpskola.lv\/index.php?rest_route=\/wp\/v2\/pages\/2499","targetHints":{"allow":["GET"]}}],"collection":[{"href":"https:\/\/www.lpskola.lv\/index.php?rest_route=\/wp\/v2\/pages"}],"about":[{"href":"https:\/\/www.lpskola.lv\/index.php?rest_route=\/wp\/v2\/types\/page"}],"author":[{"embeddable":true,"href":"https:\/\/www.lpskola.lv\/index.php?rest_route=\/wp\/v2\/users\/4"}],"replies":[{"embeddable":true,"href":"https:\/\/www.lpskola.lv\/index.php?rest_route=%2Fwp%2Fv2%2Fcomments&post=2499"}],"version-history":[{"count":6,"href":"https:\/\/www.lpskola.lv\/index.php?rest_route=\/wp\/v2\/pages\/2499\/revisions"}],"predecessor-version":[{"id":2510,"href":"https:\/\/www.lpskola.lv\/index.php?rest_route=\/wp\/v2\/pages\/2499\/revisions\/2510"}],"wp:attachment":[{"href":"https:\/\/www.lpskola.lv\/index.php?rest_route=%2Fwp%2Fv2%2Fmedia&parent=2499"}],"curies":[{"name":"wp","href":"https:\/\/api.w.org\/{rel}","templated":true}]}}