{"id":2473,"date":"2023-12-16T19:55:46","date_gmt":"2023-12-16T19:55:46","guid":{"rendered":"https:\/\/www.lpskola.lv\/?page_id=2473"},"modified":"2024-12-16T20:02:54","modified_gmt":"2024-12-16T20:02:54","slug":"2023-2024-m-g-3","status":"publish","type":"page","link":"https:\/\/www.lpskola.lv\/?page_id=2473","title":{"rendered":"2023.\/2024.m.g."},"content":{"rendered":"<p><b>Lielv\u0101rdes pamatskolas<\/b><\/p>\n<p><b>Skol\u0113nu padome<\/b><\/p>\n<p><b>2023.\/2024.m.g.<\/b><\/p>\n<p>&nbsp;<\/p>\n<p><span style=\"font-weight: 400;\">Skol\u0113nu padomes vad\u012bt\u0101ja \u2013 Eva, 9.b<\/span><\/p>\n<p><span style=\"font-weight: 400;\">Skol\u0113nu padomes vad\u012bt\u0101jas vietniece \u2013 Annija, 9.b<\/span><\/p>\n<p>&nbsp;<\/p>\n<table>\n<tbody>\n<tr>\n<td><strong>Klase<\/strong><\/td>\n<td><strong>V\u0101rds, uzv\u0101rds<\/strong><\/td>\n<\/tr>\n<tr>\n<td><span style=\"font-weight: 400;\">4.a<\/span><\/td>\n<td><span style=\"font-weight: 400;\">Stef\u0101nija Maija, Kristi\u0101ns\u00a0<\/span><\/td>\n<\/tr>\n<tr>\n<td><span style=\"font-weight: 400;\">4.b<\/span><\/td>\n<td><span style=\"font-weight: 400;\">Evel\u012bna, Linda\u00a0<\/span><\/td>\n<\/tr>\n<tr>\n<td><span style=\"font-weight: 400;\">5.a<\/span><\/td>\n<td><span style=\"font-weight: 400;\">Henrijs, Intars<\/span><\/td>\n<\/tr>\n<tr>\n<td><span style=\"font-weight: 400;\">5.b<\/span><\/td>\n<td><span style=\"font-weight: 400;\">Roberts<\/span><\/td>\n<\/tr>\n<tr>\n<td><span style=\"font-weight: 400;\">6.a<\/span><\/td>\n<td><span style=\"font-weight: 400;\">Gabriels<\/span><\/td>\n<\/tr>\n<tr>\n<td><span style=\"font-weight: 400;\">6.b<\/span><\/td>\n<td><span style=\"font-weight: 400;\">Gundega, Art\u016brs<\/span><\/td>\n<\/tr>\n<tr>\n<td><span style=\"font-weight: 400;\">7.a<\/span><\/td>\n<td><span style=\"font-weight: 400;\">Leo, Katr\u012bna, Leo Olivers<\/span><\/td>\n<\/tr>\n<tr>\n<td><span style=\"font-weight: 400;\">8.a<\/span><\/td>\n<td><span style=\"font-weight: 400;\">Anna Marija, Kitija, Kristi\u0101na<\/span><\/td>\n<\/tr>\n<tr>\n<td><span style=\"font-weight: 400;\">9.a<\/span><\/td>\n<td><span style=\"font-weight: 400;\">Eva, Annija, Daniels\u00a0<\/span><\/td>\n<\/tr>\n<tr>\n<td><span style=\"font-weight: 400;\">9.b\u00a0<\/span><\/td>\n<td><span style=\"font-weight: 400;\">Kate, Laura, Nellija, Em\u012blija, R\u016bta, Madara<\/span><\/td>\n<\/tr>\n<\/tbody>\n<\/table>\n","protected":false},"excerpt":{"rendered":"<p>Lielv\u0101rdes pamatskolas Skol\u0113nu padome 2023.\/2024.m.g. &nbsp; Skol\u0113nu padomes vad\u012bt\u0101ja \u2013 Eva, 9.b Skol\u0113nu padomes vad\u012bt\u0101jas vietniece \u2013 Annija, 9.b &nbsp; Klase V\u0101rds, uzv\u0101rds 4.a Stef\u0101nija Maija, Kristi\u0101ns\u00a0 4.b Evel\u012bna, Linda\u00a0 5.a Henrijs, Intars 5.b Roberts 6.a Gabriels 6.b Gundega, Art\u016brs 7.a Leo, Katr\u012bna, Leo Olivers 8.a Anna Marija, Kitija, Kristi\u0101na<span class=\"more-link\"><a href=\"https:\/\/www.lpskola.lv\/?page_id=2473\">Uzzin\u0101t vair\u0101k<\/a><\/span><\/p>\n","protected":false},"author":4,"featured_media":0,"parent":0,"menu_order":0,"comment_status":"closed","ping_status":"closed","template":"","meta":{"footnotes":""},"class_list":["entry","author-ilze","post-2473","page","type-page","status-publish"],"_links":{"self":[{"href":"https:\/\/www.lpskola.lv\/index.php?rest_route=\/wp\/v2\/pages\/2473","targetHints":{"allow":["GET"]}}],"collection":[{"href":"https:\/\/www.lpskola.lv\/index.php?rest_route=\/wp\/v2\/pages"}],"about":[{"href":"https:\/\/www.lpskola.lv\/index.php?rest_route=\/wp\/v2\/types\/page"}],"author":[{"embeddable":true,"href":"https:\/\/www.lpskola.lv\/index.php?rest_route=\/wp\/v2\/users\/4"}],"replies":[{"embeddable":true,"href":"https:\/\/www.lpskola.lv\/index.php?rest_route=%2Fwp%2Fv2%2Fcomments&post=2473"}],"version-history":[{"count":3,"href":"https:\/\/www.lpskola.lv\/index.php?rest_route=\/wp\/v2\/pages\/2473\/revisions"}],"predecessor-version":[{"id":2486,"href":"https:\/\/www.lpskola.lv\/index.php?rest_route=\/wp\/v2\/pages\/2473\/revisions\/2486"}],"wp:attachment":[{"href":"https:\/\/www.lpskola.lv\/index.php?rest_route=%2Fwp%2Fv2%2Fmedia&parent=2473"}],"curies":[{"name":"wp","href":"https:\/\/api.w.org\/{rel}","templated":true}]}}