{"id":2462,"date":"2020-12-15T18:03:24","date_gmt":"2020-12-15T18:03:24","guid":{"rendered":"https:\/\/www.lpskola.lv\/?page_id=2462"},"modified":"2024-12-15T18:04:37","modified_gmt":"2024-12-15T18:04:37","slug":"aktivitates-2","status":"publish","type":"page","link":"https:\/\/www.lpskola.lv\/?page_id=2462","title":{"rendered":"Aktivit\u0101tes"},"content":{"rendered":"<h3 style=\"text-align: center;\"><strong>Pa\u0161p\u0101rval\u017eu apm\u0101c\u012bbas projekts<\/strong><\/h3>\n<p>Lielv\u0101rdes novada pa\u0161vald\u012bba ar Izgl\u012bt\u012bbas un zin\u0101tnes ministrijas Jaunatnes politikas valsts programmas atbalstu ir uzs\u0101kusi projekta \u201cSkat\u0101mies vien\u0101 virzien\u0101!\u201d \u012bsteno\u0161anu. Projekta tie\u0161\u0101 m\u0113r\u0137a grupa ir darb\u0101 ar jaunatni iesaist\u012bt\u0101s personas, iest\u0101des, organiz\u0101cijas, biedr\u012bbas, k\u0101 ar\u012b Lielv\u0101rdes novada skolu jaunie\u0161i, pa\u0161p\u0101rval\u017eu dal\u012bbnieki.<\/p>\n<p>Projektu pl\u0101nots \u012bstenot no 01.10.2019. \u2013 10.06.2020. Lielv\u0101rdes novad\u0101 \u2013 Lielv\u0101rd\u0113, L\u0113dman\u0113, Jumprav\u0101.<\/p>\n<p>Lai sasniegtu projekta m\u0113r\u0137i, tiks \u012bstenotas sekojo\u0161as galven\u0101s aktivit\u0101tes \u2013 ilgtsp\u0113j\u012bgas darba grupas izveide, neform\u0101l\u0101s izgl\u012bt\u012bbas apm\u0101c\u012bbu cikls skolu jaunie\u0161iem, organiz\u0113ta rado\u0161a sadarb\u012bbas aktivit\u0101te, novada jaunie\u0161u viedok\u013cu aptauja un darba grupas izstr\u0101d\u0101ts r\u012bc\u012bbas pl\u0101ns.<\/p>\n<p>Galvenie sasniedzamie projekta rezult\u0101ti \u2013 ilgtsp\u0113j\u012bga r\u012bc\u012bbas pl\u0101na izstr\u0101de, ieg\u016bti kvalitat\u012bvi un kvantitat\u012bvi dati jaunie\u0161u viedok\u013cu aptauj\u0101, jaunie\u0161i un darba grup\u0101 iesaist\u012bt\u0101s personas ir ieguvu\u0161as da\u017e\u0101das kompetences caur\u00a0<em>\u201cm\u0101coties darot\u201d<\/em>\u00a0prizmu, paaugstin\u0101ju\u0161i savu motiv\u0101ciju un l\u012bdzdal\u012bbu.<\/p>\n<p>Projekt\u0101 ieg\u016btie rezult\u0101ti tiks izmantoti n\u0101ko\u0161\u0101s Lielv\u0101rdes novada Jaunatnes politikas att\u012bst\u012bbas programmas izstr\u0101dei.<\/p>\n<p><strong>\u0160aj\u0101 skol\u0113nu pa\u0161p\u0101rval\u017eu apm\u0101c\u012bbas projekt\u0101 m\u016bsu skolu p\u0101rst\u0101v\u0113ja pieci vec\u0101ko kla\u0161u skol\u0113ni.<\/strong><\/p>\n<p style=\"text-align: right;\"><em>Lielv\u0101rdes pamatskolas direktora vietniece Inga Blumfelde<\/em><\/p>\n","protected":false},"excerpt":{"rendered":"<p>Pa\u0161p\u0101rval\u017eu apm\u0101c\u012bbas projekts Lielv\u0101rdes novada pa\u0161vald\u012bba ar Izgl\u012bt\u012bbas un zin\u0101tnes ministrijas Jaunatnes politikas valsts programmas atbalstu ir uzs\u0101kusi projekta \u201cSkat\u0101mies vien\u0101 virzien\u0101!\u201d \u012bsteno\u0161anu. Projekta tie\u0161\u0101 m\u0113r\u0137a grupa ir darb\u0101 ar jaunatni iesaist\u012bt\u0101s personas, iest\u0101des, organiz\u0101cijas, biedr\u012bbas, k\u0101 ar\u012b Lielv\u0101rdes novada skolu jaunie\u0161i, pa\u0161p\u0101rval\u017eu dal\u012bbnieki. Projektu pl\u0101nots \u012bstenot no 01.10.2019. \u2013<span class=\"more-link\"><a href=\"https:\/\/www.lpskola.lv\/?page_id=2462\">Uzzin\u0101t vair\u0101k<\/a><\/span><\/p>\n","protected":false},"author":3,"featured_media":0,"parent":0,"menu_order":0,"comment_status":"closed","ping_status":"closed","template":"","meta":{"footnotes":""},"class_list":["entry","author-marisroga","post-2462","page","type-page","status-publish"],"_links":{"self":[{"href":"https:\/\/www.lpskola.lv\/index.php?rest_route=\/wp\/v2\/pages\/2462","targetHints":{"allow":["GET"]}}],"collection":[{"href":"https:\/\/www.lpskola.lv\/index.php?rest_route=\/wp\/v2\/pages"}],"about":[{"href":"https:\/\/www.lpskola.lv\/index.php?rest_route=\/wp\/v2\/types\/page"}],"author":[{"embeddable":true,"href":"https:\/\/www.lpskola.lv\/index.php?rest_route=\/wp\/v2\/users\/3"}],"replies":[{"embeddable":true,"href":"https:\/\/www.lpskola.lv\/index.php?rest_route=%2Fwp%2Fv2%2Fcomments&post=2462"}],"version-history":[{"count":2,"href":"https:\/\/www.lpskola.lv\/index.php?rest_route=\/wp\/v2\/pages\/2462\/revisions"}],"predecessor-version":[{"id":2467,"href":"https:\/\/www.lpskola.lv\/index.php?rest_route=\/wp\/v2\/pages\/2462\/revisions\/2467"}],"wp:attachment":[{"href":"https:\/\/www.lpskola.lv\/index.php?rest_route=%2Fwp%2Fv2%2Fmedia&parent=2462"}],"curies":[{"name":"wp","href":"https:\/\/api.w.org\/{rel}","templated":true}]}}