{"id":2376,"date":"2023-05-14T13:03:29","date_gmt":"2023-05-14T13:03:29","guid":{"rendered":"https:\/\/www.lpskola.lv\/?page_id=2376"},"modified":"2026-02-07T09:32:36","modified_gmt":"2026-02-07T09:32:36","slug":"2022-2023-m-g-2","status":"publish","type":"page","link":"https:\/\/www.lpskola.lv\/?page_id=2376","title":{"rendered":"2022.\/2023.m.g."},"content":{"rendered":"<figure>\r\n<h3 style=\"text-align: center;\"><a href=\"https:\/\/www.lpskola.lv\/wp-content\/uploads\/2026\/02\/LV-Skolas-soma_22.23.pdf\"><strong>Kult\u016brizgl\u012bt\u012bbas programmas \u201cLatvijas Skolas soma\u201d pas\u0101kumi 2022.\/2023.m.g.<\/strong><br \/><\/a><\/h3>\r\n<p class=\"has-text-align-left\">5.oktobr\u012b 1.-5.kla\u0161u skol\u0113niem bija iesp\u0113ja noklaus\u012bties aizraujo\u0161o muzik\u0101lo izr\u0101di \u00abPrinceses d\u0101rgumu l\u0101de\u00bb. Princeses lomu atveidoja talant\u012bg\u0101 dzied\u0101t\u0101ja un aktrise Be\u0101te Zviedre.<\/p>\r\n<!-- \/wp:post-content -->\r\n\r\n<!-- wp:paragraph -->\r\n<p>P\u0113c Vladimira Fedorovi\u010da Odojevska 1834. gad\u0101 sarakst\u012bt\u0101s pasakas par m\u016bzikas l\u0101d\u012bti mot\u012bviem re\u017eisore Dace Mic\u0101ne-Z\u0101l\u012bte rad\u012bjusi st\u0101stu par Princesi, kurai izdevies iel\u016bkoties muzik\u0101laj\u0101 l\u0101d\u0113. Kop\u0101 ar vi\u0146u klaus\u012bt\u0101js uzzina da\u017e\u0101dus m\u016bzikas pasaules nosl\u0113pumus.<\/p>\r\n<!-- \/wp:paragraph -->\r\n\r\n<!-- wp:paragraph -->\r\n<p>Skol\u0113ni var\u0113ja min\u0113t dziesmas no paz\u012bstam\u0101m anim\u0101cijas film\u0101m, atk\u0101rtot no\u0161u nosaukumus, atpaz\u012bt da\u017e\u0101dus m\u016bzikas intrumentus. Skol\u0113ni kop\u0101 ar Princesi var\u0113ja dzied\u0101t popul\u0101ras dziesmas un akt\u012bvi kust\u0113ties m\u016bzikas pavad\u012bjum\u0101. Koncerts bija izzino\u0161s, kr\u0101sains, jautrs un \u013coti skan\u012bgs.<\/p>\r\n<!-- \/wp:paragraph -->\r\n\r\n<!-- wp:paragraph -->\r\n<p>Programmas \u201cLatvijas skolas soma\u201d ietvaros skol\u0113ni iepaz\u012bst kult\u016bras norises m\u016bzik\u0101, te\u0101tr\u012b, dej\u0101, cirk\u0101, vizu\u0101laj\u0101 m\u0101ksl\u0101, kino, arhitekt\u016br\u0101, dizain\u0101, materi\u0101laj\u0101 un nemateri\u0101laj\u0101 kult\u016bras mantojum\u0101, literat\u016br\u0101 un gr\u0101matniec\u012bb\u0101, kas sniedz m\u0101ksliniecisku baud\u012bjumu, raisa p\u0101rdomas par person\u012bgi noz\u012bm\u012bgiem un sabiedriski aktu\u0101liem jaut\u0101jumiem, izklaid\u0113 un vienlaikus pal\u012bdz papla\u0161in\u0101t redzesloku un apg\u016bt m\u0101c\u012bbu saturu.<\/p>\r\n<!-- \/wp:paragraph -->\r\n\r\n<!-- wp:paragraph -->\r\n<p>Kult\u016brizgl\u012bt\u012bbas programma \u00abLatvijas skolas soma\u00bb nodro\u0161ina skol\u0113niem valsts apmaks\u0101tu iesp\u0113ju regul\u0101ri iepaz\u012bt Latvijas kult\u016bras v\u0113rt\u012bbas un laikmet\u012bg\u0101s izpausmes t\u0101 att\u012bstot kult\u016bras izpratnes un izpausmes kompetenci, nostiprina sabiedr\u012bbas izpratni par kult\u016bras \u012bpa\u0161o lomu person\u012bbas att\u012bst\u012bb\u0101 un 21. gadsimta zin\u0101\u0161anu ekonomik\u0101. T\u0101 sniedz noz\u012bm\u012bgu ieguvumu kult\u016bras nozarei, sekm\u0113jot jaunu kult\u016bras produktu veido\u0161anu b\u0113rnu un jaunie\u0161u auditorijai, paaugstinot rado\u0161o profesion\u0101\u013cu nodarbin\u0101t\u012bbu, k\u0101 ar\u012b veidojot n\u0101kotnes auditoriju.<\/p>\r\n<\/figure>\r\n<figure class=\"wp-block-image aligncenter size-full\"><img loading=\"lazy\" decoding=\"async\" width=\"400\" height=\"134\" class=\"wp-image-1660\" src=\"https:\/\/www.lpskola.lv\/wp-content\/uploads\/2023\/03\/soma.png\" alt=\"\" srcset=\"https:\/\/www.lpskola.lv\/wp-content\/uploads\/2023\/03\/soma.png 400w, https:\/\/www.lpskola.lv\/wp-content\/uploads\/2023\/03\/soma-300x101.png 300w\" sizes=\"auto, (max-width: 400px) 100vw, 400px\" \/><\/figure>\r\n<!-- \/wp:paragraph -->\r\n\r\n<!-- wp:paragraph {\"align\":\"center\"} -->\r\n<p class=\"has-text-align-center\"><strong>2023.gada 3.mart\u0101<\/strong><\/p>\r\n<!-- \/wp:paragraph -->\r\n\r\n<!-- wp:paragraph {\"align\":\"center\"} -->\r\n<p class=\"has-text-align-center\"><strong>Lielv\u0101rdes pamatskol\u0101<\/strong><\/p>\r\n<!-- \/wp:paragraph -->\r\n\r\n<!-- wp:paragraph {\"align\":\"center\"} -->\r\n<p class=\"has-text-align-center\"><strong>Koncertlekcija \u201cLe\u0123endas m\u016bzik\u0101\u201d<\/strong><\/p>\r\n<!-- \/wp:paragraph -->\r\n\r\n<!-- wp:paragraph -->\r\n<p>Koncertprogramm\u0101 \u201cLe\u0123endas m\u016bzik\u0101\u201d skol\u0113ni iepazina 20. un 21. gadsimta m\u016bzikas le\u0123endas \u2013 m\u016bziku, kas ir ietekm\u0113jusi paaudzes un atspogu\u013co v\u0113sturi. Skol\u0113ni klaus\u012bj\u0101s Latvij\u0101 rad\u012btu m\u016bziku un uzzin\u0101ja, k\u0101 m\u016bsu le\u0123endas ir ietekm\u0113ju\u0161\u0101s no aktualit\u0101t\u0113m pasaul\u0113. Programmu papildin\u0101ja \u012bpa\u0161i sagatavots videomateri\u0101ls ar dziesmu v\u0101rdiem un ori\u0123in\u0101lajiem m\u016bzikas video. Koncertlekcijas programm\u0101 izskan\u0113ja m\u016bzika, ko rad\u012bjusi grupa \u201cEolika\u201d,\u00a0 \u201cL\u012bvi\u201d, komponisti Raimonds Pauls, Zigm\u0101rs Liepi\u0146\u0161, Imants Kalni\u0146\u0161 un citi. Koncertlekcija norisin\u0101j\u0101s akt\u012bvi ar auditorijas iesaisti \u2013 ar viktor\u012bnas jaut\u0101jumiem, ar iesp\u0113ju dzied\u0101t l\u012bdzi un dejot visiem kop\u0101. (<a href=\"https:\/\/skolassomasprojekti.lv\/\">https:\/\/skolassomasprojekti.lv\/<\/a> )<\/p>\r\n<!-- \/wp:paragraph -->\r\n\r\n<!-- wp:paragraph -->\r\n<p>Skol\u0113nu domas:<\/p>\r\n<!-- \/wp:paragraph -->\r\n\r\n<!-- wp:list -->\r\n<ul><!-- wp:list-item -->\r\n<li>Var\u0113ja klaus\u012bties m\u016bzikas instrumentu skan\u0113jum\u0101 senas un popul\u0101ras dziesmas.<\/li>\r\n<!-- \/wp:list-item -->\r\n\r\n<!-- wp:list-item -->\r\n<li>Uzzin\u0101ju, ka Raimondam Paulam ir v\u0113l viens v\u0101rds &#8211; Oj\u0101rs.<\/li>\r\n<!-- \/wp:list-item -->\r\n\r\n<!-- wp:list-item -->\r\n<li>Uzzin\u0101ju par vair\u0101k\u0101m grup\u0101m un dziesm\u0101m, kuras nebiju dzird\u0113jis.<\/li>\r\n<!-- \/wp:list-item -->\r\n\r\n<!-- wp:list-item -->\r\n<li>Man \u013coti patika dziesmas un patika atbild\u0113t uz jaut\u0101jumiem par m\u016bziku.<\/li>\r\n<!-- \/wp:list-item -->\r\n\r\n<!-- wp:list-item -->\r\n<li>Es dzird\u0113ju \u013coti daudz latvie\u0161u roka dziesmas, kuras es nebiju dzird\u0113jusi.<\/li>\r\n<!-- \/wp:list-item -->\r\n\r\n<!-- wp:list-item -->\r\n<li>Man patika, ka visi kop\u0101 dzied\u0101ja dziesmu &#8220;Dz\u0113rven\u012bte&#8221;. V\u0101rdus var\u0113ja redz\u0113t ekr\u0101n\u0101.<\/li>\r\n<!-- \/wp:list-item -->\r\n\r\n<!-- wp:list-item -->\r\n<li>Es var\u0113ju vair\u0101k uzzin\u0101t par latvie\u0161u m\u016bziku, jo es parasti klausos dziesmas tikai\u00a0 ang\u013cu valod\u0101.<\/li>\r\n<!-- \/wp:list-item -->\r\n\r\n<!-- wp:list-item -->\r\n<li>Man patika pas\u0101kuma pozitivit\u0101te. Es ieteiktu noklaus\u012bties to citiem, kuriem ir v\u0113lme noskaidrot vair\u0101k par m\u016bzi\u0137iem, un tiem, kuri grib\u0113tu ieg\u016bt labu noska\u0146ojumu.<\/li>\r\n<!-- \/wp:list-item -->\r\n\r\n<!-- wp:list-item -->\r\n<li>Labi pavad\u012bts laiks klausoties dziesmas , dziedot l\u012bdzi, atbildot uz jaut\u0101jumiem, un uzzinot ko jaunu.<\/li>\r\n<!-- \/wp:list-item -->\r\n\r\n<!-- wp:list-item -->\r\n<li>Iesaku noklaus\u012bties \u0161o koncertu, jo var dzird\u0113t ener\u0123iskas, laim\u012bgas un ori\u0123in\u0101las dziesmas. Var uzzin\u0101t lietas, ko iepriek\u0161 nebiji dzird\u0113jis.<\/li>\r\n<!-- \/wp:list-item -->\r\n\r\n<!-- wp:list-item -->\r\n<li>\u00a0<\/li>\r\n<!-- \/wp:list-item --><\/ul>\r\n<!-- \/wp:list -->\r\n\r\n<!-- wp:paragraph -->\r\n<p>Programmas \u201cLatvijas skolas soma\u201d ietvaros skol\u0113ni iepaz\u012bst kult\u016bras norises m\u016bzik\u0101, te\u0101tr\u012b, dej\u0101, cirk\u0101, vizu\u0101laj\u0101 m\u0101ksl\u0101, kino, arhitekt\u016br\u0101, dizain\u0101, materi\u0101laj\u0101 un nemateri\u0101laj\u0101 kult\u016bras mantojum\u0101, literat\u016br\u0101 un gr\u0101matniec\u012bb\u0101, kas sniedz m\u0101ksliniecisku baud\u012bjumu, raisa p\u0101rdomas par person\u012bgi noz\u012bm\u012bgiem un sabiedriski aktu\u0101liem jaut\u0101jumiem, izklaid\u0113 un vienlaikus pal\u012bdz papla\u0161in\u0101t redzesloku un apg\u016bt m\u0101c\u012bbu saturu.<\/p>\r\n<!-- \/wp:paragraph -->\r\n\r\n<!-- wp:image {\"id\":1662,\"sizeSlug\":\"large\",\"linkDestination\":\"none\"} -->\r\n<figure class=\"wp-block-image size-large\"><img loading=\"lazy\" decoding=\"async\" width=\"1024\" height=\"768\" class=\"wp-image-1662\" src=\"https:\/\/www.lpskola.lv\/wp-content\/uploads\/2023\/03\/334901093_892273915413929_5623174122485892455_n-1024x768.jpg\" alt=\"\" srcset=\"https:\/\/www.lpskola.lv\/wp-content\/uploads\/2023\/03\/334901093_892273915413929_5623174122485892455_n-1024x768.jpg 1024w, https:\/\/www.lpskola.lv\/wp-content\/uploads\/2023\/03\/334901093_892273915413929_5623174122485892455_n-300x225.jpg 300w, https:\/\/www.lpskola.lv\/wp-content\/uploads\/2023\/03\/334901093_892273915413929_5623174122485892455_n-768x576.jpg 768w, https:\/\/www.lpskola.lv\/wp-content\/uploads\/2023\/03\/334901093_892273915413929_5623174122485892455_n-1536x1152.jpg 1536w, https:\/\/www.lpskola.lv\/wp-content\/uploads\/2023\/03\/334901093_892273915413929_5623174122485892455_n-465x349.jpg 465w, https:\/\/www.lpskola.lv\/wp-content\/uploads\/2023\/03\/334901093_892273915413929_5623174122485892455_n-667x500.jpg 667w, https:\/\/www.lpskola.lv\/wp-content\/uploads\/2023\/03\/334901093_892273915413929_5623174122485892455_n.jpg 2048w\" sizes=\"auto, (max-width: 1024px) 100vw, 1024px\" \/><\/figure>\r\n<!-- \/wp:image -->\r\n\r\n<!-- wp:paragraph -->\r\n<p>Kult\u016brizgl\u012bt\u012bbas programma \u00abLatvijas skolas soma\u00bb nodro\u0161ina skol\u0113niem valsts apmaks\u0101tu iesp\u0113ju regul\u0101ri iepaz\u012bt Latvijas kult\u016bras v\u0113rt\u012bbas un laikmet\u012bg\u0101s izpausmes t\u0101 att\u012bstot kult\u016bras izpratnes un izpausmes kompetenci, nostiprina sabiedr\u012bbas izpratni par kult\u016bras \u012bpa\u0161o lomu person\u012bbas att\u012bst\u012bb\u0101 un 21. gadsimta zin\u0101\u0161anu ekonomik\u0101. T\u0101 sniedz noz\u012bm\u012bgu ieguvumu kult\u016bras nozarei, sekm\u0113jot jaunu kult\u016bras produktu veido\u0161anu b\u0113rnu un jaunie\u0161u auditorijai, paaugstinot rado\u0161o profesion\u0101\u013cu nodarbin\u0101t\u012bbu, k\u0101 ar\u012b veidojot n\u0101kotnes auditoriju. (<a href=\"https:\/\/www.lnkc.gov.lv\/lv\/latvijas-skolas-soma\">https:\/\/www.lnkc.gov.lv\/lv\/latvijas-skolas-soma<\/a>)<\/p>\r\n<!-- \/wp:paragraph -->\r\n\r\n","protected":false},"excerpt":{"rendered":"<p>Kult\u016brizgl\u012bt\u012bbas programmas \u201cLatvijas Skolas soma\u201d pas\u0101kumi 2022.\/2023.m.g. 5.oktobr\u012b 1.-5.kla\u0161u skol\u0113niem bija iesp\u0113ja noklaus\u012bties aizraujo\u0161o muzik\u0101lo izr\u0101di \u00abPrinceses d\u0101rgumu l\u0101de\u00bb. Princeses lomu atveidoja talant\u012bg\u0101 dzied\u0101t\u0101ja un aktrise Be\u0101te Zviedre. P\u0113c Vladimira Fedorovi\u010da Odojevska 1834. gad\u0101 sarakst\u012bt\u0101s pasakas par m\u016bzikas l\u0101d\u012bti mot\u012bviem re\u017eisore Dace Mic\u0101ne-Z\u0101l\u012bte rad\u012bjusi st\u0101stu par Princesi, kurai izdevies iel\u016bkoties<span class=\"more-link\"><a href=\"https:\/\/www.lpskola.lv\/?page_id=2376\">Uzzin\u0101t vair\u0101k<\/a><\/span><\/p>\n","protected":false},"author":3,"featured_media":0,"parent":0,"menu_order":0,"comment_status":"closed","ping_status":"closed","template":"","meta":{"footnotes":""},"class_list":["entry","author-marisroga","post-2376","page","type-page","status-publish"],"_links":{"self":[{"href":"https:\/\/www.lpskola.lv\/index.php?rest_route=\/wp\/v2\/pages\/2376","targetHints":{"allow":["GET"]}}],"collection":[{"href":"https:\/\/www.lpskola.lv\/index.php?rest_route=\/wp\/v2\/pages"}],"about":[{"href":"https:\/\/www.lpskola.lv\/index.php?rest_route=\/wp\/v2\/types\/page"}],"author":[{"embeddable":true,"href":"https:\/\/www.lpskola.lv\/index.php?rest_route=\/wp\/v2\/users\/3"}],"replies":[{"embeddable":true,"href":"https:\/\/www.lpskola.lv\/index.php?rest_route=%2Fwp%2Fv2%2Fcomments&post=2376"}],"version-history":[{"count":5,"href":"https:\/\/www.lpskola.lv\/index.php?rest_route=\/wp\/v2\/pages\/2376\/revisions"}],"predecessor-version":[{"id":3570,"href":"https:\/\/www.lpskola.lv\/index.php?rest_route=\/wp\/v2\/pages\/2376\/revisions\/3570"}],"wp:attachment":[{"href":"https:\/\/www.lpskola.lv\/index.php?rest_route=%2Fwp%2Fv2%2Fmedia&parent=2376"}],"curies":[{"name":"wp","href":"https:\/\/api.w.org\/{rel}","templated":true}]}}