{"id":2375,"date":"2023-12-14T13:03:28","date_gmt":"2023-12-14T13:03:28","guid":{"rendered":"https:\/\/www.lpskola.lv\/?page_id=2375"},"modified":"2026-02-07T09:33:47","modified_gmt":"2026-02-07T09:33:47","slug":"2023-2024-m-g-2","status":"publish","type":"page","link":"https:\/\/www.lpskola.lv\/?page_id=2375","title":{"rendered":"2023.\/2024.m.g."},"content":{"rendered":"<h3 style=\"text-align: center;\"><a href=\"https:\/\/www.lpskola.lv\/wp-content\/uploads\/2026\/02\/LV-Skolas-soma_23.24.pdf\"><strong>Kult\u016brizgl\u012bt\u012bbas programmas \u201cLatvijas Skolas soma\u201d pas\u0101kumi 2023.\/2024.m.g.<\/strong><br \/>\n<\/a><\/h3>\n<p><a href=\"https:\/\/www.lpskola.lv\/wp-content\/uploads\/2023\/10\/skolas_soma.jpg\"><img loading=\"lazy\" decoding=\"async\" class=\" wp-image-1751 aligncenter\" src=\"https:\/\/www.lpskola.lv\/wp-content\/uploads\/2023\/10\/skolas_soma-300x68.jpg\" alt=\"\" width=\"388\" height=\"88\" srcset=\"https:\/\/www.lpskola.lv\/wp-content\/uploads\/2023\/10\/skolas_soma-300x68.jpg 300w, https:\/\/www.lpskola.lv\/wp-content\/uploads\/2023\/10\/skolas_soma-460x106.jpg 460w, https:\/\/www.lpskola.lv\/wp-content\/uploads\/2023\/10\/skolas_soma-465x106.jpg 465w, https:\/\/www.lpskola.lv\/wp-content\/uploads\/2023\/10\/skolas_soma.jpg 469w\" sizes=\"auto, (max-width: 388px) 100vw, 388px\" \/><\/a><\/p>\n<p>22.septembr\u012b programmas <em>Latvijas skolas soma<\/em> ietvaros Lielv\u0101rdes pamatskolas skol\u0113ni iepazina m\u016bziku, kas velt\u012bta dzejnieka Imanta Ziedo\u0146a 90 gadu jubilejai.<\/p>\n<p>Koncertlekcij\u0101 skol\u0113ni iepazina I.Ziedo\u0146a dai\u013cradi, dzird\u0113ja vi\u0146a dzeju, p\u0101rdom\u0101ja atzi\u0146as, iel\u016bkoj\u0101s dzejnieka biogr\u0101fij\u0101 un vi\u0146a sabiedrisk\u0101s dz\u012bves aktivit\u0101t\u0113s. Skol\u0113ni tika aicin\u0101ti dom\u0101t par m\u016bziku, dzeju un par laikmetu, kad dziesmas tapu\u0161as, t\u0101 veicinot izpratni par Latvijas kult\u016bras bag\u0101t\u012bbu dzej\u0101 un m\u016bzik\u0101. Dzied\u0101t\u0101ja R\u016bta D\u016bduma un komponists J\u0101nis \u0136irsis atkl\u0101ja Imanta Ziedo\u0146a dzejas mijiedarb\u012bbu ar izcilajiem latvie\u0161u komponistiem un vi\u0146u m\u016bziku. Ren\u0101rs Kaupers, Raimonds Tiguls, K\u0101rlis L\u0101cis, Imants Kalni\u0146\u0161 ir vieni no daudziem ska\u0146ra\u017eiem, kuri ir izmantoju\u0161i Imanta Ziedo\u0146a dzeju sav\u0101 dai\u013crad\u0113. Skol\u0113ni var\u0113ja dzied\u0101t l\u012bdzi un piedal\u012bties muzik\u0101l\u0101 sp\u0113l\u0113 \u2013 labirint\u0101, mekl\u0113jot dziesmas un dzejo\u013cus, pa\u0161i tos izv\u0113loties.<\/p>\n<p>Programmas \u201cLatvijas skolas soma\u201d ietvaros skol\u0113ni iepaz\u012bst kult\u016bras norises m\u016bzik\u0101, te\u0101tr\u012b, dej\u0101, cirk\u0101, vizu\u0101laj\u0101 m\u0101ksl\u0101, kino, arhitekt\u016br\u0101, dizain\u0101, materi\u0101laj\u0101 un nemateri\u0101laj\u0101 kult\u016bras mantojum\u0101, literat\u016br\u0101 un gr\u0101matniec\u012bb\u0101, kas sniedz m\u0101ksliniecisku baud\u012bjumu, raisa p\u0101rdomas par person\u012bgi noz\u012bm\u012bgiem un sabiedriski aktu\u0101liem jaut\u0101jumiem, izklaid\u0113 un vienlaikus pal\u012bdz papla\u0161in\u0101t redzesloku un apg\u016bt m\u0101c\u012bbu saturu.<\/p>\n<p>Kult\u016brizgl\u012bt\u012bbas programma \u00abLatvijas skolas soma\u00bb nodro\u0161ina skol\u0113niem valsts apmaks\u0101tu iesp\u0113ju regul\u0101ri iepaz\u012bt Latvijas kult\u016bras v\u0113rt\u012bbas un laikmet\u012bg\u0101s izpausmes t\u0101 att\u012bstot kult\u016bras izpratnes un izpausmes kompetenci, nostiprina sabiedr\u012bbas izpratni par kult\u016bras \u012bpa\u0161o lomu person\u012bbas att\u012bst\u012bb\u0101 un 21. gadsimta zin\u0101\u0161anu ekonomik\u0101. T\u0101 sniedz noz\u012bm\u012bgu ieguvumu kult\u016bras nozarei, sekm\u0113jot jaunu kult\u016bras produktu veido\u0161anu b\u0113rnu un jaunie\u0161u auditorijai, paaugstinot rado\u0161o profesion\u0101\u013cu nodarbin\u0101t\u012bbu, k\u0101 ar\u012b veidojot n\u0101kotnes auditoriju. (<a href=\"https:\/\/www.lnkc.gov.lv\/lv\/latvijas-skolas-soma\">https:\/\/www.lnkc.gov.lv\/lv\/latvijas-skolas-soma<\/a>)<\/p>\n<p><a href=\"https:\/\/www.lpskola.lv\/wp-content\/uploads\/2023\/10\/383415371_244491504820202_4941621277448703927_n.jpg\"><img loading=\"lazy\" decoding=\"async\" class=\"wp-image-1752 aligncenter\" src=\"https:\/\/www.lpskola.lv\/wp-content\/uploads\/2023\/10\/383415371_244491504820202_4941621277448703927_n-300x225.jpg\" alt=\"\" width=\"479\" height=\"359\" srcset=\"https:\/\/www.lpskola.lv\/wp-content\/uploads\/2023\/10\/383415371_244491504820202_4941621277448703927_n-300x225.jpg 300w, https:\/\/www.lpskola.lv\/wp-content\/uploads\/2023\/10\/383415371_244491504820202_4941621277448703927_n-1024x768.jpg 1024w, https:\/\/www.lpskola.lv\/wp-content\/uploads\/2023\/10\/383415371_244491504820202_4941621277448703927_n-768x576.jpg 768w, https:\/\/www.lpskola.lv\/wp-content\/uploads\/2023\/10\/383415371_244491504820202_4941621277448703927_n-1536x1152.jpg 1536w, https:\/\/www.lpskola.lv\/wp-content\/uploads\/2023\/10\/383415371_244491504820202_4941621277448703927_n-465x349.jpg 465w, https:\/\/www.lpskola.lv\/wp-content\/uploads\/2023\/10\/383415371_244491504820202_4941621277448703927_n-667x500.jpg 667w, https:\/\/www.lpskola.lv\/wp-content\/uploads\/2023\/10\/383415371_244491504820202_4941621277448703927_n.jpg 2000w\" sizes=\"auto, (max-width: 479px) 100vw, 479px\" \/><\/a><\/p>\n","protected":false},"excerpt":{"rendered":"<p>Kult\u016brizgl\u012bt\u012bbas programmas \u201cLatvijas Skolas soma\u201d pas\u0101kumi 2023.\/2024.m.g. 22.septembr\u012b programmas Latvijas skolas soma ietvaros Lielv\u0101rdes pamatskolas skol\u0113ni iepazina m\u016bziku, kas velt\u012bta dzejnieka Imanta Ziedo\u0146a 90 gadu jubilejai. Koncertlekcij\u0101 skol\u0113ni iepazina I.Ziedo\u0146a dai\u013cradi, dzird\u0113ja vi\u0146a dzeju, p\u0101rdom\u0101ja atzi\u0146as, iel\u016bkoj\u0101s dzejnieka biogr\u0101fij\u0101 un vi\u0146a sabiedrisk\u0101s dz\u012bves aktivit\u0101t\u0113s. Skol\u0113ni tika aicin\u0101ti dom\u0101t par m\u016bziku,<span class=\"more-link\"><a href=\"https:\/\/www.lpskola.lv\/?page_id=2375\">Uzzin\u0101t vair\u0101k<\/a><\/span><\/p>\n","protected":false},"author":3,"featured_media":0,"parent":0,"menu_order":0,"comment_status":"closed","ping_status":"closed","template":"","meta":{"footnotes":""},"class_list":["entry","author-marisroga","post-2375","page","type-page","status-publish"],"_links":{"self":[{"href":"https:\/\/www.lpskola.lv\/index.php?rest_route=\/wp\/v2\/pages\/2375","targetHints":{"allow":["GET"]}}],"collection":[{"href":"https:\/\/www.lpskola.lv\/index.php?rest_route=\/wp\/v2\/pages"}],"about":[{"href":"https:\/\/www.lpskola.lv\/index.php?rest_route=\/wp\/v2\/types\/page"}],"author":[{"embeddable":true,"href":"https:\/\/www.lpskola.lv\/index.php?rest_route=\/wp\/v2\/users\/3"}],"replies":[{"embeddable":true,"href":"https:\/\/www.lpskola.lv\/index.php?rest_route=%2Fwp%2Fv2%2Fcomments&post=2375"}],"version-history":[{"count":6,"href":"https:\/\/www.lpskola.lv\/index.php?rest_route=\/wp\/v2\/pages\/2375\/revisions"}],"predecessor-version":[{"id":3572,"href":"https:\/\/www.lpskola.lv\/index.php?rest_route=\/wp\/v2\/pages\/2375\/revisions\/3572"}],"wp:attachment":[{"href":"https:\/\/www.lpskola.lv\/index.php?rest_route=%2Fwp%2Fv2%2Fmedia&parent=2375"}],"curies":[{"name":"wp","href":"https:\/\/api.w.org\/{rel}","templated":true}]}}