{"id":2367,"date":"2021-10-20T12:58:42","date_gmt":"2021-10-20T12:58:42","guid":{"rendered":"https:\/\/www.lpskola.lv\/?page_id=2367"},"modified":"2026-02-02T16:17:46","modified_gmt":"2026-02-02T16:17:46","slug":"2021-2022-m-g","status":"publish","type":"page","link":"https:\/\/www.lpskola.lv\/?page_id=2367","title":{"rendered":"2021.\/2022.m.g."},"content":{"rendered":"<p>No 11.-15.oktobrim Lielv\u0101rdes pamatskol\u0101 notika Karjeras ned\u0113\u013ca.<\/p>\n<p>Karjeras konsultants Inta Lipi\u0146a s\u0101kumskolas klas\u0113m ( 2.a,2.b, 3.a,3.b) vad\u012bja nodarb\u012bbu- sp\u0113li\u00a0 ,,Iepaz\u012bsti profesiju!\u2019\u2019 Sp\u0113les m\u0113r\u0137is \u2013 rosin\u0101t skol\u0113nu interesi un izpratni par profesiju daudzveid\u012bbu un to saturu.<\/p>\n<p>3.klas\u0113m bija interesanta nodarb\u012bba ar dendrologu. 4.b klase skat\u012bj\u0101s video un klaus\u012bj\u0101s Laumas t\u0113ta st\u0101st\u012bjumu par k\u016bdras ieguvi un ra\u017eo\u0161anu. Uzzin\u0101ja daudz jauku un interesantu faktu par \u0161o dabas resursu, piedal\u012bj\u0101s aizraujo\u0161\u0101s aktivit\u0101t\u0113s.<\/p>\n<p>5.a klases skol\u0113ni tik\u0101s ar helikopteru vec\u0101ko pilotu, uz\u0146\u0113m\u0113ju, soci\u0101lo darbinieku un b\u0113rnu \u0101rsti. Klaus\u012bj\u0101s st\u0101st\u012bjumos un iepazina \u0161o profesiju interesant\u0101k\u0101s lietas un sare\u017e\u0123\u012bt\u0101k\u0101s situ\u0101cijas, uzzin\u0101ja, kur var apg\u016bt \u0161\u0101das profesijas, cik ilgi j\u0101m\u0101c\u0101s. Skol\u0113niem tik\u0161an\u0101s patika un ar nepaciet\u012bbu gaid\u012bs n\u0101kam\u0101s tik\u0161an\u0101s.<\/p>\n<p>Ab\u0101m 7.klas\u0113m, datorikas skolot\u0101ja Ilze \u010cuibe &#8211; Oli\u0146a iem\u0101c\u012bja izmatot Kahoot aplik\u0101ciju zin\u0101\u0161anu par un ap profesij\u0101m sagatavo\u0161anu. Skol\u0113ni mekl\u0113ja inform\u0101ciju par da\u017e\u0101d\u0101m profesij\u0101m, piem\u0113ram, cik ilgi j\u0101m\u0101c\u0101s par skolot\u0101ju, kur var apg\u016bt arhitekta profesiju, ko dara veterin\u0101r\u0101rsts, ar ko p\u0101rvietoj\u0101s t\u0101lbrauc\u0113js\u2026<\/p>\n<p>Izp\u0113t\u012bt, sagatavot jaut\u0101jumus un p\u0113c tam padal\u012bties k\u0101 katrai grupai veicies, var\u0113ja izbaud\u012bt ik katrs skol\u0113ns. Tika izm\u0113\u0123in\u0101ti da\u017e\u0101di iesp\u0113jamie varianti p\u0101rbaud\u012bt savas zin\u0101\u0161anas, gan individu\u0101li, gan grup\u0101s. Skol\u0113niem \u013coti patika \u0161\u012b aktivit\u0101te un pl\u0101no to atk\u0101rtot sav\u0101 \u0123imenes lok\u0101, \u00a0p\u0101rbaud\u012bt savus klasesbiedrus p\u0113c k\u0101da nopietn\u0101ka projekta darba\u2026<\/p>\n<p>T\u0101 k\u0101 \u0161\u012b gada Karjeras ned\u0113\u013cas aktu\u0101l\u0101 t\u0113ma \u201cIKT\u201d tavai karjerai, no maz\u0101kaj\u0101m klas\u0113m jau s\u0101k\u0101m izprast, kas ir tas, kas mani uzrun\u0101 un iedvesmo. Tie\u0161i t\u0101p\u0113c, z\u012bm\u0113jums \u201cMans fant\u0101zijas t\u0113ls\u201d, \u201cMans filmu(multfilmu) varonis\u201d tika z\u012bm\u0113ts uz \u201cekr\u0101na\u201d. \u0160eit katram savs! B\u0113rniem \u013coti patika.<\/p>\n<p>&nbsp;<\/p>\n<p>Vec\u0101kiem bija un v\u0113ljoproj\u0101m ir iesp\u0113ja iepaz\u012bties ar materi\u0101lu \u201cTehnolo\u0123ijas \u0123imen\u0113 \u2013 draugs vai sve\u0161inieks?\u201d<\/p>\n<p><a href=\"https:\/\/fb.watch\/8J7fJiqi7C\/\">https:\/\/fb.watch\/8J7fJiqi7C\/<\/a><\/p>\n<p>Savuk\u0101rt, 7. \u2013 9.kla\u0161u grup\u0101m bija iesp\u0113ja piedal\u012bties diskusij\u0101 \u201c<\/p>\n<p><a href=\"https:\/\/fb.watch\/8J7krPdpEY\/\">https:\/\/fb.watch\/8J7krPdpEY\/<\/a><\/p>\n<p>M\u016bsdien\u0101s katra profesija ir \u013coti saist\u012bta IT nozari, bet kas tad ir IKT? To varami uzzin\u0101t mekl\u0113jot, interes\u0113joties, jaut\u0101jot. Lai izdodas atrast savu virzienu, kas aizrauj mani, ko ir tas, ko v\u0113lamies pabaud\u012bt un pilnveidot, virzoties uz savu Dz\u012bves m\u0113r\u0137i darba un karjeras jom\u0101.<\/p>\n<p><a href=\"https:\/\/fb.watch\/8J7wEhkpxX\/\">https:\/\/fb.watch\/8J7wEhkpxX\/<\/a><\/p>\n<p><em>\u00a0<\/em>#lielvardespamatskola #karjerasnedela #tavaikarjerai<\/p>\n","protected":false},"excerpt":{"rendered":"<p>No 11.-15.oktobrim Lielv\u0101rdes pamatskol\u0101 notika Karjeras ned\u0113\u013ca. Karjeras konsultants Inta Lipi\u0146a s\u0101kumskolas klas\u0113m ( 2.a,2.b, 3.a,3.b) vad\u012bja nodarb\u012bbu- sp\u0113li\u00a0 ,,Iepaz\u012bsti profesiju!\u2019\u2019 Sp\u0113les m\u0113r\u0137is \u2013 rosin\u0101t skol\u0113nu interesi un izpratni par profesiju daudzveid\u012bbu un to saturu. 3.klas\u0113m bija interesanta nodarb\u012bba ar dendrologu. 4.b klase skat\u012bj\u0101s video un klaus\u012bj\u0101s Laumas t\u0113ta st\u0101st\u012bjumu<span class=\"more-link\"><a href=\"https:\/\/www.lpskola.lv\/?page_id=2367\">Uzzin\u0101t vair\u0101k<\/a><\/span><\/p>\n","protected":false},"author":3,"featured_media":0,"parent":0,"menu_order":0,"comment_status":"closed","ping_status":"closed","template":"","meta":{"footnotes":""},"class_list":["entry","author-marisroga","post-2367","page","type-page","status-publish"],"_links":{"self":[{"href":"https:\/\/www.lpskola.lv\/index.php?rest_route=\/wp\/v2\/pages\/2367","targetHints":{"allow":["GET"]}}],"collection":[{"href":"https:\/\/www.lpskola.lv\/index.php?rest_route=\/wp\/v2\/pages"}],"about":[{"href":"https:\/\/www.lpskola.lv\/index.php?rest_route=\/wp\/v2\/types\/page"}],"author":[{"embeddable":true,"href":"https:\/\/www.lpskola.lv\/index.php?rest_route=\/wp\/v2\/users\/3"}],"replies":[{"embeddable":true,"href":"https:\/\/www.lpskola.lv\/index.php?rest_route=%2Fwp%2Fv2%2Fcomments&post=2367"}],"version-history":[{"count":4,"href":"https:\/\/www.lpskola.lv\/index.php?rest_route=\/wp\/v2\/pages\/2367\/revisions"}],"predecessor-version":[{"id":3524,"href":"https:\/\/www.lpskola.lv\/index.php?rest_route=\/wp\/v2\/pages\/2367\/revisions\/3524"}],"wp:attachment":[{"href":"https:\/\/www.lpskola.lv\/index.php?rest_route=%2Fwp%2Fv2%2Fmedia&parent=2367"}],"curies":[{"name":"wp","href":"https:\/\/api.w.org\/{rel}","templated":true}]}}