{"id":2347,"date":"2023-10-15T12:36:39","date_gmt":"2023-10-15T12:36:39","guid":{"rendered":"https:\/\/www.lpskola.lv\/?page_id=2347"},"modified":"2026-02-02T16:18:36","modified_gmt":"2026-02-02T16:18:36","slug":"2023-2024-m-g","status":"publish","type":"page","link":"https:\/\/www.lpskola.lv\/?page_id=2347","title":{"rendered":"2023.\/2024.m.g."},"content":{"rendered":"<p>No 16.-20.oktobrim Lielv\u0101rdes pamatskol\u0101 notika Karjeras ned\u0113\u013ca \u2018\u2019Tavs prasmju portfelis\u2019\u2019.<\/p>\n<p>Skol\u0113nus apciemoja gan vec\u0101ki, gan skolas absolventi, kuri iepaz\u012bstin\u0101ja ar sav\u0101m profesij\u0101m, saviem va\u013caspriekiem.<\/p>\n<p>9.klases \u00a0pild\u012bja karjeras izv\u0113les testus \u2018\u2019V\u0113rt\u012bbu sv\u0113rtuve\u2019\u2019, \u2018\u2019Sp\u0113ju detektori\u2019\u2019 un \u2018\u2019Karjeras iesp\u0113ju diagnostika\u2019\u2019.<\/p>\n<p>7.a un 9.a klase tik\u0101s ar absolventi Ievu Biti, kura iepaz\u012bstin\u0101ja ar savu karjeras ce\u013cu.<\/p>\n<p style=\"text-align: center;\">4.a klase iepazin\u0101s ar karav\u012bra profesiju, ekip\u0113jumu, tehniku.<\/p>\n<p><img loading=\"lazy\" decoding=\"async\" class=\"alignnone wp-image-1792\" src=\"https:\/\/www.lpskola.lv\/wp-content\/uploads\/2023\/10\/IMG-20231023-WA0006-225x300.jpg\" alt=\"\" width=\"287\" height=\"383\" srcset=\"https:\/\/www.lpskola.lv\/wp-content\/uploads\/2023\/10\/IMG-20231023-WA0006-225x300.jpg 225w, https:\/\/www.lpskola.lv\/wp-content\/uploads\/2023\/10\/IMG-20231023-WA0006-413x550.jpg 413w, https:\/\/www.lpskola.lv\/wp-content\/uploads\/2023\/10\/IMG-20231023-WA0006-375x500.jpg 375w, https:\/\/www.lpskola.lv\/wp-content\/uploads\/2023\/10\/IMG-20231023-WA0006.jpg 768w\" sizes=\"auto, (max-width: 287px) 100vw, 287px\" \/> <img loading=\"lazy\" decoding=\"async\" class=\"alignnone wp-image-1793\" src=\"https:\/\/www.lpskola.lv\/wp-content\/uploads\/2023\/10\/IMG-20231023-WA0005-300x225.jpg\" alt=\"\" width=\"510\" height=\"383\" srcset=\"https:\/\/www.lpskola.lv\/wp-content\/uploads\/2023\/10\/IMG-20231023-WA0005-300x225.jpg 300w, https:\/\/www.lpskola.lv\/wp-content\/uploads\/2023\/10\/IMG-20231023-WA0005-768x576.jpg 768w, https:\/\/www.lpskola.lv\/wp-content\/uploads\/2023\/10\/IMG-20231023-WA0005-465x349.jpg 465w, https:\/\/www.lpskola.lv\/wp-content\/uploads\/2023\/10\/IMG-20231023-WA0005-667x500.jpg 667w, https:\/\/www.lpskola.lv\/wp-content\/uploads\/2023\/10\/IMG-20231023-WA0005.jpg 1024w\" sizes=\"auto, (max-width: 510px) 100vw, 510px\" \/><\/p>\n<p style=\"text-align: center;\">1.a un 5.a klase tik\u0101s ar dzejnieku un m\u016bzi\u0137i Lauri Valteru.<\/p>\n<p><img loading=\"lazy\" decoding=\"async\" class=\"alignnone wp-image-1794\" src=\"https:\/\/www.lpskola.lv\/wp-content\/uploads\/2023\/10\/IMG-20231023-WA0014-300x300.jpg\" alt=\"\" width=\"364\" height=\"364\" srcset=\"https:\/\/www.lpskola.lv\/wp-content\/uploads\/2023\/10\/IMG-20231023-WA0014-300x300.jpg 300w, https:\/\/www.lpskola.lv\/wp-content\/uploads\/2023\/10\/IMG-20231023-WA0014-1024x1024.jpg 1024w, https:\/\/www.lpskola.lv\/wp-content\/uploads\/2023\/10\/IMG-20231023-WA0014-150x150.jpg 150w, https:\/\/www.lpskola.lv\/wp-content\/uploads\/2023\/10\/IMG-20231023-WA0014-768x768.jpg 768w, https:\/\/www.lpskola.lv\/wp-content\/uploads\/2023\/10\/IMG-20231023-WA0014-1536x1536.jpg 1536w, https:\/\/www.lpskola.lv\/wp-content\/uploads\/2023\/10\/IMG-20231023-WA0014-465x465.jpg 465w, https:\/\/www.lpskola.lv\/wp-content\/uploads\/2023\/10\/IMG-20231023-WA0014-500x500.jpg 500w, https:\/\/www.lpskola.lv\/wp-content\/uploads\/2023\/10\/IMG-20231023-WA0014.jpg 2048w\" sizes=\"auto, (max-width: 364px) 100vw, 364px\" \/> <img loading=\"lazy\" decoding=\"async\" class=\" wp-image-1804\" src=\"https:\/\/www.lpskola.lv\/wp-content\/uploads\/2023\/10\/20231018_091520-300x225.jpg\" alt=\"\" width=\"483\" height=\"362\" srcset=\"https:\/\/www.lpskola.lv\/wp-content\/uploads\/2023\/10\/20231018_091520-300x225.jpg 300w, https:\/\/www.lpskola.lv\/wp-content\/uploads\/2023\/10\/20231018_091520-1024x768.jpg 1024w, https:\/\/www.lpskola.lv\/wp-content\/uploads\/2023\/10\/20231018_091520-768x576.jpg 768w, https:\/\/www.lpskola.lv\/wp-content\/uploads\/2023\/10\/20231018_091520-1536x1152.jpg 1536w, https:\/\/www.lpskola.lv\/wp-content\/uploads\/2023\/10\/20231018_091520-2048x1536.jpg 2048w, https:\/\/www.lpskola.lv\/wp-content\/uploads\/2023\/10\/20231018_091520-465x349.jpg 465w, https:\/\/www.lpskola.lv\/wp-content\/uploads\/2023\/10\/20231018_091520-667x500.jpg 667w\" sizes=\"auto, (max-width: 483px) 100vw, 483px\" \/><\/p>\n<p>5.a klase ar\u012b tik\u0101s ar absolventi Vitu Brok\u0101ni, kura iepaz\u012bstin\u0101ja skol\u0113nus ar skaistumkop\u0161anas pasauli.<\/p>\n<p><img loading=\"lazy\" decoding=\"async\" class=\" wp-image-1803\" src=\"https:\/\/www.lpskola.lv\/wp-content\/uploads\/2023\/10\/20231018_091302-300x225.jpg\" alt=\"\" width=\"692\" height=\"519\" srcset=\"https:\/\/www.lpskola.lv\/wp-content\/uploads\/2023\/10\/20231018_091302-300x225.jpg 300w, https:\/\/www.lpskola.lv\/wp-content\/uploads\/2023\/10\/20231018_091302-1024x768.jpg 1024w, https:\/\/www.lpskola.lv\/wp-content\/uploads\/2023\/10\/20231018_091302-768x576.jpg 768w, https:\/\/www.lpskola.lv\/wp-content\/uploads\/2023\/10\/20231018_091302-1536x1152.jpg 1536w, https:\/\/www.lpskola.lv\/wp-content\/uploads\/2023\/10\/20231018_091302-2048x1536.jpg 2048w, https:\/\/www.lpskola.lv\/wp-content\/uploads\/2023\/10\/20231018_091302-465x349.jpg 465w, https:\/\/www.lpskola.lv\/wp-content\/uploads\/2023\/10\/20231018_091302-667x500.jpg 667w\" sizes=\"auto, (max-width: 692px) 100vw, 692px\" \/><\/p>\n<p style=\"text-align: right;\"><a href=\"https:\/\/www.lpskola.lv\/wp-content\/uploads\/2023\/10\/20231018_091302.heic\"><img decoding=\"async\" class=\"alignnone size-full wp-image-1795\" src=\"https:\/\/www.lpskola.lv\/wp-content\/uploads\/2023\/10\/20231018_091302.heic\" alt=\"\" \/><\/a>1.b klase iepazina friziera darbu un noskaidroja, k\u0101 darbojas apkures sist\u0113mas.<\/p>\n<p><img loading=\"lazy\" decoding=\"async\" class=\"alignnone wp-image-1796\" src=\"https:\/\/www.lpskola.lv\/wp-content\/uploads\/2023\/10\/IMG-20231023-WA0020-300x138.jpg\" alt=\"\" width=\"657\" height=\"302\" srcset=\"https:\/\/www.lpskola.lv\/wp-content\/uploads\/2023\/10\/IMG-20231023-WA0020-300x138.jpg 300w, https:\/\/www.lpskola.lv\/wp-content\/uploads\/2023\/10\/IMG-20231023-WA0020-1024x472.jpg 1024w, https:\/\/www.lpskola.lv\/wp-content\/uploads\/2023\/10\/IMG-20231023-WA0020-768x354.jpg 768w, https:\/\/www.lpskola.lv\/wp-content\/uploads\/2023\/10\/IMG-20231023-WA0020-1536x708.jpg 1536w, https:\/\/www.lpskola.lv\/wp-content\/uploads\/2023\/10\/IMG-20231023-WA0020-465x214.jpg 465w, https:\/\/www.lpskola.lv\/wp-content\/uploads\/2023\/10\/IMG-20231023-WA0020-695x320.jpg 695w, https:\/\/www.lpskola.lv\/wp-content\/uploads\/2023\/10\/IMG-20231023-WA0020.jpg 1600w\" sizes=\"auto, (max-width: 657px) 100vw, 657px\" \/> <img loading=\"lazy\" decoding=\"async\" class=\"alignnone size-medium wp-image-1797\" src=\"https:\/\/www.lpskola.lv\/wp-content\/uploads\/2023\/10\/IMG-20231023-WA0017-225x300.jpg\" alt=\"\" width=\"225\" height=\"300\" srcset=\"https:\/\/www.lpskola.lv\/wp-content\/uploads\/2023\/10\/IMG-20231023-WA0017-225x300.jpg 225w, https:\/\/www.lpskola.lv\/wp-content\/uploads\/2023\/10\/IMG-20231023-WA0017-768x1024.jpg 768w, https:\/\/www.lpskola.lv\/wp-content\/uploads\/2023\/10\/IMG-20231023-WA0017-1152x1536.jpg 1152w, https:\/\/www.lpskola.lv\/wp-content\/uploads\/2023\/10\/IMG-20231023-WA0017-413x550.jpg 413w, https:\/\/www.lpskola.lv\/wp-content\/uploads\/2023\/10\/IMG-20231023-WA0017-375x500.jpg 375w, https:\/\/www.lpskola.lv\/wp-content\/uploads\/2023\/10\/IMG-20231023-WA0017.jpg 1200w\" sizes=\"auto, (max-width: 225px) 100vw, 225px\" \/><\/p>\n<p>2.a klase dev\u0101s m\u0101c\u012bbu ekskursij\u0101 uz SIA Haitex Latvia.<\/p>\n<p><img loading=\"lazy\" decoding=\"async\" class=\"alignnone wp-image-1798\" src=\"https:\/\/www.lpskola.lv\/wp-content\/uploads\/2023\/10\/IMG-20231023-WA0009-225x300.jpg\" alt=\"\" width=\"295\" height=\"393\" srcset=\"https:\/\/www.lpskola.lv\/wp-content\/uploads\/2023\/10\/IMG-20231023-WA0009-225x300.jpg 225w, https:\/\/www.lpskola.lv\/wp-content\/uploads\/2023\/10\/IMG-20231023-WA0009-413x550.jpg 413w, https:\/\/www.lpskola.lv\/wp-content\/uploads\/2023\/10\/IMG-20231023-WA0009-375x500.jpg 375w, https:\/\/www.lpskola.lv\/wp-content\/uploads\/2023\/10\/IMG-20231023-WA0009.jpg 768w\" sizes=\"auto, (max-width: 295px) 100vw, 295px\" \/> <img loading=\"lazy\" decoding=\"async\" class=\"alignnone wp-image-1799\" src=\"https:\/\/www.lpskola.lv\/wp-content\/uploads\/2023\/10\/IMG-20231023-WA0010-225x300.jpg\" alt=\"\" width=\"295\" height=\"393\" srcset=\"https:\/\/www.lpskola.lv\/wp-content\/uploads\/2023\/10\/IMG-20231023-WA0010-225x300.jpg 225w, https:\/\/www.lpskola.lv\/wp-content\/uploads\/2023\/10\/IMG-20231023-WA0010-413x550.jpg 413w, https:\/\/www.lpskola.lv\/wp-content\/uploads\/2023\/10\/IMG-20231023-WA0010-375x500.jpg 375w, https:\/\/www.lpskola.lv\/wp-content\/uploads\/2023\/10\/IMG-20231023-WA0010.jpg 768w\" sizes=\"auto, (max-width: 295px) 100vw, 295px\" \/><\/p>\n<p><img loading=\"lazy\" decoding=\"async\" class=\"wp-image-1800 alignleft\" src=\"https:\/\/www.lpskola.lv\/wp-content\/uploads\/2023\/10\/IMG-20231023-WA0008-300x225.jpg\" alt=\"\" width=\"427\" height=\"320\" srcset=\"https:\/\/www.lpskola.lv\/wp-content\/uploads\/2023\/10\/IMG-20231023-WA0008-300x225.jpg 300w, https:\/\/www.lpskola.lv\/wp-content\/uploads\/2023\/10\/IMG-20231023-WA0008-768x576.jpg 768w, https:\/\/www.lpskola.lv\/wp-content\/uploads\/2023\/10\/IMG-20231023-WA0008-465x349.jpg 465w, https:\/\/www.lpskola.lv\/wp-content\/uploads\/2023\/10\/IMG-20231023-WA0008-667x500.jpg 667w, https:\/\/www.lpskola.lv\/wp-content\/uploads\/2023\/10\/IMG-20231023-WA0008.jpg 1024w\" sizes=\"auto, (max-width: 427px) 100vw, 427px\" \/><\/p>\n<p>&nbsp;<\/p>\n<p>&nbsp;<\/p>\n<p>&nbsp;<\/p>\n<p>&nbsp;<\/p>\n<p>&nbsp;<\/p>\n<p>&nbsp;<\/p>\n<p>&nbsp;<\/p>\n<p>3.b klase noskaidroja, ko dara komunik\u0101cijas eksperte, k\u0101 ar\u012b z\u012bm\u0113ja skaistas mandalas.<\/p>\n<p>&nbsp;<\/p>\n<p><img loading=\"lazy\" decoding=\"async\" class=\"alignnone wp-image-1801\" src=\"https:\/\/www.lpskola.lv\/wp-content\/uploads\/2023\/10\/IMG-20231023-WA0032-300x300.jpg\" alt=\"\" width=\"489\" height=\"489\" srcset=\"https:\/\/www.lpskola.lv\/wp-content\/uploads\/2023\/10\/IMG-20231023-WA0032-300x300.jpg 300w, https:\/\/www.lpskola.lv\/wp-content\/uploads\/2023\/10\/IMG-20231023-WA0032-1022x1024.jpg 1022w, https:\/\/www.lpskola.lv\/wp-content\/uploads\/2023\/10\/IMG-20231023-WA0032-150x150.jpg 150w, https:\/\/www.lpskola.lv\/wp-content\/uploads\/2023\/10\/IMG-20231023-WA0032-768x769.jpg 768w, https:\/\/www.lpskola.lv\/wp-content\/uploads\/2023\/10\/IMG-20231023-WA0032-465x466.jpg 465w, https:\/\/www.lpskola.lv\/wp-content\/uploads\/2023\/10\/IMG-20231023-WA0032-499x500.jpg 499w, https:\/\/www.lpskola.lv\/wp-content\/uploads\/2023\/10\/IMG-20231023-WA0032.jpg 1080w\" sizes=\"auto, (max-width: 489px) 100vw, 489px\" \/> <img loading=\"lazy\" decoding=\"async\" class=\"alignnone wp-image-1802\" src=\"https:\/\/www.lpskola.lv\/wp-content\/uploads\/2023\/10\/IMG-20231023-WA0028-226x300.jpg\" alt=\"\" width=\"369\" height=\"490\" srcset=\"https:\/\/www.lpskola.lv\/wp-content\/uploads\/2023\/10\/IMG-20231023-WA0028-226x300.jpg 226w, https:\/\/www.lpskola.lv\/wp-content\/uploads\/2023\/10\/IMG-20231023-WA0028-771x1024.jpg 771w, https:\/\/www.lpskola.lv\/wp-content\/uploads\/2023\/10\/IMG-20231023-WA0028-768x1020.jpg 768w, https:\/\/www.lpskola.lv\/wp-content\/uploads\/2023\/10\/IMG-20231023-WA0028-1157x1536.jpg 1157w, https:\/\/www.lpskola.lv\/wp-content\/uploads\/2023\/10\/IMG-20231023-WA0028-414x550.jpg 414w, https:\/\/www.lpskola.lv\/wp-content\/uploads\/2023\/10\/IMG-20231023-WA0028-376x500.jpg 376w, https:\/\/www.lpskola.lv\/wp-content\/uploads\/2023\/10\/IMG-20231023-WA0028.jpg 1536w\" sizes=\"auto, (max-width: 369px) 100vw, 369px\" \/><\/p>\n<p>5.b klase klaus\u012bj\u0101s vet\u0101rsta veiksmes st\u0101stu \u00a0un piedal\u012bj\u0101s IT prasmju dien\u0101.<\/p>\n<p>6.b klase iepazin\u0101s ar m\u0113rnieka profesiju.<\/p>\n<p>Ar\u012b vec\u0101kiem tie\u0161saist\u0113 bija nodarb\u012bba \u2018\u2019Konkur\u0113tsp\u0113j\u012bgas prasmes\u2019\u2019<\/p>\n","protected":false},"excerpt":{"rendered":"<p>No 16.-20.oktobrim Lielv\u0101rdes pamatskol\u0101 notika Karjeras ned\u0113\u013ca \u2018\u2019Tavs prasmju portfelis\u2019\u2019. Skol\u0113nus apciemoja gan vec\u0101ki, gan skolas absolventi, kuri iepaz\u012bstin\u0101ja ar sav\u0101m profesij\u0101m, saviem va\u013caspriekiem. 9.klases \u00a0pild\u012bja karjeras izv\u0113les testus \u2018\u2019V\u0113rt\u012bbu sv\u0113rtuve\u2019\u2019, \u2018\u2019Sp\u0113ju detektori\u2019\u2019 un \u2018\u2019Karjeras iesp\u0113ju diagnostika\u2019\u2019. 7.a un 9.a klase tik\u0101s ar absolventi Ievu Biti, kura iepaz\u012bstin\u0101ja ar savu<span class=\"more-link\"><a href=\"https:\/\/www.lpskola.lv\/?page_id=2347\">Uzzin\u0101t vair\u0101k<\/a><\/span><\/p>\n","protected":false},"author":3,"featured_media":0,"parent":0,"menu_order":0,"comment_status":"closed","ping_status":"closed","template":"","meta":{"footnotes":""},"class_list":["entry","author-marisroga","post-2347","page","type-page","status-publish"],"_links":{"self":[{"href":"https:\/\/www.lpskola.lv\/index.php?rest_route=\/wp\/v2\/pages\/2347","targetHints":{"allow":["GET"]}}],"collection":[{"href":"https:\/\/www.lpskola.lv\/index.php?rest_route=\/wp\/v2\/pages"}],"about":[{"href":"https:\/\/www.lpskola.lv\/index.php?rest_route=\/wp\/v2\/types\/page"}],"author":[{"embeddable":true,"href":"https:\/\/www.lpskola.lv\/index.php?rest_route=\/wp\/v2\/users\/3"}],"replies":[{"embeddable":true,"href":"https:\/\/www.lpskola.lv\/index.php?rest_route=%2Fwp%2Fv2%2Fcomments&post=2347"}],"version-history":[{"count":4,"href":"https:\/\/www.lpskola.lv\/index.php?rest_route=\/wp\/v2\/pages\/2347\/revisions"}],"predecessor-version":[{"id":3525,"href":"https:\/\/www.lpskola.lv\/index.php?rest_route=\/wp\/v2\/pages\/2347\/revisions\/3525"}],"wp:attachment":[{"href":"https:\/\/www.lpskola.lv\/index.php?rest_route=%2Fwp%2Fv2%2Fmedia&parent=2347"}],"curies":[{"name":"wp","href":"https:\/\/api.w.org\/{rel}","templated":true}]}}