{"id":226,"date":"2025-12-30T15:17:00","date_gmt":"2025-12-30T15:17:00","guid":{"rendered":"https:\/\/www.lpskola.lv\/?page_id=226"},"modified":"2025-12-30T15:24:04","modified_gmt":"2025-12-30T15:24:04","slug":"fakultativi-3","status":"publish","type":"page","link":"https:\/\/www.lpskola.lv\/?page_id=226","title":{"rendered":"Fakultat\u012bvi"},"content":{"rendered":"<h3 style=\"text-align: center;\"><strong><a href=\"https:\/\/www.lpskola.lv\/wp-content\/uploads\/2025\/12\/fakultativi_no_2026_5_janvara.pdf\">Lielv\u0101rdes pamatskolas fakultat\u012bvo nodarb\u012bbu grafiks 2025.\/2026.m.g.<\/a><\/strong><\/h3>\n","protected":false},"excerpt":{"rendered":"<p>Lielv\u0101rdes pamatskolas fakultat\u012bvo nodarb\u012bbu grafiks 2025.\/2026.m.g.<span class=\"more-link\"><a href=\"https:\/\/www.lpskola.lv\/?page_id=226\">Uzzin\u0101t vair\u0101k<\/a><\/span><\/p>\n","protected":false},"author":4,"featured_media":0,"parent":0,"menu_order":0,"comment_status":"closed","ping_status":"closed","template":"","meta":{"footnotes":""},"class_list":["entry","author-ilze","post-226","page","type-page","status-publish"],"_links":{"self":[{"href":"https:\/\/www.lpskola.lv\/index.php?rest_route=\/wp\/v2\/pages\/226","targetHints":{"allow":["GET"]}}],"collection":[{"href":"https:\/\/www.lpskola.lv\/index.php?rest_route=\/wp\/v2\/pages"}],"about":[{"href":"https:\/\/www.lpskola.lv\/index.php?rest_route=\/wp\/v2\/types\/page"}],"author":[{"embeddable":true,"href":"https:\/\/www.lpskola.lv\/index.php?rest_route=\/wp\/v2\/users\/4"}],"replies":[{"embeddable":true,"href":"https:\/\/www.lpskola.lv\/index.php?rest_route=%2Fwp%2Fv2%2Fcomments&post=226"}],"version-history":[{"count":10,"href":"https:\/\/www.lpskola.lv\/index.php?rest_route=\/wp\/v2\/pages\/226\/revisions"}],"predecessor-version":[{"id":3439,"href":"https:\/\/www.lpskola.lv\/index.php?rest_route=\/wp\/v2\/pages\/226\/revisions\/3439"}],"wp:attachment":[{"href":"https:\/\/www.lpskola.lv\/index.php?rest_route=%2Fwp%2Fv2%2Fmedia&parent=226"}],"curies":[{"name":"wp","href":"https:\/\/api.w.org\/{rel}","templated":true}]}}