{"id":225,"date":"2025-12-30T14:00:00","date_gmt":"2025-12-30T14:00:00","guid":{"rendered":"https:\/\/www.lpskola.lv\/?page_id=225"},"modified":"2025-12-30T13:05:52","modified_gmt":"2025-12-30T13:05:52","slug":"konsultacijas-3","status":"publish","type":"page","link":"https:\/\/www.lpskola.lv\/?page_id=225","title":{"rendered":"Konsult\u0101cijas"},"content":{"rendered":"<h3 style=\"text-align: center;\"><strong><a href=\"https:\/\/www.lpskola.lv\/wp-content\/uploads\/2025\/12\/konsultacijas_skoleniem_no_2026_5_janvara.pdf\">Lielv\u0101rdes pamatskolas skolot\u0101ju konsult\u0101ciju grafiks 2025.\/2026.m.g.<\/a><\/strong><\/h3>\r\n<p>&nbsp;<\/p>\r\n<p>&nbsp;<\/p>\r\n<h3 style=\"text-align: center;\">\u00a0<\/h3>\r\n<p>&nbsp;<\/p>\r\n\r\n<p>&nbsp;<\/p>\r\n","protected":false},"excerpt":{"rendered":"<p>Lielv\u0101rdes pamatskolas skolot\u0101ju konsult\u0101ciju grafiks 2025.\/2026.m.g. &nbsp; &nbsp; \u00a0 &nbsp; &nbsp;<span class=\"more-link\"><a href=\"https:\/\/www.lpskola.lv\/?page_id=225\">Uzzin\u0101t vair\u0101k<\/a><\/span><\/p>\n","protected":false},"author":4,"featured_media":0,"parent":0,"menu_order":0,"comment_status":"closed","ping_status":"closed","template":"","meta":{"footnotes":""},"class_list":["entry","author-ilze","post-225","page","type-page","status-publish"],"_links":{"self":[{"href":"https:\/\/www.lpskola.lv\/index.php?rest_route=\/wp\/v2\/pages\/225","targetHints":{"allow":["GET"]}}],"collection":[{"href":"https:\/\/www.lpskola.lv\/index.php?rest_route=\/wp\/v2\/pages"}],"about":[{"href":"https:\/\/www.lpskola.lv\/index.php?rest_route=\/wp\/v2\/types\/page"}],"author":[{"embeddable":true,"href":"https:\/\/www.lpskola.lv\/index.php?rest_route=\/wp\/v2\/users\/4"}],"replies":[{"embeddable":true,"href":"https:\/\/www.lpskola.lv\/index.php?rest_route=%2Fwp%2Fv2%2Fcomments&post=225"}],"version-history":[{"count":10,"href":"https:\/\/www.lpskola.lv\/index.php?rest_route=\/wp\/v2\/pages\/225\/revisions"}],"predecessor-version":[{"id":2586,"href":"https:\/\/www.lpskola.lv\/index.php?rest_route=\/wp\/v2\/pages\/225\/revisions\/2586"}],"wp:attachment":[{"href":"https:\/\/www.lpskola.lv\/index.php?rest_route=%2Fwp%2Fv2%2Fmedia&parent=225"}],"curies":[{"name":"wp","href":"https:\/\/api.w.org\/{rel}","templated":true}]}}