{"id":224,"date":"2025-12-30T10:17:00","date_gmt":"2025-12-30T10:17:00","guid":{"rendered":"https:\/\/www.lpskola.lv\/?page_id=224"},"modified":"2025-12-30T15:17:41","modified_gmt":"2025-12-30T15:17:41","slug":"stundu-saraksts-2","status":"publish","type":"page","link":"https:\/\/www.lpskola.lv\/?page_id=224","title":{"rendered":"Stundu saraksts"},"content":{"rendered":"<h3 style=\"text-align: center;\"><strong><a href=\"https:\/\/www.lpskola.lv\/wp-content\/uploads\/2025\/12\/Stundu_saraksts_no_2026_5_janvara.pdf\">Lielv\u0101rdes pamatskolas 1.-9.kla\u0161u m\u0101c\u012bbu priek\u0161metu stundu saraksts<\/a><\/strong><\/h3>\n<h3 style=\"text-align: center;\"><\/h3>\n<p>&nbsp;<\/p>\n<h3 style=\"text-align: center;\"><\/h3>\n<p>&nbsp;<\/p>\n<h3 style=\"text-align: center;\"><\/h3>\n<h3 style=\"text-align: center;\"><\/h3>\n","protected":false},"excerpt":{"rendered":"<p>Lielv\u0101rdes pamatskolas 1.-9.kla\u0161u m\u0101c\u012bbu priek\u0161metu stundu saraksts &nbsp; &nbsp;<span class=\"more-link\"><a href=\"https:\/\/www.lpskola.lv\/?page_id=224\">Uzzin\u0101t vair\u0101k<\/a><\/span><\/p>\n","protected":false},"author":4,"featured_media":0,"parent":0,"menu_order":0,"comment_status":"closed","ping_status":"closed","template":"","meta":{"footnotes":""},"class_list":["entry","author-ilze","post-224","page","type-page","status-publish"],"_links":{"self":[{"href":"https:\/\/www.lpskola.lv\/index.php?rest_route=\/wp\/v2\/pages\/224","targetHints":{"allow":["GET"]}}],"collection":[{"href":"https:\/\/www.lpskola.lv\/index.php?rest_route=\/wp\/v2\/pages"}],"about":[{"href":"https:\/\/www.lpskola.lv\/index.php?rest_route=\/wp\/v2\/types\/page"}],"author":[{"embeddable":true,"href":"https:\/\/www.lpskola.lv\/index.php?rest_route=\/wp\/v2\/users\/4"}],"replies":[{"embeddable":true,"href":"https:\/\/www.lpskola.lv\/index.php?rest_route=%2Fwp%2Fv2%2Fcomments&post=224"}],"version-history":[{"count":10,"href":"https:\/\/www.lpskola.lv\/index.php?rest_route=\/wp\/v2\/pages\/224\/revisions"}],"predecessor-version":[{"id":3435,"href":"https:\/\/www.lpskola.lv\/index.php?rest_route=\/wp\/v2\/pages\/224\/revisions\/3435"}],"wp:attachment":[{"href":"https:\/\/www.lpskola.lv\/index.php?rest_route=%2Fwp%2Fv2%2Fmedia&parent=224"}],"curies":[{"name":"wp","href":"https:\/\/api.w.org\/{rel}","templated":true}]}}