{"id":223,"date":"2025-09-05T19:17:00","date_gmt":"2025-09-05T19:17:00","guid":{"rendered":"https:\/\/www.lpskola.lv\/?page_id=223"},"modified":"2026-02-02T12:06:27","modified_gmt":"2026-02-02T12:06:27","slug":"stundu-laiki-2","status":"publish","type":"page","link":"https:\/\/www.lpskola.lv\/?page_id=223","title":{"rendered":"Stundu laiki"},"content":{"rendered":"<h3 style=\"text-align: center;\"><a href=\"https:\/\/www.lpskola.lv\/wp-content\/uploads\/2026\/02\/stundu-laiki.pdf\">M\u0101c\u012bbu stundu laiki Lielv\u0101rdes pamatskol\u0101<\/a><\/h3>\n","protected":false},"excerpt":{"rendered":"<p>M\u0101c\u012bbu stundu laiki Lielv\u0101rdes pamatskol\u0101<span class=\"more-link\"><a href=\"https:\/\/www.lpskola.lv\/?page_id=223\">Uzzin\u0101t vair\u0101k<\/a><\/span><\/p>\n","protected":false},"author":4,"featured_media":0,"parent":0,"menu_order":0,"comment_status":"closed","ping_status":"closed","template":"","meta":{"footnotes":""},"class_list":["entry","author-ilze","post-223","page","type-page","status-publish"],"_links":{"self":[{"href":"https:\/\/www.lpskola.lv\/index.php?rest_route=\/wp\/v2\/pages\/223","targetHints":{"allow":["GET"]}}],"collection":[{"href":"https:\/\/www.lpskola.lv\/index.php?rest_route=\/wp\/v2\/pages"}],"about":[{"href":"https:\/\/www.lpskola.lv\/index.php?rest_route=\/wp\/v2\/types\/page"}],"author":[{"embeddable":true,"href":"https:\/\/www.lpskola.lv\/index.php?rest_route=\/wp\/v2\/users\/4"}],"replies":[{"embeddable":true,"href":"https:\/\/www.lpskola.lv\/index.php?rest_route=%2Fwp%2Fv2%2Fcomments&post=223"}],"version-history":[{"count":10,"href":"https:\/\/www.lpskola.lv\/index.php?rest_route=\/wp\/v2\/pages\/223\/revisions"}],"predecessor-version":[{"id":3496,"href":"https:\/\/www.lpskola.lv\/index.php?rest_route=\/wp\/v2\/pages\/223\/revisions\/3496"}],"wp:attachment":[{"href":"https:\/\/www.lpskola.lv\/index.php?rest_route=%2Fwp%2Fv2%2Fmedia&parent=223"}],"curies":[{"name":"wp","href":"https:\/\/api.w.org\/{rel}","templated":true}]}}