{"id":2,"date":"2019-09-30T07:51:15","date_gmt":"2019-09-30T07:51:15","guid":{"rendered":"https:\/\/www.lpskola.lv\/?page_id=2"},"modified":"2025-08-31T18:17:48","modified_gmt":"2025-08-31T18:17:48","slug":"sample-page","status":"publish","type":"page","link":"https:\/\/www.lpskola.lv\/?page_id=2","title":{"rendered":"Par skolu"},"content":{"rendered":"<p style=\"text-align: justify;\"><img loading=\"lazy\" decoding=\"async\" class=\"wp-image-87 aligncenter\" src=\"https:\/\/www.lpskola.lv\/wp-content\/uploads\/2016\/04\/pamatskola-300x95.jpg\" alt=\"pamatskola\" width=\"682\" height=\"216\" srcset=\"https:\/\/www.lpskola.lv\/wp-content\/uploads\/2016\/04\/pamatskola-300x95.jpg 300w, https:\/\/www.lpskola.lv\/wp-content\/uploads\/2016\/04\/pamatskola-768x244.jpg 768w, https:\/\/www.lpskola.lv\/wp-content\/uploads\/2016\/04\/pamatskola-1024x325.jpg 1024w, https:\/\/www.lpskola.lv\/wp-content\/uploads\/2016\/04\/pamatskola.jpg 1195w\" sizes=\"auto, (max-width: 682px) 100vw, 682px\" \/>Lielv\u0101rdes pamatskola (turpm\u0101k \u2013 Skola) ir pa\u0161vald\u012bbas dibin\u0101ta un Ogres novada pa\u0161vald\u012bbas pak\u013caut\u012bb\u0101 eso\u0161a visp\u0101r\u0113j\u0101s izgl\u012bt\u012bbas iest\u0101de.<\/p>\n<p>1984.gad\u0101 skola s\u0101ka darbu k\u0101 Lielv\u0101rdes 2.vidusskola ar krievu m\u0101c\u012bbvalodu.<\/p>\n<p>1994. gad\u0101 Lielv\u0101rdes 2. vidusskolu p\u0101rveidoja par Lielv\u0101rdes pamatskolu, kur\u0101 m\u0101c\u012bbas norisin\u0101j\u0101s latvie\u0161u un krievu valod\u0101s.<\/p>\n<p>No 1995. gada skolu vada direktors Andis P\u0113tersons.<\/p>\n<p>2001. gad\u0101 tika realiz\u0113ts skolas renov\u0101cijas projekts. Tika nosiltin\u0101ta skolas \u0113ka un veikta divsl\u012bpju jumta izb\u016bve.<\/p>\n<p>2001. gad\u0101 tika uzs\u0101kta piecgad\u012bgo un se\u0161gad\u012bgo b\u0113rnu sagatavo\u0161ana m\u0101c\u012bb\u0101m skol\u0101.<\/p>\n<p>No 2014. gada 1. septembra netiek realiz\u0113ta maz\u0101kumtaut\u012bbu pamatizgl\u012bt\u012bbas programma.<\/p>\n<p>No 2018.gada septembra skol\u0101 pirmsskolas izgl\u012bt\u012bbas programmu apg\u016bst ar\u012b tr\u012bsgad\u012bgi un \u010detrgad\u012bgi b\u0113rni renov\u0113t\u0101s un labiek\u0101rtot\u0101s telp\u0101s.<\/p>\n<p>Lielv\u0101rdes pamatskola ir atv\u0113rta inovat\u012bviem risin\u0101jumiem izgl\u012bt\u012bb\u0101, bet t\u0101 ir ar\u012b bag\u0101ta trad\u012bcij\u0101m. Skola pied\u0101v\u0101 da\u017e\u0101das intere\u0161u izgl\u012bt\u012bbas programmas un kvalitat\u012bvus \u0101rpus stundu pas\u0101kumus. Skolai ir sava simbolika \u2013 karogs.<\/p>\n<p><a href=\"https:\/\/www.lpskola.lv\/wp-content\/uploads\/2025\/08\/karogs-scaled.jpg\"><img loading=\"lazy\" decoding=\"async\" class=\"alignnone  wp-image-2830\" src=\"https:\/\/www.lpskola.lv\/wp-content\/uploads\/2025\/08\/karogs-300x147.jpg\" alt=\"\" width=\"437\" height=\"214\" srcset=\"https:\/\/www.lpskola.lv\/wp-content\/uploads\/2025\/08\/karogs-300x147.jpg 300w, https:\/\/www.lpskola.lv\/wp-content\/uploads\/2025\/08\/karogs-1024x503.jpg 1024w, https:\/\/www.lpskola.lv\/wp-content\/uploads\/2025\/08\/karogs-768x377.jpg 768w, https:\/\/www.lpskola.lv\/wp-content\/uploads\/2025\/08\/karogs-1536x754.jpg 1536w, https:\/\/www.lpskola.lv\/wp-content\/uploads\/2025\/08\/karogs-2048x1005.jpg 2048w, https:\/\/www.lpskola.lv\/wp-content\/uploads\/2025\/08\/karogs-465x228.jpg 465w, https:\/\/www.lpskola.lv\/wp-content\/uploads\/2025\/08\/karogs-695x341.jpg 695w\" sizes=\"auto, (max-width: 437px) 100vw, 437px\" \/><\/a>\u00a0 <a href=\"https:\/\/www.lpskola.lv\/wp-content\/uploads\/2025\/08\/karogs1-scaled.jpg\"><img loading=\"lazy\" decoding=\"async\" class=\"alignnone  wp-image-2832\" src=\"https:\/\/www.lpskola.lv\/wp-content\/uploads\/2025\/08\/karogs1-300x146.jpg\" alt=\"\" width=\"438\" height=\"213\" srcset=\"https:\/\/www.lpskola.lv\/wp-content\/uploads\/2025\/08\/karogs1-300x146.jpg 300w, https:\/\/www.lpskola.lv\/wp-content\/uploads\/2025\/08\/karogs1-1024x498.jpg 1024w, https:\/\/www.lpskola.lv\/wp-content\/uploads\/2025\/08\/karogs1-768x374.jpg 768w, https:\/\/www.lpskola.lv\/wp-content\/uploads\/2025\/08\/karogs1-1536x748.jpg 1536w, https:\/\/www.lpskola.lv\/wp-content\/uploads\/2025\/08\/karogs1-2048x997.jpg 2048w, https:\/\/www.lpskola.lv\/wp-content\/uploads\/2025\/08\/karogs1-465x226.jpg 465w, https:\/\/www.lpskola.lv\/wp-content\/uploads\/2025\/08\/karogs1-695x338.jpg 695w\" sizes=\"auto, (max-width: 438px) 100vw, 438px\" \/><\/a><\/p>\n","protected":false},"excerpt":{"rendered":"<p>Lielv\u0101rdes pamatskola (turpm\u0101k \u2013 Skola) ir pa\u0161vald\u012bbas dibin\u0101ta un Ogres novada pa\u0161vald\u012bbas pak\u013caut\u012bb\u0101 eso\u0161a visp\u0101r\u0113j\u0101s izgl\u012bt\u012bbas iest\u0101de. 1984.gad\u0101 skola s\u0101ka darbu k\u0101 Lielv\u0101rdes 2.vidusskola ar krievu m\u0101c\u012bbvalodu. 1994. gad\u0101 Lielv\u0101rdes 2. vidusskolu p\u0101rveidoja par Lielv\u0101rdes pamatskolu, kur\u0101 m\u0101c\u012bbas norisin\u0101j\u0101s latvie\u0161u un krievu valod\u0101s. No 1995. gada skolu vada direktors Andis<span class=\"more-link\"><a href=\"https:\/\/www.lpskola.lv\/?page_id=2\">Uzzin\u0101t vair\u0101k<\/a><\/span><\/p>\n","protected":false},"author":1,"featured_media":0,"parent":0,"menu_order":0,"comment_status":"closed","ping_status":"closed","template":"","meta":{"footnotes":""},"class_list":["entry","author-admin","post-2","page","type-page","status-publish"],"_links":{"self":[{"href":"https:\/\/www.lpskola.lv\/index.php?rest_route=\/wp\/v2\/pages\/2","targetHints":{"allow":["GET"]}}],"collection":[{"href":"https:\/\/www.lpskola.lv\/index.php?rest_route=\/wp\/v2\/pages"}],"about":[{"href":"https:\/\/www.lpskola.lv\/index.php?rest_route=\/wp\/v2\/types\/page"}],"author":[{"embeddable":true,"href":"https:\/\/www.lpskola.lv\/index.php?rest_route=\/wp\/v2\/users\/1"}],"replies":[{"embeddable":true,"href":"https:\/\/www.lpskola.lv\/index.php?rest_route=%2Fwp%2Fv2%2Fcomments&post=2"}],"version-history":[{"count":6,"href":"https:\/\/www.lpskola.lv\/index.php?rest_route=\/wp\/v2\/pages\/2\/revisions"}],"predecessor-version":[{"id":2833,"href":"https:\/\/www.lpskola.lv\/index.php?rest_route=\/wp\/v2\/pages\/2\/revisions\/2833"}],"wp:attachment":[{"href":"https:\/\/www.lpskola.lv\/index.php?rest_route=%2Fwp%2Fv2%2Fmedia&parent=2"}],"curies":[{"name":"wp","href":"https:\/\/api.w.org\/{rel}","templated":true}]}}