{"id":1712,"date":"2023-08-30T08:10:39","date_gmt":"2023-08-30T08:10:39","guid":{"rendered":"https:\/\/www.lpskola.lv\/?page_id=1712"},"modified":"2025-09-03T16:27:51","modified_gmt":"2025-09-03T16:27:51","slug":"pieklustamibas-pazinojums","status":"publish","type":"page","link":"https:\/\/www.lpskola.lv\/?page_id=1712","title":{"rendered":"Piek\u013c\u016bstam\u012bbas pazi\u0146ojums"},"content":{"rendered":"\r\n\r\n\r\n<p><strong>Lielv\u0101rdes pamatskola<\/strong>\u00a0ap\u0146emas veidot savu\u00a0t\u012bmek\u013cvietni\u00a0piek\u013c\u016bstamu saska\u0146\u0101 ar Ministru kabineta 2020. gada 14. j\u016blija noteikumiem Nr. 445 &#8220;K\u0101rt\u012bba, k\u0101d\u0101 iest\u0101des ievieto inform\u0101ciju internet\u0101&#8221; (turpm\u0101k \u2013 noteikumi Nr. 445).<\/p>\r\n\r\n\r\n\r\n<p>\u0160is piek\u013c\u016bstam\u012bbas pazi\u0146ojums attiecas uz Lielv\u0101rdes pamatskolas t\u012bmek\u013cvietni &#8211; lpskola.lv.<\/p>\r\n\r\n\r\n\r\n<p>T\u012bmek\u013cvietnei\u00a0veikts\u00a0Vienk\u0101r\u0161otais izv\u0113rt\u0113jums. Izmantot\u0101 metode &#8211;\u00a0VARAM sagatavot\u0101s \u201cVadl\u012bnijas iest\u0101\u017eu t\u012bmek\u013cvietn\u0113m noteikto piek\u013c\u016bstam\u012bbas pras\u012bbu iev\u0113ro\u0161anas ietekmes izv\u0113rt\u0113\u0161anai un nesam\u0113r\u012bg\u0101 sloga pamato\u0161anai\u201d.<\/p>\r\n\r\n\r\n\r\n<h3 class=\"wp-block-heading\">Cik piek\u013c\u016bstama ir \u0161\u012b t\u012bmek\u013cvietne?<\/h3>\r\n\r\n\r\n\r\n<p>Lielv\u0101rdes pamatskolas t\u012bmek\u013cvietne atbilst MK noteikumiem Nr. 445\u00a0turpm\u0101k min\u0113to iemeslu d\u0113\u013c.<\/p>\r\n\r\n\r\n\r\n<h4 class=\"wp-block-heading\">Piek\u013c\u016bstam\u012bbas alternat\u012bvas<\/h4>\r\n\r\n\r\n\r\n<ul class=\"wp-block-list\">\r\n<li>Subtitru alternt\u012bva \u2013 satur\u0101 pievienot audio aprakstu (<em>audio description<\/em>) teksta form\u0101t\u0101 zem video (bie\u017e\u0101k\u00a0 satura veidos pas\u0101kum\u0101 vai aktualit\u0101t\u0113).<\/li>\r\n\r\n\r\n\r\n<li>Iest\u0101de ap\u0146emas, ka izgl\u012bt\u012bbas procesa nodro\u0161in\u0101\u0161anai vai sabiedr\u012bbas inform\u0113\u0161anai b\u016btisku saturu\u00a0 neievieto m\u0101jaslap\u0101 k\u0101 att\u0113lu. Ja saturs \u0161\u0137iet nepieejams, aicin\u0101m v\u0113rsties pie nor\u0101d\u012bt\u0101s kontaktpersonas, nor\u0101dot lapas saiti un \u012bsu koment\u0101ru.<\/li>\r\n<\/ul>\r\n\r\n\r\n\r\n<h3 class=\"wp-block-heading\">Atsauksm\u0113m un sazi\u0146ai<\/h3>\r\n\r\n\r\n\r\n<p>M\u0113s nep\u0101rtraukti cen\u0161amies uzlabot \u0161\u012bs t\u012bmek\u013cvietnes piek\u013c\u016bstam\u012bbu.<\/p>\r\n\r\n\r\n\r\n<p>Ja J\u016bs konstat\u0113jat k\u0101das probl\u0113mas vai nepiln\u012bbas, kas nav min\u0113tas \u0161aj\u0101 pazi\u0146ojum\u0101 vai v\u0113laties sa\u0146emt nepiek\u013c\u016bstamo saturu cit\u0101 form\u0101t\u0101, sazinieties ar mums:<\/p>\r\n\r\n\r\n\r\n<p>E-past\u0101: liepa@lielvarde.lv<\/p>\r\n\r\n\r\n\r\n<p>Zvaniet: +371 20293638<\/p>\r\n\r\n\r\n\r\n<p>M\u0113s izskat\u012bsim J\u016bsu piepras\u012bjumu un sniegsim atbildi\u00a05 (piecu) darba dienu laik\u0101.<\/p>\r\n\r\n\r\n\r\n<h3 class=\"wp-block-heading\">S\u016bdz\u012bbu iesnieg\u0161ana<\/h3>\r\n\r\n\r\n\r\n<p>M\u0101ris Roga<br \/>Skolas direktora vietnieks<br \/>E-pasts: liepa@lielvarde.lv<br \/>T\u0101lrunis: 20293638<\/p>\r\n\r\n\r\n\r\n<p>Ja neesam atbilsto\u0161i rea\u0123\u0113ju\u0161i uz J\u016bsu iesniegumu vai s\u016bdz\u012bbu par t\u012bmek\u013cvietnes satura piek\u013c\u016bstam\u012bbu, Jums ir iesp\u0113ja iesniegt s\u016bdz\u012bbu Latvijas Republikas Ties\u012bbsargam:<\/p>\r\n\r\n\r\n\r\n<p>Ties\u012bbsarga birojs: Bazn\u012bcas iela 25 R\u012bg\u0101, LV-1010<\/p>\r\n\r\n\r\n\r\n<p>T\u0101lrunis:\u00a0<a href=\"tel:+37167686768\">+37167686768<\/a><\/p>\r\n\r\n\r\n\r\n<p>E-pasts:\u00a0<a href=\"mailto:tiesibsargs@tiesibsargs.lv\">tiesibsargs@tiesibsargs.lv<\/a><\/p>\r\n\r\n\r\n\r\n<figure class=\"wp-block-embed\">\r\n<div class=\"wp-block-embed__wrapper\">https:\/\/www.tiesibsargs.lv\/lv\/pages\/kontaktinformacija<\/div>\r\n<\/figure>\r\n\r\n\r\n\r\n<h3 class=\"wp-block-heading\">Zi\u0146as par pazi\u0146ojuma sagatavo\u0161anu<\/h3>\r\n\r\n\r\n\r\n<p>\u0160is pazi\u0146ojums pirmo reizi tika sagatavots\u00a030.08.2023.<\/p>\r\n<p>\u0160\u012b t\u012bmek\u013cvietne p\u0113d\u0113jo reizi tika izv\u0113rt\u0113ta 30.08.2023. Izv\u0113rt\u0113\u0161anu veica M\u0101ris Roga.<\/p>\r\n<p><a href=\"https:\/\/www.lpskola.lv\/wp-content\/uploads\/2023\/10\/izvertesanas-protokola_veidlapa_2023.pdf\">Izv\u0113rt\u0113jumu apliecino\u0161s dokuments.<\/a><\/p>\r\n","protected":false},"excerpt":{"rendered":"<p>Lielv\u0101rdes pamatskola\u00a0ap\u0146emas veidot savu\u00a0t\u012bmek\u013cvietni\u00a0piek\u013c\u016bstamu saska\u0146\u0101 ar Ministru kabineta 2020. gada 14. j\u016blija noteikumiem Nr. 445 &#8220;K\u0101rt\u012bba, k\u0101d\u0101 iest\u0101des ievieto inform\u0101ciju internet\u0101&#8221; (turpm\u0101k \u2013 noteikumi Nr. 445). \u0160is piek\u013c\u016bstam\u012bbas pazi\u0146ojums attiecas uz Lielv\u0101rdes pamatskolas t\u012bmek\u013cvietni &#8211; lpskola.lv. T\u012bmek\u013cvietnei\u00a0veikts\u00a0Vienk\u0101r\u0161otais izv\u0113rt\u0113jums. Izmantot\u0101 metode &#8211;\u00a0VARAM sagatavot\u0101s \u201cVadl\u012bnijas iest\u0101\u017eu t\u012bmek\u013cvietn\u0113m noteikto piek\u013c\u016bstam\u012bbas pras\u012bbu iev\u0113ro\u0161anas ietekmes<span class=\"more-link\"><a href=\"https:\/\/www.lpskola.lv\/?page_id=1712\">Uzzin\u0101t vair\u0101k<\/a><\/span><\/p>\n","protected":false},"author":1,"featured_media":0,"parent":0,"menu_order":0,"comment_status":"closed","ping_status":"closed","template":"","meta":{"footnotes":""},"class_list":["entry","author-admin","post-1712","page","type-page","status-publish"],"_links":{"self":[{"href":"https:\/\/www.lpskola.lv\/index.php?rest_route=\/wp\/v2\/pages\/1712","targetHints":{"allow":["GET"]}}],"collection":[{"href":"https:\/\/www.lpskola.lv\/index.php?rest_route=\/wp\/v2\/pages"}],"about":[{"href":"https:\/\/www.lpskola.lv\/index.php?rest_route=\/wp\/v2\/types\/page"}],"author":[{"embeddable":true,"href":"https:\/\/www.lpskola.lv\/index.php?rest_route=\/wp\/v2\/users\/1"}],"replies":[{"embeddable":true,"href":"https:\/\/www.lpskola.lv\/index.php?rest_route=%2Fwp%2Fv2%2Fcomments&post=1712"}],"version-history":[{"count":5,"href":"https:\/\/www.lpskola.lv\/index.php?rest_route=\/wp\/v2\/pages\/1712\/revisions"}],"predecessor-version":[{"id":2834,"href":"https:\/\/www.lpskola.lv\/index.php?rest_route=\/wp\/v2\/pages\/1712\/revisions\/2834"}],"wp:attachment":[{"href":"https:\/\/www.lpskola.lv\/index.php?rest_route=%2Fwp%2Fv2%2Fmedia&parent=1712"}],"curies":[{"name":"wp","href":"https:\/\/api.w.org\/{rel}","templated":true}]}}