{"id":14,"date":"2024-09-16T07:13:05","date_gmt":"2024-09-16T07:13:05","guid":{"rendered":"https:\/\/www.lpskola.lv\/?page_id=14"},"modified":"2024-12-15T17:44:53","modified_gmt":"2024-12-15T17:44:53","slug":"skolas-vesture","status":"publish","type":"page","link":"https:\/\/www.lpskola.lv\/?page_id=14","title":{"rendered":"Skolas v\u0113sture"},"content":{"rendered":"<p style=\"text-align: justify;\"><a href=\"https:\/\/www.lpskola.lv\/wp-content\/uploads\/2024\/12\/lielv_pmtsk.jpg\"><img loading=\"lazy\" decoding=\"async\" class=\"alignnone  wp-image-2455\" src=\"https:\/\/www.lpskola.lv\/wp-content\/uploads\/2024\/12\/lielv_pmtsk-300x300.jpg\" alt=\"\" width=\"351\" height=\"351\" srcset=\"https:\/\/www.lpskola.lv\/wp-content\/uploads\/2024\/12\/lielv_pmtsk-300x300.jpg 300w, https:\/\/www.lpskola.lv\/wp-content\/uploads\/2024\/12\/lielv_pmtsk-150x150.jpg 150w, https:\/\/www.lpskola.lv\/wp-content\/uploads\/2024\/12\/lielv_pmtsk.jpg 400w\" sizes=\"auto, (max-width: 351px) 100vw, 351px\" \/><\/a> \u00a0<a href=\"https:\/\/www.lpskola.lv\/wp-content\/uploads\/2024\/12\/veca_skola2-640x480-1.jpg\"><img loading=\"lazy\" decoding=\"async\" class=\"alignnone  wp-image-2457\" src=\"https:\/\/www.lpskola.lv\/wp-content\/uploads\/2024\/12\/veca_skola2-640x480-1-300x196.jpg\" alt=\"\" width=\"531\" height=\"347\" srcset=\"https:\/\/www.lpskola.lv\/wp-content\/uploads\/2024\/12\/veca_skola2-640x480-1-300x196.jpg 300w, https:\/\/www.lpskola.lv\/wp-content\/uploads\/2024\/12\/veca_skola2-640x480-1.jpg 400w\" sizes=\"auto, (max-width: 531px) 100vw, 531px\" \/><\/a><\/p>\n<p style=\"text-align: justify;\">Lielv\u0101rdes pamatskola ir jaun\u0101k\u0101 Lielv\u0101rdes novada visp\u0101rizgl\u012btojo\u0161\u0101 skola.<\/p>\n<p style=\"text-align: justify;\"><!--more--><\/p>\n<p style=\"text-align: justify;\">40 gadi ir tikai t\u0101ds jaun\u012bbas vecums \u2013 sp\u0113ka pilnbrieda, rado\u0161u domu, jaunu atkl\u0101smju un ra\u017e\u012bga darba laiks. Gadiem ejot, skola joproj\u0101m main\u0101s un p\u0101rtop: 1984.gad\u0101 skola s\u0101ka darbu k\u0101 Lielv\u0101rdes 2.vidusskola ar krievu m\u0101c\u012bbvalodu, 1994. gad\u0101 \u2013 k\u0101 Lielv\u0101rdes pamatskola un m\u0101c\u012bbas uzs\u0101ka s\u0101kumskolas kla\u0161u skol\u0113ni ar latvie\u0161u m\u0101c\u012bbvalodu, 1995.gad\u0101 \u2013 skol\u0101 jau m\u0101c\u012bj\u0101s asto\u0146u kla\u0161u grupas ar latvie\u0161u m\u0101c\u012bbvalodu.<br \/>\nSkolas vizu\u0101lais t\u0113ls laika gait\u0101 ir krasi main\u012bjies.<\/p>\n<p style=\"text-align: justify;\">2001. gad\u0101 tika realiz\u0113ts v\u0113rien\u012bgs skolas renov\u0101cijas projekts &#8211; nosiltin\u0101ta \u0113ka, nomain\u012bti logi, iek\u0101rtota m\u016bsdien\u012bga ventil\u0101cijas sist\u0113ma, izb\u016bv\u0113ts divsl\u012bpu jumts.<\/p>\n","protected":false},"excerpt":{"rendered":"<p>\u00a0 Lielv\u0101rdes pamatskola ir jaun\u0101k\u0101 Lielv\u0101rdes novada visp\u0101rizgl\u012btojo\u0161\u0101 skola.<span class=\"more-link\"><a href=\"https:\/\/www.lpskola.lv\/?page_id=14\">Uzzin\u0101t vair\u0101k<\/a><\/span><\/p>\n","protected":false},"author":1,"featured_media":0,"parent":0,"menu_order":0,"comment_status":"closed","ping_status":"closed","template":"","meta":{"footnotes":""},"class_list":["entry","author-admin","has-more-link","post-14","page","type-page","status-publish"],"_links":{"self":[{"href":"https:\/\/www.lpskola.lv\/index.php?rest_route=\/wp\/v2\/pages\/14","targetHints":{"allow":["GET"]}}],"collection":[{"href":"https:\/\/www.lpskola.lv\/index.php?rest_route=\/wp\/v2\/pages"}],"about":[{"href":"https:\/\/www.lpskola.lv\/index.php?rest_route=\/wp\/v2\/types\/page"}],"author":[{"embeddable":true,"href":"https:\/\/www.lpskola.lv\/index.php?rest_route=\/wp\/v2\/users\/1"}],"replies":[{"embeddable":true,"href":"https:\/\/www.lpskola.lv\/index.php?rest_route=%2Fwp%2Fv2%2Fcomments&post=14"}],"version-history":[{"count":4,"href":"https:\/\/www.lpskola.lv\/index.php?rest_route=\/wp\/v2\/pages\/14\/revisions"}],"predecessor-version":[{"id":2458,"href":"https:\/\/www.lpskola.lv\/index.php?rest_route=\/wp\/v2\/pages\/14\/revisions\/2458"}],"wp:attachment":[{"href":"https:\/\/www.lpskola.lv\/index.php?rest_route=%2Fwp%2Fv2%2Fmedia&parent=14"}],"curies":[{"name":"wp","href":"https:\/\/api.w.org\/{rel}","templated":true}]}}