{"id":1165,"date":"2021-06-05T18:57:58","date_gmt":"2021-06-05T18:57:58","guid":{"rendered":"https:\/\/www.lpskola.lv\/?page_id=1165"},"modified":"2024-12-14T13:26:16","modified_gmt":"2024-12-14T13:26:16","slug":"2020-2021-m-g","status":"publish","type":"page","link":"https:\/\/www.lpskola.lv\/?page_id=1165","title":{"rendered":"2020.\/2021.m.g."},"content":{"rendered":"<p>Lielv\u0101rdes pamatskolas 7.-9.kla\u0161u skol\u0113niem 2.semestr\u012b tika novad\u012btas 18 individu\u0101l\u0101s karjeras konsult\u0101cijas kl\u0101tien\u0113.<\/p>\n<p><strong>Febru\u0101ris<\/strong><\/p>\n<ul>\n<li>9.kla\u0161u skol\u0113niem tika aizs\u016bt\u012bta inform\u0101cija ( E \u2013 klas\u0113) par Ogres tehnikumu<\/li>\n<li>7.-9.kla\u0161u skol\u0113nu\u00a0 vec\u0101kiem tika aizs\u016bt\u012bta inform\u0101cija ( E \u2013 klas\u0113) par tie\u0161saistes semin\u0101ru ,,K\u0101 run\u0101t ar jaunieti par karjeru?\u2019\u2019<\/li>\n<\/ul>\n<p><strong>Marts<\/strong><\/p>\n<ul>\n<li>9.kla\u0161u skol\u0113niem tika aizs\u016bt\u012bta inform\u0101cija ( E \u2013 klas\u0113) par Ogres 1.vidusskolu ( m\u0101c\u012bbu procesu, par pieteik\u0161anos m\u0101c\u012bb\u0101m).<\/li>\n<li>Ar soci\u0101lo zin\u012bbu skolot\u0101ju Inesi Ranc\u0101ni tika novad\u012btas 2 m\u0101c\u012bbu stundas 7.kla\u0161u skol\u0113niem par m\u0113r\u0137u pl\u0101no\u0161anu.<\/li>\n<li>9.kla\u0161u skol\u0113nu vec\u0101kiem tika aizs\u016bt\u012bta inform\u0101cija ( E \u2013 klas\u0113) par iesp\u0113j\u0101m m\u0101c\u012bties Ogres 1.vidusskol\u0101 k\u0101 ar\u012b par Valmieras tehnikuma pied\u0101v\u0101to semin\u0101ru tie\u0161saist\u0113 ,,Mans b\u0113rns grib m\u0101c\u012bties tehnikum\u0101\u2019\u2019.<\/li>\n<\/ul>\n<p><strong>Apr\u012blis<\/strong><\/p>\n<ul>\n<li>9.kla\u0161u skol\u0113ni sa\u0146\u0113ma inform\u0101ciju ( E\u2013 klas\u0113) par Andreja Up\u012b\u0161a Skr\u012bveru\u00a0 vidusskolas pied\u0101v\u0101taj\u0101m programm\u0101m; par R\u012bgas Valsts tehnikumu; par Aizkraukles profesion\u0101lo vidusskolu.<\/li>\n<li>9.kla\u0161u skol\u0113nu vec\u0101ki sa\u0146\u0113ma inform\u0101ciju ( E \u2013 klas\u0113) par A.Up\u012b\u0161a Skr\u012bveru vidusskolu un Atv\u0113rto durvju dien\u0101m Ogres tehnikum\u0101.<\/li>\n<\/ul>\n<p>&nbsp;<\/p>\n<p><a href=\"https:\/\/www.lpskola.lv\/wp-content\/uploads\/2021\/05\/Karjeras-atbalsts-visp\u0101r\u0113j\u0101s-un-profesion\u0101l\u0101s-izgl\u012bt\u012bbas-iest\u0101d\u0113s.pdf\">Karjeras atbalsts visp\u0101r\u0113j\u0101s un profesion\u0101l\u0101s izgl\u012bt\u012bbas iest\u0101d\u0113s<\/a><\/p>\n","protected":false},"excerpt":{"rendered":"<p>Lielv\u0101rdes pamatskolas 7.-9.kla\u0161u skol\u0113niem 2.semestr\u012b tika novad\u012btas 18 individu\u0101l\u0101s karjeras konsult\u0101cijas kl\u0101tien\u0113. Febru\u0101ris 9.kla\u0161u skol\u0113niem tika aizs\u016bt\u012bta inform\u0101cija ( E \u2013 klas\u0113) par Ogres tehnikumu 7.-9.kla\u0161u skol\u0113nu\u00a0 vec\u0101kiem tika aizs\u016bt\u012bta inform\u0101cija ( E \u2013 klas\u0113) par tie\u0161saistes semin\u0101ru ,,K\u0101 run\u0101t ar jaunieti par karjeru?\u2019\u2019 Marts 9.kla\u0161u skol\u0113niem tika aizs\u016bt\u012bta inform\u0101cija<span class=\"more-link\"><a href=\"https:\/\/www.lpskola.lv\/?page_id=1165\">Uzzin\u0101t vair\u0101k<\/a><\/span><\/p>\n","protected":false},"author":4,"featured_media":0,"parent":0,"menu_order":0,"comment_status":"closed","ping_status":"closed","template":"","meta":{"footnotes":""},"class_list":["entry","author-ilze","post-1165","page","type-page","status-publish"],"_links":{"self":[{"href":"https:\/\/www.lpskola.lv\/index.php?rest_route=\/wp\/v2\/pages\/1165","targetHints":{"allow":["GET"]}}],"collection":[{"href":"https:\/\/www.lpskola.lv\/index.php?rest_route=\/wp\/v2\/pages"}],"about":[{"href":"https:\/\/www.lpskola.lv\/index.php?rest_route=\/wp\/v2\/types\/page"}],"author":[{"embeddable":true,"href":"https:\/\/www.lpskola.lv\/index.php?rest_route=\/wp\/v2\/users\/4"}],"replies":[{"embeddable":true,"href":"https:\/\/www.lpskola.lv\/index.php?rest_route=%2Fwp%2Fv2%2Fcomments&post=1165"}],"version-history":[{"count":3,"href":"https:\/\/www.lpskola.lv\/index.php?rest_route=\/wp\/v2\/pages\/1165\/revisions"}],"predecessor-version":[{"id":2413,"href":"https:\/\/www.lpskola.lv\/index.php?rest_route=\/wp\/v2\/pages\/1165\/revisions\/2413"}],"wp:attachment":[{"href":"https:\/\/www.lpskola.lv\/index.php?rest_route=%2Fwp%2Fv2%2Fmedia&parent=1165"}],"curies":[{"name":"wp","href":"https:\/\/api.w.org\/{rel}","templated":true}]}}