{"id":106,"date":"2025-09-05T15:14:00","date_gmt":"2025-09-05T15:14:00","guid":{"rendered":"https:\/\/www.lpskola.lv\/?page_id=106"},"modified":"2026-02-02T16:40:25","modified_gmt":"2026-02-02T16:40:25","slug":"konkursa-labaka-klase-nolikums-2016","status":"publish","type":"page","link":"https:\/\/www.lpskola.lv\/?page_id=106","title":{"rendered":"Konkursa Lab\u0101k\u0101 klase NOLIKUMS 2026"},"content":{"rendered":"<p style=\"text-align: center;\"><strong>Lielv\u0101rdes pamatskolas<br \/>\n<\/strong><strong>konkursa Lab\u0101k\u0101 klase<\/strong><\/p>\n<p style=\"text-align: center;\"><strong>NOLIKUMS<\/strong><\/p>\n<p><strong>M\u0113r\u0137is:<br \/>\n<\/strong>Salied\u0113t klases kolekt\u012bvu vislab\u0101ko rezult\u0101tu sasnieg\u0161anai.<\/p>\n<p><strong>Uzdevumi:\u00a0<\/strong><\/p>\n<ul>\n<li style=\"list-style-type: none;\">\n<ul>\n<li>mudin\u0101t katram ieg\u016bt augst\u0101ku personisko vid\u0113jo atz\u012bmi m\u0101c\u012bbu priek\u0161metos<\/li>\n<li>rosin\u0101t atbalst\u012bt klasesbiedrus m\u0101c\u012bbu proces\u0101<\/li>\n<\/ul>\n<\/li>\n<\/ul>\n<p><strong>Konkurss notiek 2025.\/2026.m\u0101c\u012bbu gad\u0101.<\/strong><\/p>\n<p><strong>Konkursa dal\u012bbnieki<\/strong>: 4. \u2013 9.kla\u0161u kolekt\u012bvi.<\/p>\n<p><strong>V\u0113rt\u0113\u0161anas krit\u0113riji:<\/strong><\/p>\n<p>Uzvaru konkurs\u0101 ieg\u016bst t\u0101 klase, kas ir visvair\u0101k paaugstin\u0101jusi savu vid\u0113jo v\u0113rt\u0113jumu sal\u012bdzinot:<\/p>\n<ul>\n<li>4.klas\u0113m \u2013 1.semestra nosl\u0113guma klases vid\u0113jo v\u0113rt\u0113jumu ar 2.semestra vid\u0113jo v\u0113rt\u0113jumu;<\/li>\n<li>5.-9.klas\u0113m \u2013 iepriek\u0161\u0113j\u0101 un teko\u0161\u0101 m\u0101c\u012bbu gada vid\u0113jos v\u0113rt\u0113jumus.<\/li>\n<\/ul>\n<p><strong>Apbalvo\u0161ana<br \/>\n<\/strong>Uzvar\u0113t\u0101ju klase balv\u0101 sa\u0146em \u201cce\u013cojo\u0161o kausu\u201d.<\/p>\n<p><strong>Konkursa organiz\u0113t\u0101js \u2013\u00a0<\/strong>Lielv\u0101rdes pamatskolas Skol\u0113nu padome<\/p>\n","protected":false},"excerpt":{"rendered":"<p>Lielv\u0101rdes pamatskolas konkursa Lab\u0101k\u0101 klase NOLIKUMS M\u0113r\u0137is: Salied\u0113t klases kolekt\u012bvu vislab\u0101ko rezult\u0101tu sasnieg\u0161anai. Uzdevumi:\u00a0 mudin\u0101t katram ieg\u016bt augst\u0101ku personisko vid\u0113jo atz\u012bmi m\u0101c\u012bbu priek\u0161metos rosin\u0101t atbalst\u012bt klasesbiedrus m\u0101c\u012bbu proces\u0101 Konkurss notiek 2025.\/2026.m\u0101c\u012bbu gad\u0101. Konkursa dal\u012bbnieki: 4. \u2013 9.kla\u0161u kolekt\u012bvi. V\u0113rt\u0113\u0161anas krit\u0113riji: Uzvaru konkurs\u0101 ieg\u016bst t\u0101 klase, kas ir visvair\u0101k paaugstin\u0101jusi savu<span class=\"more-link\"><a href=\"https:\/\/www.lpskola.lv\/?page_id=106\">Uzzin\u0101t vair\u0101k<\/a><\/span><\/p>\n","protected":false},"author":4,"featured_media":0,"parent":0,"menu_order":0,"comment_status":"closed","ping_status":"closed","template":"","meta":{"footnotes":""},"class_list":["entry","author-ilze","post-106","page","type-page","status-publish"],"_links":{"self":[{"href":"https:\/\/www.lpskola.lv\/index.php?rest_route=\/wp\/v2\/pages\/106","targetHints":{"allow":["GET"]}}],"collection":[{"href":"https:\/\/www.lpskola.lv\/index.php?rest_route=\/wp\/v2\/pages"}],"about":[{"href":"https:\/\/www.lpskola.lv\/index.php?rest_route=\/wp\/v2\/types\/page"}],"author":[{"embeddable":true,"href":"https:\/\/www.lpskola.lv\/index.php?rest_route=\/wp\/v2\/users\/4"}],"replies":[{"embeddable":true,"href":"https:\/\/www.lpskola.lv\/index.php?rest_route=%2Fwp%2Fv2%2Fcomments&post=106"}],"version-history":[{"count":10,"href":"https:\/\/www.lpskola.lv\/index.php?rest_route=\/wp\/v2\/pages\/106\/revisions"}],"predecessor-version":[{"id":3529,"href":"https:\/\/www.lpskola.lv\/index.php?rest_route=\/wp\/v2\/pages\/106\/revisions\/3529"}],"wp:attachment":[{"href":"https:\/\/www.lpskola.lv\/index.php?rest_route=%2Fwp%2Fv2%2Fmedia&parent=106"}],"curies":[{"name":"wp","href":"https:\/\/api.w.org\/{rel}","templated":true}]}}